{"id":11177,"date":"2026-03-09T20:39:40","date_gmt":"2026-03-09T23:39:40","guid":{"rendered":"https:\/\/amplitudmodulada.com.ar\/?page_id=11177"},"modified":"2026-03-09T20:47:07","modified_gmt":"2026-03-09T23:47:07","slug":"noticia14200","status":"publish","type":"page","link":"https:\/\/amplitudmodulada.com.ar\/index.php\/noticia14200\/","title":{"rendered":"Radio 10 realizar\u00e1 una transmisi\u00f3n especial por la apertura de las Sesiones Ordinarias"},"content":{"rendered":"\n<figure class=\"wp-block-image size-full\"><img loading=\"lazy\" decoding=\"async\" width=\"126\" height=\"80\" src=\"http:\/\/amplitudmodulada.com.ar\/wp-content\/uploads\/2024\/01\/710-e1704587121920.png\" alt=\"\" class=\"wp-image-122\"\/><\/figure>\n\n\n\n<p>LRL202 Radio 10 realizar\u00e1 este domingo 1 de marzo una transmisi\u00f3n especial desde el Congreso Nacional en el marco de la apertura de las Sesiones Ordinarias.<\/p>\n\n\n\n<p>La transmisi\u00f3n dar\u00e1 comienzo a las 19.00 horas con los preparativos del evento y contar\u00e1 luego con el discurso completo del presidente Javier Milei y su posterior an\u00e1lisis por los distintos profesionales de la emisora.<\/p>\n\n\n\n<p>El equipo period\u00edstico de esta transmisi\u00f3n especial estar\u00e1 integrado por Ra\u00fal Tuni Kollman, Rosario Ayerdi, Florencia Guti\u00e9rrez y Fernando Alonso.<\/p>\n\n\n\n<p>25.02.26<\/p>\n","protected":false},"excerpt":{"rendered":"<p>LRL202 Radio 10 realizar\u00e1 este domingo 1 de marzo una transmisi\u00f3n especial desde el Congreso Nacional en el marco de la apertura de las Sesiones Ordinarias. La transmisi\u00f3n dar\u00e1 comienzo a las 19.00 horas con los preparativos del evento y contar\u00e1 luego con el discurso completo del presidente Javier Milei y su posterior an\u00e1lisis por &hellip; <a href=\"https:\/\/amplitudmodulada.com.ar\/index.php\/noticia14200\/\" class=\"more-link\">Continu\u00e1 leyendo <span class=\"screen-reader-text\">Radio 10 realizar\u00e1 una transmisi\u00f3n especial por la apertura de las Sesiones Ordinarias<\/span><\/a><\/p>\n","protected":false},"author":1,"featured_media":0,"parent":0,"menu_order":0,"comment_status":"closed","ping_status":"closed","template":"","meta":{"footnotes":""},"class_list":["post-11177","page","type-page","status-publish","hentry"],"_links":{"self":[{"href":"https:\/\/amplitudmodulada.com.ar\/index.php\/wp-json\/wp\/v2\/pages\/11177","targetHints":{"allow":["GET"]}}],"collection":[{"href":"https:\/\/amplitudmodulada.com.ar\/index.php\/wp-json\/wp\/v2\/pages"}],"about":[{"href":"https:\/\/amplitudmodulada.com.ar\/index.php\/wp-json\/wp\/v2\/types\/page"}],"author":[{"embeddable":true,"href":"https:\/\/amplitudmodulada.com.ar\/index.php\/wp-json\/wp\/v2\/users\/1"}],"replies":[{"embeddable":true,"href":"https:\/\/amplitudmodulada.com.ar\/index.php\/wp-json\/wp\/v2\/comments?post=11177"}],"version-history":[{"count":3,"href":"https:\/\/amplitudmodulada.com.ar\/index.php\/wp-json\/wp\/v2\/pages\/11177\/revisions"}],"predecessor-version":[{"id":11182,"href":"https:\/\/amplitudmodulada.com.ar\/index.php\/wp-json\/wp\/v2\/pages\/11177\/revisions\/11182"}],"wp:attachment":[{"href":"https:\/\/amplitudmodulada.com.ar\/index.php\/wp-json\/wp\/v2\/media?parent=11177"}],"curies":[{"name":"wp","href":"https:\/\/api.w.org\/{rel}","templated":true}]}}