{"id":1121,"date":"2024-03-03T14:52:10","date_gmt":"2024-03-03T17:52:10","guid":{"rendered":"https:\/\/amplitudmodulada.com.ar\/?page_id=1121"},"modified":"2024-03-03T15:07:59","modified_gmt":"2024-03-03T18:07:59","slug":"noticia12910","status":"publish","type":"page","link":"https:\/\/amplitudmodulada.com.ar\/index.php\/noticia12910\/","title":{"rendered":"Trabajadores de LT15 Radio del Litoral denuncian el pago de sus haberes en cuotas"},"content":{"rendered":"\n<figure class=\"wp-block-image size-full\"><img loading=\"lazy\" decoding=\"async\" width=\"154\" height=\"60\" src=\"http:\/\/amplitudmodulada.com.ar\/wp-content\/uploads\/2024\/03\/LT15-e1709488416642.png\" alt=\"\" class=\"wp-image-1124\"\/><\/figure>\n\n\n\n<p>Trabajadores de LT15 Radio del Litoral de Concordia emitieron este viernes una carta abierta en la que denuncian el pago de sus haberes en cuotas y la falta de aportes jubilatorios.<\/p>\n\n\n\n<p>&#8220;Hace casi veinte a\u00f1os que las y los trabajadores de LT15 venimos cobrando el sueldo en cuotas fuera de t\u00e9rmino, percibiendo m\u00ednimas cifras semana tras semana hasta los \u00faltimos d\u00edas del mes&#8221;, denuncia la carta abierta.<\/p>\n\n\n\n<p>La misma, se\u00f1ala, adem\u00e1s que &#8220;para colmo de males, nos roban parte del salario porque con lo que nos descuentan para obra social y jubilaciones no hacen el aporte correspondiente&#8221; y a\u00f1ade que &#8220;no s\u00f3lo nos roban sino que juegan con nuestra salud y nuestro futuro jubilatorio&#8221;.<\/p>\n\n\n\n<p>En ese sentido, los trabajadores de LT15 aseguran que &#8220;la Secretar\u00eda de Trabajo de la provincia tambi\u00e9n ha cumplido un papel lamentable durante todas las gestiones en estas dos d\u00e9cadas dejando pasar esta aberraci\u00f3n&#8221;.<\/p>\n\n\n\n<p>&#8220;Es por esto que instamos a que cumpla con su papel de manera urgente. Primeramente, que llame a las partes a audiencia para resolver este conflicto y por otro, ya con dos d\u00e9cadas de pruebas irrefutables de un avasallamiento de derechos en materia laboral y salarial, dictamine jur\u00eddicamente contra la empresa de una vez por todas&#8221;, agregan los trabajadores de la emisora de Concordia.<\/p>\n\n\n\n<p>Fuente: <a href=\"http:\/\/www,elentrerios.com\" data-type=\"link\" data-id=\"www,elentrerios.com\" target=\"_blank\" rel=\"noreferrer noopener\">www.elentrerios.com<\/a> | Col\u00f3n &#8211; Entre R\u00edos | 16.02.24<\/p>\n","protected":false},"excerpt":{"rendered":"<p>Trabajadores de LT15 Radio del Litoral de Concordia emitieron este viernes una carta abierta en la que denuncian el pago de sus haberes en cuotas y la falta de aportes jubilatorios. &#8220;Hace casi veinte a\u00f1os que las y los trabajadores de LT15 venimos cobrando el sueldo en cuotas fuera de t\u00e9rmino, percibiendo m\u00ednimas cifras semana &hellip; <a href=\"https:\/\/amplitudmodulada.com.ar\/index.php\/noticia12910\/\" class=\"more-link\">Continu\u00e1 leyendo <span class=\"screen-reader-text\">Trabajadores de LT15 Radio del Litoral denuncian el pago de sus haberes en cuotas<\/span><\/a><\/p>\n","protected":false},"author":1,"featured_media":0,"parent":0,"menu_order":0,"comment_status":"closed","ping_status":"closed","template":"","meta":{"footnotes":""},"class_list":["post-1121","page","type-page","status-publish","hentry"],"_links":{"self":[{"href":"https:\/\/amplitudmodulada.com.ar\/index.php\/wp-json\/wp\/v2\/pages\/1121","targetHints":{"allow":["GET"]}}],"collection":[{"href":"https:\/\/amplitudmodulada.com.ar\/index.php\/wp-json\/wp\/v2\/pages"}],"about":[{"href":"https:\/\/amplitudmodulada.com.ar\/index.php\/wp-json\/wp\/v2\/types\/page"}],"author":[{"embeddable":true,"href":"https:\/\/amplitudmodulada.com.ar\/index.php\/wp-json\/wp\/v2\/users\/1"}],"replies":[{"embeddable":true,"href":"https:\/\/amplitudmodulada.com.ar\/index.php\/wp-json\/wp\/v2\/comments?post=1121"}],"version-history":[{"count":4,"href":"https:\/\/amplitudmodulada.com.ar\/index.php\/wp-json\/wp\/v2\/pages\/1121\/revisions"}],"predecessor-version":[{"id":1128,"href":"https:\/\/amplitudmodulada.com.ar\/index.php\/wp-json\/wp\/v2\/pages\/1121\/revisions\/1128"}],"wp:attachment":[{"href":"https:\/\/amplitudmodulada.com.ar\/index.php\/wp-json\/wp\/v2\/media?parent=1121"}],"curies":[{"name":"wp","href":"https:\/\/api.w.org\/{rel}","templated":true}]}}