{"id":11271,"date":"2026-03-17T07:59:47","date_gmt":"2026-03-17T10:59:47","guid":{"rendered":"https:\/\/amplitudmodulada.com.ar\/?page_id=11271"},"modified":"2026-03-17T08:20:58","modified_gmt":"2026-03-17T11:20:58","slug":"noticia14212","status":"publish","type":"page","link":"https:\/\/amplitudmodulada.com.ar\/index.php\/noticia14212\/","title":{"rendered":"Sali\u00f3 al aire la primera emisi\u00f3n del programa &#8220;Amamos Argentina&#8221;"},"content":{"rendered":"\n<figure class=\"wp-block-image size-full\"><img loading=\"lazy\" decoding=\"async\" width=\"169\" height=\"55\" src=\"http:\/\/amplitudmodulada.com.ar\/wp-content\/uploads\/2024\/02\/cadena3-e1709142729643.png\" alt=\"\" class=\"wp-image-1072\"\/><\/figure>\n\n\n\n<p>Con la conducci\u00f3n del periodista espa\u00f1ol Jos\u00e9 Mar\u00eda Chema Forte, sali\u00f3 al aire este lunes 2 de marzo en Cadena 3 la primera emisi\u00f3n del programa &#8220;Amamos Argentina&#8221;.<\/p>\n\n\n\n<p>El nuevo ciclo radial ir\u00b4a de lunes a viernes de 20.30 a 21.30 y en cada emisi\u00f3n de &#8220;Amamos Argentina&#8221;, Chema Forte estar\u00e1 acompa\u00f1ado en la conducci\u00f3n del programa por Agust\u00edn Gonz\u00e1lez.<\/p>\n\n\n\n<p>La primera emisi\u00f3n de &#8220;Amamos Argentina&#8221; sali\u00f3 al aire desde el Cabildo de C\u00f3rdoba y estuvieron presentes, adem\u00e1s, Jorge Parodi, periodista de Cadena 3 especializado en deportes, Ver\u00f3nica Maslup y las columnas de Alejandro Mareco.<\/p>\n\n\n\n<p>En el debut de &#8220;Amamos Argentina&#8221;, el periodista espa\u00f1ol indic\u00f3 que el suyo es un programa colectivo, en el que la audiencia podr\u00e1 participar activamente.<\/p>\n\n\n\n<p>La propuesta ser\u00e1 contar historias que interesen a los oyentes, siempre con un enfoque positivo y constructivo.<\/p>\n\n\n\n<p>Fuente: <a href=\"http:\/\/www.cadena3.com\" data-type=\"link\" data-id=\"www.cadena3.com\" target=\"_blank\" rel=\"noreferrer noopener\">www.cadena3.com<\/a> | C\u00f3rdoba &#8211; C\u00f3rdoba | 03.03.26<\/p>\n\n\n\n<p><\/p>\n","protected":false},"excerpt":{"rendered":"<p>Con la conducci\u00f3n del periodista espa\u00f1ol Jos\u00e9 Mar\u00eda Chema Forte, sali\u00f3 al aire este lunes 2 de marzo en Cadena 3 la primera emisi\u00f3n del programa &#8220;Amamos Argentina&#8221;. El nuevo ciclo radial ir\u00b4a de lunes a viernes de 20.30 a 21.30 y en cada emisi\u00f3n de &#8220;Amamos Argentina&#8221;, Chema Forte estar\u00e1 acompa\u00f1ado en la conducci\u00f3n &hellip; <a href=\"https:\/\/amplitudmodulada.com.ar\/index.php\/noticia14212\/\" class=\"more-link\">Continu\u00e1 leyendo <span class=\"screen-reader-text\">Sali\u00f3 al aire la primera emisi\u00f3n del programa &#8220;Amamos Argentina&#8221;<\/span><\/a><\/p>\n","protected":false},"author":1,"featured_media":0,"parent":0,"menu_order":0,"comment_status":"closed","ping_status":"closed","template":"","meta":{"footnotes":""},"class_list":["post-11271","page","type-page","status-publish","hentry"],"_links":{"self":[{"href":"https:\/\/amplitudmodulada.com.ar\/index.php\/wp-json\/wp\/v2\/pages\/11271","targetHints":{"allow":["GET"]}}],"collection":[{"href":"https:\/\/amplitudmodulada.com.ar\/index.php\/wp-json\/wp\/v2\/pages"}],"about":[{"href":"https:\/\/amplitudmodulada.com.ar\/index.php\/wp-json\/wp\/v2\/types\/page"}],"author":[{"embeddable":true,"href":"https:\/\/amplitudmodulada.com.ar\/index.php\/wp-json\/wp\/v2\/users\/1"}],"replies":[{"embeddable":true,"href":"https:\/\/amplitudmodulada.com.ar\/index.php\/wp-json\/wp\/v2\/comments?post=11271"}],"version-history":[{"count":3,"href":"https:\/\/amplitudmodulada.com.ar\/index.php\/wp-json\/wp\/v2\/pages\/11271\/revisions"}],"predecessor-version":[{"id":11275,"href":"https:\/\/amplitudmodulada.com.ar\/index.php\/wp-json\/wp\/v2\/pages\/11271\/revisions\/11275"}],"wp:attachment":[{"href":"https:\/\/amplitudmodulada.com.ar\/index.php\/wp-json\/wp\/v2\/media?parent=11271"}],"curies":[{"name":"wp","href":"https:\/\/api.w.org\/{rel}","templated":true}]}}