{"id":11289,"date":"2026-03-18T20:24:17","date_gmt":"2026-03-18T23:24:17","guid":{"rendered":"https:\/\/amplitudmodulada.com.ar\/?page_id=11289"},"modified":"2026-03-18T20:41:05","modified_gmt":"2026-03-18T23:41:05","slug":"noticia14214","status":"publish","type":"page","link":"https:\/\/amplitudmodulada.com.ar\/index.php\/noticia14214\/","title":{"rendered":"El Bocha Houriet anunci\u00f3 que su retiro ser\u00e1 en Cadena 3"},"content":{"rendered":"\n<figure class=\"wp-block-image size-full\"><img loading=\"lazy\" decoding=\"async\" width=\"169\" height=\"55\" src=\"http:\/\/amplitudmodulada.com.ar\/wp-content\/uploads\/2024\/02\/cadena3-e1709142729643.png\" alt=\"\" class=\"wp-image-1072\"\/><\/figure>\n\n\n\n<p>En di\u00e1logo con el programa &#8220;Siempre Juntos&#8221;, Carlos Andr\u00e9s El Bocha Houriet, la voz emblem\u00e1tica del f\u00fatbol en Cadena 3, anunci\u00f3 que su retiro se har\u00e1 efectivo en esa emisora.<\/p>\n\n\n\n<p>El relator puso en valor el acompa\u00f1amiento de la radio en sus momentos m\u00e1s cr\u00edticos y se refiri\u00f3 a las intervenciones card\u00edacas que marcaron un antes y un despu\u00e9s en su vida.<\/p>\n\n\n\n<p>&#8220;No hablo de cu\u00e1ndo. Hay un hecho que tiene que ver con mi salud. Ah\u00ed se ve quien est\u00e1 y qui\u00e9n no. Y la radio se qued\u00f3&#8221;, explic\u00f3.<\/p>\n\n\n\n<p>En ese sentido, record\u00f3 que &#8220;luego del Mundial de Qatar he tenido ofertas para emigrar, buscar otros horizontes&#8221; y a\u00f1adi\u00f3 que &#8220;me llam\u00f3 la atenci\u00f3n que a esta edad reciba ese orgullo de sentirme querido en otros lugares&#8221;.<\/p>\n\n\n\n<p>&#8220;Me retiro no s\u00e9 cu\u00e1ndo, pero s\u00ed s\u00e9 d\u00f3nde. Ya lo decid\u00ed. No especulo. Aunque no me convenga, tengo que decir que a trav\u00e9s de los gestos que las autoridades han hecho,  elijo retirarme en esta radio&#8221;, asegur\u00f3.<\/p>\n\n\n\n<p>Por \u00faltimo, reiter\u00f3 que su pasi\u00f3n por el relato sigue intacta y anunci\u00f3 que ir\u00e1 al pr\u00f3ximo Mundial &#8220;con 63 a\u00f1os y cuatro bypass&#8221;.<\/p>\n\n\n\n<p>Fuente: <a href=\"http:\/\/www.cadena3.com\" data-type=\"link\" data-id=\"www.cadena3.com\" target=\"_blank\" rel=\"noreferrer noopener\">www.cadena3.com<\/a> | C\u00f3rdoba &#8211; C\u00f2rdoba | 04.03.26<\/p>\n\n\n\n<p>                                                                                                                 <\/p>\n\n\n\n<p><\/p>\n","protected":false},"excerpt":{"rendered":"<p>En di\u00e1logo con el programa &#8220;Siempre Juntos&#8221;, Carlos Andr\u00e9s El Bocha Houriet, la voz emblem\u00e1tica del f\u00fatbol en Cadena 3, anunci\u00f3 que su retiro se har\u00e1 efectivo en esa emisora. El relator puso en valor el acompa\u00f1amiento de la radio en sus momentos m\u00e1s cr\u00edticos y se refiri\u00f3 a las intervenciones card\u00edacas que marcaron un &hellip; <a href=\"https:\/\/amplitudmodulada.com.ar\/index.php\/noticia14214\/\" class=\"more-link\">Continu\u00e1 leyendo <span class=\"screen-reader-text\">El Bocha Houriet anunci\u00f3 que su retiro ser\u00e1 en Cadena 3<\/span><\/a><\/p>\n","protected":false},"author":1,"featured_media":0,"parent":0,"menu_order":0,"comment_status":"closed","ping_status":"closed","template":"","meta":{"footnotes":""},"class_list":["post-11289","page","type-page","status-publish","hentry"],"_links":{"self":[{"href":"https:\/\/amplitudmodulada.com.ar\/index.php\/wp-json\/wp\/v2\/pages\/11289","targetHints":{"allow":["GET"]}}],"collection":[{"href":"https:\/\/amplitudmodulada.com.ar\/index.php\/wp-json\/wp\/v2\/pages"}],"about":[{"href":"https:\/\/amplitudmodulada.com.ar\/index.php\/wp-json\/wp\/v2\/types\/page"}],"author":[{"embeddable":true,"href":"https:\/\/amplitudmodulada.com.ar\/index.php\/wp-json\/wp\/v2\/users\/1"}],"replies":[{"embeddable":true,"href":"https:\/\/amplitudmodulada.com.ar\/index.php\/wp-json\/wp\/v2\/comments?post=11289"}],"version-history":[{"count":5,"href":"https:\/\/amplitudmodulada.com.ar\/index.php\/wp-json\/wp\/v2\/pages\/11289\/revisions"}],"predecessor-version":[{"id":11297,"href":"https:\/\/amplitudmodulada.com.ar\/index.php\/wp-json\/wp\/v2\/pages\/11289\/revisions\/11297"}],"wp:attachment":[{"href":"https:\/\/amplitudmodulada.com.ar\/index.php\/wp-json\/wp\/v2\/media?parent=11289"}],"curies":[{"name":"wp","href":"https:\/\/api.w.org\/{rel}","templated":true}]}}