{"id":11310,"date":"2026-03-20T08:13:49","date_gmt":"2026-03-20T11:13:49","guid":{"rendered":"https:\/\/amplitudmodulada.com.ar\/?page_id=11310"},"modified":"2026-03-20T08:26:05","modified_gmt":"2026-03-20T11:26:05","slug":"noticia14216","status":"publish","type":"page","link":"https:\/\/amplitudmodulada.com.ar\/index.php\/noticia14216\/","title":{"rendered":"El periodista Nelson Castro viaja a Medio Oriente para cubrir la guerra"},"content":{"rendered":"\n<figure class=\"wp-block-image size-full\"><img loading=\"lazy\" decoding=\"async\" width=\"174\" height=\"60\" src=\"http:\/\/amplitudmodulada.com.ar\/wp-content\/uploads\/2024\/01\/630-e1704586384620.png\" alt=\"\" class=\"wp-image-115\"\/><\/figure>\n\n\n\n<p>El periodista Nelson Castro viajar\u00e1 este jueves a Medio Oriente para realizar una cobertura especial de la guerra desatada el pasado fin de semana.<\/p>\n\n\n\n<p>Desde esa regi\u00f3n, el periodista de LS5 Radio Rivadavia, Canal Trece y TN informar\u00e1 sobre el desarrollo del conflicto b\u00e9lico que comenz\u00f3 este s\u00e1bado tras el ataque de Estados Unidos e Israel a Ir\u00e1n.<\/p>\n\n\n\n<p>Nelson Castro es una de las figuras m\u00e1s reconocidas del periodismo argentino.<\/p>\n\n\n\n<p>Actualmente conduce el noticiero de Canal Trece, el programa &#8220;El Corresponsal&#8221; en la se\u00f1al TN y el ciclo radial &#8220;Vamos Rivadavia&#8221; en Radio Rivadavia.<\/p>\n\n\n\n<p>Nacido el 5 de abril de 1955 en San Mart\u00edn, provincia de Buenos Aires, Nelson Castro es adem\u00e1s de periodista m\u00e9dico neur\u00f3logo, escritor y analista pol\u00edtico.<\/p>\n\n\n\n<p>A lo largo de su carrera realiz\u00f3 coberturas internacionales y fue distinguido con varios premios, entre ellos varios Mart\u00edn Fierro y el Konex de Platino.<\/p>\n\n\n\n<p>04.03.26<\/p>\n","protected":false},"excerpt":{"rendered":"<p>El periodista Nelson Castro viajar\u00e1 este jueves a Medio Oriente para realizar una cobertura especial de la guerra desatada el pasado fin de semana. Desde esa regi\u00f3n, el periodista de LS5 Radio Rivadavia, Canal Trece y TN informar\u00e1 sobre el desarrollo del conflicto b\u00e9lico que comenz\u00f3 este s\u00e1bado tras el ataque de Estados Unidos e &hellip; <a href=\"https:\/\/amplitudmodulada.com.ar\/index.php\/noticia14216\/\" class=\"more-link\">Continu\u00e1 leyendo <span class=\"screen-reader-text\">El periodista Nelson Castro viaja a Medio Oriente para cubrir la guerra<\/span><\/a><\/p>\n","protected":false},"author":1,"featured_media":0,"parent":0,"menu_order":0,"comment_status":"closed","ping_status":"closed","template":"","meta":{"footnotes":""},"class_list":["post-11310","page","type-page","status-publish","hentry"],"_links":{"self":[{"href":"https:\/\/amplitudmodulada.com.ar\/index.php\/wp-json\/wp\/v2\/pages\/11310","targetHints":{"allow":["GET"]}}],"collection":[{"href":"https:\/\/amplitudmodulada.com.ar\/index.php\/wp-json\/wp\/v2\/pages"}],"about":[{"href":"https:\/\/amplitudmodulada.com.ar\/index.php\/wp-json\/wp\/v2\/types\/page"}],"author":[{"embeddable":true,"href":"https:\/\/amplitudmodulada.com.ar\/index.php\/wp-json\/wp\/v2\/users\/1"}],"replies":[{"embeddable":true,"href":"https:\/\/amplitudmodulada.com.ar\/index.php\/wp-json\/wp\/v2\/comments?post=11310"}],"version-history":[{"count":3,"href":"https:\/\/amplitudmodulada.com.ar\/index.php\/wp-json\/wp\/v2\/pages\/11310\/revisions"}],"predecessor-version":[{"id":11315,"href":"https:\/\/amplitudmodulada.com.ar\/index.php\/wp-json\/wp\/v2\/pages\/11310\/revisions\/11315"}],"wp:attachment":[{"href":"https:\/\/amplitudmodulada.com.ar\/index.php\/wp-json\/wp\/v2\/media?parent=11310"}],"curies":[{"name":"wp","href":"https:\/\/api.w.org\/{rel}","templated":true}]}}