{"id":11318,"date":"2026-03-21T09:27:07","date_gmt":"2026-03-21T12:27:07","guid":{"rendered":"https:\/\/amplitudmodulada.com.ar\/?page_id=11318"},"modified":"2026-03-21T09:37:59","modified_gmt":"2026-03-21T12:37:59","slug":"noticia14217","status":"publish","type":"page","link":"https:\/\/amplitudmodulada.com.ar\/index.php\/noticia14217\/","title":{"rendered":"Muere Mario C\u00e9sar Rom\u00e1n, hist\u00f3rico operador de LU12 Radio R\u00edo Gallegos"},"content":{"rendered":"\n<figure class=\"wp-block-image size-full\"><img loading=\"lazy\" decoding=\"async\" width=\"180\" height=\"72\" src=\"http:\/\/amplitudmodulada.com.ar\/wp-content\/uploads\/2025\/01\/LU12-e1736508080496.png\" alt=\"\" class=\"wp-image-5262\"\/><\/figure>\n\n\n\n<p>A los 71 a\u00f1os de edad, falleci\u00f3 el hist\u00f3rico operador de LU12 Radio R\u00edo Gallegos, Mario C\u00e9sar Rom\u00e1n. Su partida gener\u00f3 conmoci\u00f3n en R\u00edo Gallegos, especialmente entre colegas y trabajadores de medios de comunicaci\u00f3n.<\/p>\n\n\n\n<p>Mario C\u00e9sar Rom\u00e1n se desempe\u00f1\u00f3 en la emisora de Amplitud Modulada durante veinte a\u00f1os.<\/p>\n\n\n\n<p>La periodista Irene Stur, quien recientemente se jubil\u00f3 en el mismo medio, record\u00f3 en las redes sociales a Mario C\u00e9sar Rom\u00e1n.<\/p>\n\n\n\n<p>&#8220;Fue, en mis inicios radiales en FM L\u00e1ser, mi operador. Mi m\u00e1s sentido p\u00e9same a su familia. Adi\u00f3s Mario C\u00e9sar. Que sigas operando desde arriba&#8221;, escribi\u00f3.<\/p>\n\n\n\n<p>La noticia provoc\u00f3 profunda tristeza entre vecinos de la capital de Santa Cruz, quienes tambi\u00e9n acompa\u00f1aron la publicaci\u00f3n de Irene Stur con distintos comentarios de despedida.<\/p>\n\n\n\n<p>Fuente: <a href=\"http:\/\/www.laopinionaustral.com.ar\" data-type=\"link\" data-id=\"www.laopinionaustral.com.ar\" target=\"_blank\" rel=\"noreferrer noopener\">www.laopinionaustral.com.ar<\/a> | R\u00edo Gallegos &#8211; Santa Cruz | 05.03.26<\/p>\n\n\n\n<p><\/p>\n","protected":false},"excerpt":{"rendered":"<p>A los 71 a\u00f1os de edad, falleci\u00f3 el hist\u00f3rico operador de LU12 Radio R\u00edo Gallegos, Mario C\u00e9sar Rom\u00e1n. Su partida gener\u00f3 conmoci\u00f3n en R\u00edo Gallegos, especialmente entre colegas y trabajadores de medios de comunicaci\u00f3n. Mario C\u00e9sar Rom\u00e1n se desempe\u00f1\u00f3 en la emisora de Amplitud Modulada durante veinte a\u00f1os. La periodista Irene Stur, quien recientemente se &hellip; <a href=\"https:\/\/amplitudmodulada.com.ar\/index.php\/noticia14217\/\" class=\"more-link\">Continu\u00e1 leyendo <span class=\"screen-reader-text\">Muere Mario C\u00e9sar Rom\u00e1n, hist\u00f3rico operador de LU12 Radio R\u00edo Gallegos<\/span><\/a><\/p>\n","protected":false},"author":1,"featured_media":0,"parent":0,"menu_order":0,"comment_status":"closed","ping_status":"closed","template":"","meta":{"footnotes":""},"class_list":["post-11318","page","type-page","status-publish","hentry"],"_links":{"self":[{"href":"https:\/\/amplitudmodulada.com.ar\/index.php\/wp-json\/wp\/v2\/pages\/11318","targetHints":{"allow":["GET"]}}],"collection":[{"href":"https:\/\/amplitudmodulada.com.ar\/index.php\/wp-json\/wp\/v2\/pages"}],"about":[{"href":"https:\/\/amplitudmodulada.com.ar\/index.php\/wp-json\/wp\/v2\/types\/page"}],"author":[{"embeddable":true,"href":"https:\/\/amplitudmodulada.com.ar\/index.php\/wp-json\/wp\/v2\/users\/1"}],"replies":[{"embeddable":true,"href":"https:\/\/amplitudmodulada.com.ar\/index.php\/wp-json\/wp\/v2\/comments?post=11318"}],"version-history":[{"count":2,"href":"https:\/\/amplitudmodulada.com.ar\/index.php\/wp-json\/wp\/v2\/pages\/11318\/revisions"}],"predecessor-version":[{"id":11321,"href":"https:\/\/amplitudmodulada.com.ar\/index.php\/wp-json\/wp\/v2\/pages\/11318\/revisions\/11321"}],"wp:attachment":[{"href":"https:\/\/amplitudmodulada.com.ar\/index.php\/wp-json\/wp\/v2\/media?parent=11318"}],"curies":[{"name":"wp","href":"https:\/\/api.w.org\/{rel}","templated":true}]}}