{"id":11324,"date":"2026-03-21T09:50:35","date_gmt":"2026-03-21T12:50:35","guid":{"rendered":"https:\/\/amplitudmodulada.com.ar\/?page_id=11324"},"modified":"2026-03-21T10:00:18","modified_gmt":"2026-03-21T13:00:18","slug":"noticia14218","status":"publish","type":"page","link":"https:\/\/amplitudmodulada.com.ar\/index.php\/noticia14218\/","title":{"rendered":"Arranca la nueva programaci\u00f3n de Radio Provincia de Buenos Aires"},"content":{"rendered":"\n<figure class=\"wp-block-image size-full\"><img loading=\"lazy\" decoding=\"async\" width=\"120\" height=\"120\" src=\"http:\/\/amplitudmodulada.com.ar\/wp-content\/uploads\/2024\/01\/1270-e1706133975157.png\" alt=\"\" class=\"wp-image-597\"\/><\/figure>\n\n\n\n<p>Con una grilla renovada y la continuidad de viejos ciclos, arranca el pr\u00f3ximo lunes la nueva grilla de programaci\u00f3n de LS11 Radio Provincia de Buenos Aires.<\/p>\n\n\n\n<p>La ma\u00f1ana informativa comienza con &#8220;No Duerman&#8221;, de 6.00 a 7.00 horas, con Patricia Bert\u00edn.<\/p>\n\n\n\n<p>A continuaci\u00f3n, &#8220;Napalm&#8221;, el cl\u00e1sico de la primera ma\u00f1ana con Rinconet y Felicitas Bonavitta, de 7.00 a 9.00 horas.<\/p>\n\n\n\n<p>La agenda de noticias se completa con &#8220;Es un Mont\u00f3n&#8221; , de 9.00 a 11.00, y con la s\u00e9ptima temporada de &#8220;Todo ese Ruido&#8221;, de 11.00 a 13.00 horas.<\/p>\n\n\n\n<p>Por la tarde, Vanesa \u00c1balos, Mat\u00edas S\u00e1ez y Federico Pesci presentan &#8220;La Siesta es Sagrada&#8221; de 15.00 a 17.00 y luego toman la posta Sabrina Carrasco y Albino Aguirre con &#8220;El Repaso&#8221;, el resumen informativo del d\u00eda, de 17.00 a 19.00 horas.<\/p>\n\n\n\n<p>Por las noches se emitir\u00e1n distintos ciclos cada d\u00eda de la semana, entre ellos, &#8220;Perdidos en el Espacio&#8221;, &#8220;Una Casa con Diez Pinos&#8221;, &#8220;Historia Nocturna&#8221;, &#8220;Laboratorio de Ideas&#8221; y &#8220;El Holograma y la Anchoa&#8221;.<\/p>\n\n\n\n<p>Fuente: <a href=\"http:\/\/www.dib.com.ar\" data-type=\"link\" data-id=\"www.dib.com.ar\" target=\"_blank\" rel=\"noreferrer noopener\">www.dib.com.ar<\/a> | La Plata &#8211; Buenos Aires | 06.03.26<\/p>\n\n\n\n<p><\/p>\n","protected":false},"excerpt":{"rendered":"<p>Con una grilla renovada y la continuidad de viejos ciclos, arranca el pr\u00f3ximo lunes la nueva grilla de programaci\u00f3n de LS11 Radio Provincia de Buenos Aires. La ma\u00f1ana informativa comienza con &#8220;No Duerman&#8221;, de 6.00 a 7.00 horas, con Patricia Bert\u00edn. A continuaci\u00f3n, &#8220;Napalm&#8221;, el cl\u00e1sico de la primera ma\u00f1ana con Rinconet y Felicitas Bonavitta, &hellip; <a href=\"https:\/\/amplitudmodulada.com.ar\/index.php\/noticia14218\/\" class=\"more-link\">Continu\u00e1 leyendo <span class=\"screen-reader-text\">Arranca la nueva programaci\u00f3n de Radio Provincia de Buenos Aires<\/span><\/a><\/p>\n","protected":false},"author":1,"featured_media":0,"parent":0,"menu_order":0,"comment_status":"closed","ping_status":"closed","template":"","meta":{"footnotes":""},"class_list":["post-11324","page","type-page","status-publish","hentry"],"_links":{"self":[{"href":"https:\/\/amplitudmodulada.com.ar\/index.php\/wp-json\/wp\/v2\/pages\/11324","targetHints":{"allow":["GET"]}}],"collection":[{"href":"https:\/\/amplitudmodulada.com.ar\/index.php\/wp-json\/wp\/v2\/pages"}],"about":[{"href":"https:\/\/amplitudmodulada.com.ar\/index.php\/wp-json\/wp\/v2\/types\/page"}],"author":[{"embeddable":true,"href":"https:\/\/amplitudmodulada.com.ar\/index.php\/wp-json\/wp\/v2\/users\/1"}],"replies":[{"embeddable":true,"href":"https:\/\/amplitudmodulada.com.ar\/index.php\/wp-json\/wp\/v2\/comments?post=11324"}],"version-history":[{"count":2,"href":"https:\/\/amplitudmodulada.com.ar\/index.php\/wp-json\/wp\/v2\/pages\/11324\/revisions"}],"predecessor-version":[{"id":11327,"href":"https:\/\/amplitudmodulada.com.ar\/index.php\/wp-json\/wp\/v2\/pages\/11324\/revisions\/11327"}],"wp:attachment":[{"href":"https:\/\/amplitudmodulada.com.ar\/index.php\/wp-json\/wp\/v2\/media?parent=11324"}],"curies":[{"name":"wp","href":"https:\/\/api.w.org\/{rel}","templated":true}]}}