{"id":11331,"date":"2026-04-02T18:23:52","date_gmt":"2026-04-02T21:23:52","guid":{"rendered":"https:\/\/amplitudmodulada.com.ar\/?page_id=11331"},"modified":"2026-04-03T21:03:50","modified_gmt":"2026-04-04T00:03:50","slug":"noticia14219","status":"publish","type":"page","link":"https:\/\/amplitudmodulada.com.ar\/index.php\/noticia14219\/","title":{"rendered":"AM Cumbre lanz\u00f3 su nueva grilla de programaci\u00f3n"},"content":{"rendered":"\n<figure class=\"wp-block-image size-full\"><img loading=\"lazy\" decoding=\"async\" width=\"180\" height=\"65\" src=\"http:\/\/amplitudmodulada.com.ar\/wp-content\/uploads\/2024\/05\/LRG202-e1715040887769.png\" alt=\"\" class=\"wp-image-1903\"\/><\/figure>\n\n\n\n<p>En el marco de la presentaci\u00f3n de las distintas novedades que afectan a sus medios, el Grupo Cumbre anunci\u00f3 este lunes 9 de marzo la renovaci\u00f3n t\u00e9cnica y period\u00edstica de LRG202 AM Cumbre de Neuqu\u00e9n.<\/p>\n\n\n\n<p>El Grupo Cumbre dio a conocer una importante inversi\u00f3n en equipamiento t\u00e9cnico, especialmente con la mudanza de la antena de emisi\u00f3n de AM Cumbre, que ampli\u00f3 de esta manera su cobertura y potencia en las provincias de Neuqu\u00e9n, R\u00edo Negro y parte de La Pampa.<\/p>\n\n\n\n<p>En ese sentido, Luis Garc\u00eda, nuevo gerente del Grupo Cumbre, destac\u00f3 esta obra y el acompa\u00f1amiento de la empresa y del personal, que colabor\u00f3 desde septiembre pasado para alcanzar este logro.<\/p>\n\n\n\n<p>La nueva programaci\u00f3n de AM Cumbre comenzar\u00e1 a las 6.00 horas con &#8220;La Antesala&#8221;  y continuar\u00e1 a las 7.00 horas con &#8220;Nada Sucede Dos Veces&#8221;.<\/p>\n\n\n\n<p>A las 10.00 se presentar\u00e1 &#8220;La Sana Costumbre&#8221;, en tanto que a las 13.00 horas dar\u00e1 comienzo &#8220;Avi\u00f3n sin Nafta&#8221;.<\/p>\n\n\n\n<p>A partir de las 16.00 horas se emitir\u00e1 &#8220;M\u00e1s Vale Tarde&#8221; y a las 18.00 horas ser\u00e1 el turno de &#8220;Cumbre Deportiva&#8221;.<\/p>\n\n\n\n<p>Fuente: <a href=\"http:\/\/www.alertadigital.ar\" data-type=\"link\" data-id=\"www.alertadigital.ar\" target=\"_blank\" rel=\"noreferrer noopener\">www.alertadigital.ar<\/a> | Neuqu\u00e9n &#8211; Neuqu\u00e9n | 09.03.26<\/p>\n\n\n\n<p><\/p>\n","protected":false},"excerpt":{"rendered":"<p>En el marco de la presentaci\u00f3n de las distintas novedades que afectan a sus medios, el Grupo Cumbre anunci\u00f3 este lunes 9 de marzo la renovaci\u00f3n t\u00e9cnica y period\u00edstica de LRG202 AM Cumbre de Neuqu\u00e9n. El Grupo Cumbre dio a conocer una importante inversi\u00f3n en equipamiento t\u00e9cnico, especialmente con la mudanza de la antena de &hellip; <a href=\"https:\/\/amplitudmodulada.com.ar\/index.php\/noticia14219\/\" class=\"more-link\">Continu\u00e1 leyendo <span class=\"screen-reader-text\">AM Cumbre lanz\u00f3 su nueva grilla de programaci\u00f3n<\/span><\/a><\/p>\n","protected":false},"author":1,"featured_media":0,"parent":0,"menu_order":0,"comment_status":"closed","ping_status":"closed","template":"","meta":{"footnotes":""},"class_list":["post-11331","page","type-page","status-publish","hentry"],"_links":{"self":[{"href":"https:\/\/amplitudmodulada.com.ar\/index.php\/wp-json\/wp\/v2\/pages\/11331","targetHints":{"allow":["GET"]}}],"collection":[{"href":"https:\/\/amplitudmodulada.com.ar\/index.php\/wp-json\/wp\/v2\/pages"}],"about":[{"href":"https:\/\/amplitudmodulada.com.ar\/index.php\/wp-json\/wp\/v2\/types\/page"}],"author":[{"embeddable":true,"href":"https:\/\/amplitudmodulada.com.ar\/index.php\/wp-json\/wp\/v2\/users\/1"}],"replies":[{"embeddable":true,"href":"https:\/\/amplitudmodulada.com.ar\/index.php\/wp-json\/wp\/v2\/comments?post=11331"}],"version-history":[{"count":4,"href":"https:\/\/amplitudmodulada.com.ar\/index.php\/wp-json\/wp\/v2\/pages\/11331\/revisions"}],"predecessor-version":[{"id":11338,"href":"https:\/\/amplitudmodulada.com.ar\/index.php\/wp-json\/wp\/v2\/pages\/11331\/revisions\/11338"}],"wp:attachment":[{"href":"https:\/\/amplitudmodulada.com.ar\/index.php\/wp-json\/wp\/v2\/media?parent=11331"}],"curies":[{"name":"wp","href":"https:\/\/api.w.org\/{rel}","templated":true}]}}