{"id":11360,"date":"2026-04-04T20:16:35","date_gmt":"2026-04-04T23:16:35","guid":{"rendered":"https:\/\/amplitudmodulada.com.ar\/?page_id=11360"},"modified":"2026-04-04T20:29:47","modified_gmt":"2026-04-04T23:29:47","slug":"noticia14223","status":"publish","type":"page","link":"https:\/\/amplitudmodulada.com.ar\/index.php\/noticia14223\/","title":{"rendered":"Se cumplen cincuenta y tres a\u00f1os de la primera emisi\u00f3n de LT32 Radio Chivilcoy"},"content":{"rendered":"\n<figure class=\"wp-block-image size-full\"><img loading=\"lazy\" decoding=\"async\" width=\"180\" height=\"74\" src=\"http:\/\/amplitudmodulada.com.ar\/wp-content\/uploads\/2025\/08\/LT32-e1755043727802.png\" alt=\"\" class=\"wp-image-8220\"\/><\/figure>\n\n\n\n<p>Se cumplen este martes 10 de marzo cincuenta y tres a\u00f1os de la primera emisi\u00f3n de LT32 Radio Chivilcoy. La emisora sale al aire en 1550 Khz.<\/p>\n\n\n\n<p>La historia de Radio Chivilcoy se remonta al mes de octubre de 1970, cuando el gobierno nacional efectu\u00f3 un llamado a concurso para la instalaci\u00f3n de emisoras radiales en el interior del pa\u00eds.<\/p>\n\n\n\n<p>La licencia para operar Radio Chivilcoy fue adjudicada el 26 de noviembre de 1971 a Rafael Alberto M\u00f3naco, Agust\u00edn Domingo Guasco, Alberto Falcone y Alfonso Lombardo.<\/p>\n\n\n\n<p>Posteriormente, se adquiri\u00f3 un inmueble, ubicado en la avenida Mitre 924, y se llev\u00f3 a cabo la instalaci\u00f3n de los equipos t\u00e9cnicos, en tanto, en una quinta pr\u00f3xima, se construy\u00f3 la planta transmisora, que contaba con un m\u00e1stil de cincuenta metros.<\/p>\n\n\n\n<p>El 22 de octubre de 1972, en el marco de la celebraci\u00f3n del 118\u00ba aniversario de la fundaci\u00f3n de Chivilcoy, se realiz\u00f3 una inauguraci\u00f3n de car\u00e1cter simb\u00f3lico y, finalmente, el s\u00e1bado 10 de marzo de 1973, comenzaron las transmisiones regulares.<\/p>\n\n\n\n<p>Rafael Alberto M\u00f3naco ejerci\u00f3 durante m\u00e1s de dos d\u00e9cadas la direcci\u00f3n de la emisora.<\/p>\n\n\n\n<p>Uno de sus hijos, Alberto Mario M\u00f3naco, ocupa actualmente el cargo de gerente general de Radio Chivilcoy.<\/p>\n\n\n\n<p>Fuente: <a href=\"http:\/\/www.larazondechivilcoy.com.ar\" data-type=\"link\" data-id=\"www.larazondechivilcoy.com.ar\" target=\"_blank\" rel=\"noreferrer noopener\">www.larazondechivilcoy.com.ar<\/a> | Chivilcoy &#8211; Buenos Aires | 10.03.26<\/p>\n\n\n\n<p><\/p>\n","protected":false},"excerpt":{"rendered":"<p>Se cumplen este martes 10 de marzo cincuenta y tres a\u00f1os de la primera emisi\u00f3n de LT32 Radio Chivilcoy. La emisora sale al aire en 1550 Khz. La historia de Radio Chivilcoy se remonta al mes de octubre de 1970, cuando el gobierno nacional efectu\u00f3 un llamado a concurso para la instalaci\u00f3n de emisoras radiales &hellip; <a href=\"https:\/\/amplitudmodulada.com.ar\/index.php\/noticia14223\/\" class=\"more-link\">Continu\u00e1 leyendo <span class=\"screen-reader-text\">Se cumplen cincuenta y tres a\u00f1os de la primera emisi\u00f3n de LT32 Radio Chivilcoy<\/span><\/a><\/p>\n","protected":false},"author":1,"featured_media":0,"parent":0,"menu_order":0,"comment_status":"closed","ping_status":"closed","template":"","meta":{"footnotes":""},"class_list":["post-11360","page","type-page","status-publish","hentry"],"_links":{"self":[{"href":"https:\/\/amplitudmodulada.com.ar\/index.php\/wp-json\/wp\/v2\/pages\/11360","targetHints":{"allow":["GET"]}}],"collection":[{"href":"https:\/\/amplitudmodulada.com.ar\/index.php\/wp-json\/wp\/v2\/pages"}],"about":[{"href":"https:\/\/amplitudmodulada.com.ar\/index.php\/wp-json\/wp\/v2\/types\/page"}],"author":[{"embeddable":true,"href":"https:\/\/amplitudmodulada.com.ar\/index.php\/wp-json\/wp\/v2\/users\/1"}],"replies":[{"embeddable":true,"href":"https:\/\/amplitudmodulada.com.ar\/index.php\/wp-json\/wp\/v2\/comments?post=11360"}],"version-history":[{"count":3,"href":"https:\/\/amplitudmodulada.com.ar\/index.php\/wp-json\/wp\/v2\/pages\/11360\/revisions"}],"predecessor-version":[{"id":11365,"href":"https:\/\/amplitudmodulada.com.ar\/index.php\/wp-json\/wp\/v2\/pages\/11360\/revisions\/11365"}],"wp:attachment":[{"href":"https:\/\/amplitudmodulada.com.ar\/index.php\/wp-json\/wp\/v2\/media?parent=11360"}],"curies":[{"name":"wp","href":"https:\/\/api.w.org\/{rel}","templated":true}]}}