{"id":11368,"date":"2026-04-05T09:24:13","date_gmt":"2026-04-05T12:24:13","guid":{"rendered":"https:\/\/amplitudmodulada.com.ar\/?page_id=11368"},"modified":"2026-04-05T09:33:30","modified_gmt":"2026-04-05T12:33:30","slug":"noticia14224","status":"publish","type":"page","link":"https:\/\/amplitudmodulada.com.ar\/index.php\/noticia14224\/","title":{"rendered":"Cadena 3 vuelve a ser la radio de la F\u00f3rmula 1 en la Argentina"},"content":{"rendered":"\n<figure class=\"wp-block-image size-full\"><img loading=\"lazy\" decoding=\"async\" width=\"169\" height=\"55\" src=\"http:\/\/amplitudmodulada.com.ar\/wp-content\/uploads\/2024\/02\/cadena3-e1709142729643.png\" alt=\"\" class=\"wp-image-1072\"\/><\/figure>\n\n\n\n<p>Por segundo a\u00f1o consecutivo, Cadena 3 ser\u00e1 la radio de la F\u00f3rmula 1 en la Argentina y acompa\u00f1ar\u00e1 toda la temporada 2026 con una cobertura especial desde los principales circuitos del calendario.<\/p>\n\n\n\n<p>La emisora concretar\u00e1 una cobertura especial desde los principales circuitos y seguir\u00e1 de cerca el desempe\u00f1o del piloto argentino Franco Colapinto durante el campeonato.<\/p>\n\n\n\n<p>El campeonato se puso en marcha el fin de semana pasado con el Gran Premio de Australia, disputado en el Albert Park Circuit de Melbourne, que marc\u00f3 la primera fecha del campeonato mundial de la categor\u00eda.<\/p>\n\n\n\n<p>Para esta apertura, el periodista Fernando Barrionuevo fue el enviado especial de la emisora en Australia, desde donde realiz\u00f3 salidas en vivo, entrevistas e informes especiales con lo m\u00e1s destacado del inicio de la temporada.<\/p>\n\n\n\n<p>A lo largo del a\u00f1o, Cadena 3 realizar\u00e1 informes especiales, an\u00e1lisis y coberturas sobre cada fecha del campeonato, con el objetivo de acercar a la audiencia argentina la actualidad y las m\u00e1s destacadas historias de la m\u00e1xima categor\u00eda del automovilismo mundial.<\/p>\n\n\n\n<p>Fuente: <a href=\"http:\/\/www.totalmedios\" data-type=\"link\" data-id=\"www.totalmedios\" target=\"_blank\" rel=\"noreferrer noopener\">www.totalmedios.com<\/a> | Ciudad Aut\u00f3noma de Buenos Aires | 10.03.26 <\/p>\n\n\n\n<p><\/p>\n","protected":false},"excerpt":{"rendered":"<p>Por segundo a\u00f1o consecutivo, Cadena 3 ser\u00e1 la radio de la F\u00f3rmula 1 en la Argentina y acompa\u00f1ar\u00e1 toda la temporada 2026 con una cobertura especial desde los principales circuitos del calendario. La emisora concretar\u00e1 una cobertura especial desde los principales circuitos y seguir\u00e1 de cerca el desempe\u00f1o del piloto argentino Franco Colapinto durante el &hellip; <a href=\"https:\/\/amplitudmodulada.com.ar\/index.php\/noticia14224\/\" class=\"more-link\">Continu\u00e1 leyendo <span class=\"screen-reader-text\">Cadena 3 vuelve a ser la radio de la F\u00f3rmula 1 en la Argentina<\/span><\/a><\/p>\n","protected":false},"author":1,"featured_media":0,"parent":0,"menu_order":0,"comment_status":"closed","ping_status":"closed","template":"","meta":{"footnotes":""},"class_list":["post-11368","page","type-page","status-publish","hentry"],"_links":{"self":[{"href":"https:\/\/amplitudmodulada.com.ar\/index.php\/wp-json\/wp\/v2\/pages\/11368","targetHints":{"allow":["GET"]}}],"collection":[{"href":"https:\/\/amplitudmodulada.com.ar\/index.php\/wp-json\/wp\/v2\/pages"}],"about":[{"href":"https:\/\/amplitudmodulada.com.ar\/index.php\/wp-json\/wp\/v2\/types\/page"}],"author":[{"embeddable":true,"href":"https:\/\/amplitudmodulada.com.ar\/index.php\/wp-json\/wp\/v2\/users\/1"}],"replies":[{"embeddable":true,"href":"https:\/\/amplitudmodulada.com.ar\/index.php\/wp-json\/wp\/v2\/comments?post=11368"}],"version-history":[{"count":2,"href":"https:\/\/amplitudmodulada.com.ar\/index.php\/wp-json\/wp\/v2\/pages\/11368\/revisions"}],"predecessor-version":[{"id":11371,"href":"https:\/\/amplitudmodulada.com.ar\/index.php\/wp-json\/wp\/v2\/pages\/11368\/revisions\/11371"}],"wp:attachment":[{"href":"https:\/\/amplitudmodulada.com.ar\/index.php\/wp-json\/wp\/v2\/media?parent=11368"}],"curies":[{"name":"wp","href":"https:\/\/api.w.org\/{rel}","templated":true}]}}