{"id":11374,"date":"2026-04-05T09:55:12","date_gmt":"2026-04-05T12:55:12","guid":{"rendered":"https:\/\/amplitudmodulada.com.ar\/?page_id=11374"},"modified":"2026-04-05T09:56:38","modified_gmt":"2026-04-05T12:56:38","slug":"noticia14225","status":"publish","type":"page","link":"https:\/\/amplitudmodulada.com.ar\/index.php\/noticia14225\/","title":{"rendered":"Radio Provincia lanza el programa &#8220;Bien Bonaerense&#8221;"},"content":{"rendered":"\n<figure class=\"wp-block-image size-full\"><img loading=\"lazy\" decoding=\"async\" width=\"120\" height=\"120\" src=\"http:\/\/amplitudmodulada.com.ar\/wp-content\/uploads\/2024\/01\/1270-e1706133975157.png\" alt=\"\" class=\"wp-image-597\"\/><\/figure>\n\n\n\n<p>Lucas Rodr\u00edguez y Emilia Storani anunciaron este martes el lanzamiento de &#8220;Bien Bonaerense&#8221;, el programa que conducir\u00e1n todos los domingos de 7.00 a 9.00 horas por LS11 Radio Provincia de Buenos Aires y cuyo objetivo es darle voz al campo y su gente.<\/p>\n\n\n\n<p>Desde los estudios de la emisora platense en Expoagro adelantaron que pretenden &#8220;darle voz a los trabajadores y a la gente del interior productivo de la Provincia de Buenos Aires, contar historias de vida, pero tambi\u00e9n desarrollos productivos y avances tecnol\u00f3gicos&#8221;.<\/p>\n\n\n\n<p>Durante &#8220;Bien Bonaerense&#8221; tambi\u00e9n se abordar\u00e1 el an\u00e1lisis del mercado, en tanto que el pr\u00f3ximo domingo se pondr\u00e1 el foco en c\u00f3mo la guerra en Medio Oriente repercute en la vida cotidiana de los bonaerenses.<\/p>\n\n\n\n<p>&#8220;El campo sigue siendo algo que demanda mucho esfuerzo sostener, pese al avance de la tecnolog\u00eda. Queremos demostrar esa cara del interior bonaerense&#8221;, explicaron los conductores del programa.<\/p>\n\n\n\n<p>Fuente: <a href=\"http:\/\/www.provinciaradio.com.ar\" data-type=\"link\" data-id=\"www.provinciaradio.com.ar\" target=\"_blank\" rel=\"noreferrer noopener\">www.provinciaradio.com.ar<\/a> | La Plata &#8211; Buenos Aires | 10.03.26<\/p>\n\n\n\n<p><\/p>\n","protected":false},"excerpt":{"rendered":"<p>Lucas Rodr\u00edguez y Emilia Storani anunciaron este martes el lanzamiento de &#8220;Bien Bonaerense&#8221;, el programa que conducir\u00e1n todos los domingos de 7.00 a 9.00 horas por LS11 Radio Provincia de Buenos Aires y cuyo objetivo es darle voz al campo y su gente. Desde los estudios de la emisora platense en Expoagro adelantaron que pretenden &hellip; <a href=\"https:\/\/amplitudmodulada.com.ar\/index.php\/noticia14225\/\" class=\"more-link\">Continu\u00e1 leyendo <span class=\"screen-reader-text\">Radio Provincia lanza el programa &#8220;Bien Bonaerense&#8221;<\/span><\/a><\/p>\n","protected":false},"author":1,"featured_media":0,"parent":0,"menu_order":0,"comment_status":"closed","ping_status":"closed","template":"","meta":{"footnotes":""},"class_list":["post-11374","page","type-page","status-publish","hentry"],"_links":{"self":[{"href":"https:\/\/amplitudmodulada.com.ar\/index.php\/wp-json\/wp\/v2\/pages\/11374","targetHints":{"allow":["GET"]}}],"collection":[{"href":"https:\/\/amplitudmodulada.com.ar\/index.php\/wp-json\/wp\/v2\/pages"}],"about":[{"href":"https:\/\/amplitudmodulada.com.ar\/index.php\/wp-json\/wp\/v2\/types\/page"}],"author":[{"embeddable":true,"href":"https:\/\/amplitudmodulada.com.ar\/index.php\/wp-json\/wp\/v2\/users\/1"}],"replies":[{"embeddable":true,"href":"https:\/\/amplitudmodulada.com.ar\/index.php\/wp-json\/wp\/v2\/comments?post=11374"}],"version-history":[{"count":2,"href":"https:\/\/amplitudmodulada.com.ar\/index.php\/wp-json\/wp\/v2\/pages\/11374\/revisions"}],"predecessor-version":[{"id":11377,"href":"https:\/\/amplitudmodulada.com.ar\/index.php\/wp-json\/wp\/v2\/pages\/11374\/revisions\/11377"}],"wp:attachment":[{"href":"https:\/\/amplitudmodulada.com.ar\/index.php\/wp-json\/wp\/v2\/media?parent=11374"}],"curies":[{"name":"wp","href":"https:\/\/api.w.org\/{rel}","templated":true}]}}