{"id":11389,"date":"2026-04-05T13:09:40","date_gmt":"2026-04-05T16:09:40","guid":{"rendered":"https:\/\/amplitudmodulada.com.ar\/?page_id=11389"},"modified":"2026-04-05T13:23:11","modified_gmt":"2026-04-05T16:23:11","slug":"noticia14227","status":"publish","type":"page","link":"https:\/\/amplitudmodulada.com.ar\/index.php\/noticia14227\/","title":{"rendered":"FM Now estren\u00f3 esta semana su nueva programaci\u00f3n"},"content":{"rendered":"\n<figure class=\"wp-block-image size-full\"><img loading=\"lazy\" decoding=\"async\" width=\"202\" height=\"40\" src=\"http:\/\/amplitudmodulada.com.ar\/wp-content\/uploads\/2026\/04\/now-e1775405405445.png\" alt=\"\" class=\"wp-image-11391\"\/><\/figure>\n\n\n\n<p>La emisora de Frecuencia Modulada Now estren\u00f3 finalmente esta semana su nueva programaci\u00f3n, que combina cl\u00e1sicos de los 90 y los 2000 con segmentos de informaci\u00f3n y an\u00e1lisis.<\/p>\n\n\n\n<p>La ma\u00f1ana de FM Now comienza a las 7.00 horas con &#8220;Donde Estamos&#8221;, ciclo que conducen Paulino Rodrigues, Julieta Tarr\u00e9s y Paula Salamanca.<\/p>\n\n\n\n<p>De 10.00 a 14.00 horas, Juan Pablo Varsky encabeza el regreso de su hist\u00f3rico ciclo &#8220;No Somos Nadie&#8221;, que ya se emiti\u00f3 por las emisoras de Frecuencia Modulada Aspen, Rock &amp; Pop y Metro.<\/p>\n\n\n\n<p>A las 14.00 horas es el turno de &#8220;Coworker&#8221;, con Agustina Casanova y Mariano Almada, en tanto que a las 17.00 horas comienza &#8220;After Office Now&#8221;.<\/p>\n\n\n\n<p>FM Now cuenta con una emisora que retransmite su programaci\u00f3n en Pinamar y Caril\u00f3 que sale al aire en 102.7 Mhz. y, adem\u00e1s, un sitio web, <a href=\"http:\/\/www.979now.com\" data-type=\"link\" data-id=\"www.979now.com\" target=\"_blank\" rel=\"noreferrer noopener\">www.979now.com<\/a>, que permite seguir toda su programaci\u00f3n.<\/p>\n\n\n\n<p>Fuente: <a href=\"http:\/\/www.lanacion.com.ar\" data-type=\"link\" data-id=\"www.lanacion.com.ar\" target=\"_blank\" rel=\"noreferrer noopener\">www.lanacion.com.ar<\/a> | Ciudad Aut\u00f3noma de Buenos Aires | 11.03.26<\/p>\n\n\n\n<p><\/p>\n","protected":false},"excerpt":{"rendered":"<p>La emisora de Frecuencia Modulada Now estren\u00f3 finalmente esta semana su nueva programaci\u00f3n, que combina cl\u00e1sicos de los 90 y los 2000 con segmentos de informaci\u00f3n y an\u00e1lisis. La ma\u00f1ana de FM Now comienza a las 7.00 horas con &#8220;Donde Estamos&#8221;, ciclo que conducen Paulino Rodrigues, Julieta Tarr\u00e9s y Paula Salamanca. De 10.00 a 14.00 &hellip; <a href=\"https:\/\/amplitudmodulada.com.ar\/index.php\/noticia14227\/\" class=\"more-link\">Continu\u00e1 leyendo <span class=\"screen-reader-text\">FM Now estren\u00f3 esta semana su nueva programaci\u00f3n<\/span><\/a><\/p>\n","protected":false},"author":1,"featured_media":0,"parent":0,"menu_order":0,"comment_status":"closed","ping_status":"closed","template":"","meta":{"footnotes":""},"class_list":["post-11389","page","type-page","status-publish","hentry"],"_links":{"self":[{"href":"https:\/\/amplitudmodulada.com.ar\/index.php\/wp-json\/wp\/v2\/pages\/11389","targetHints":{"allow":["GET"]}}],"collection":[{"href":"https:\/\/amplitudmodulada.com.ar\/index.php\/wp-json\/wp\/v2\/pages"}],"about":[{"href":"https:\/\/amplitudmodulada.com.ar\/index.php\/wp-json\/wp\/v2\/types\/page"}],"author":[{"embeddable":true,"href":"https:\/\/amplitudmodulada.com.ar\/index.php\/wp-json\/wp\/v2\/users\/1"}],"replies":[{"embeddable":true,"href":"https:\/\/amplitudmodulada.com.ar\/index.php\/wp-json\/wp\/v2\/comments?post=11389"}],"version-history":[{"count":3,"href":"https:\/\/amplitudmodulada.com.ar\/index.php\/wp-json\/wp\/v2\/pages\/11389\/revisions"}],"predecessor-version":[{"id":11395,"href":"https:\/\/amplitudmodulada.com.ar\/index.php\/wp-json\/wp\/v2\/pages\/11389\/revisions\/11395"}],"wp:attachment":[{"href":"https:\/\/amplitudmodulada.com.ar\/index.php\/wp-json\/wp\/v2\/media?parent=11389"}],"curies":[{"name":"wp","href":"https:\/\/api.w.org\/{rel}","templated":true}]}}