{"id":11398,"date":"2026-04-05T16:23:10","date_gmt":"2026-04-05T19:23:10","guid":{"rendered":"https:\/\/amplitudmodulada.com.ar\/?page_id=11398"},"modified":"2026-04-05T16:47:36","modified_gmt":"2026-04-05T19:47:36","slug":"noticia14229","status":"publish","type":"page","link":"https:\/\/amplitudmodulada.com.ar\/index.php\/noticia14229\/","title":{"rendered":"Alberto Lotuf debut\u00f3 en Radio Rivadavia"},"content":{"rendered":"\n<figure class=\"wp-block-image size-full\"><img loading=\"lazy\" decoding=\"async\" width=\"174\" height=\"60\" src=\"http:\/\/amplitudmodulada.com.ar\/wp-content\/uploads\/2024\/01\/630-e1704586384620.png\" alt=\"\" class=\"wp-image-115\"\/><\/figure>\n\n\n\n<p>El periodista Alberto Lotuf debut\u00f3 este fin de semana en LS5 Radio Rivadavia con su programa &#8220;Dicen que Dicen&#8221;, que se emitir\u00e1 todos los domingos de 10.00 a 12.00 horas.<\/p>\n\n\n\n<p>A lo largo de veinti\u00fan a\u00f1os, el programa ya pas\u00f3 por LS10 Radio Del Plata, LS4 Radio Continental, LRL202 Radio 10, Radio Con Vos y LR3 CNN Radio.<\/p>\n\n\n\n<p>&#8220;Dicen que Dicen&#8221; ocupa el lugar que qued\u00f3 vacante tras la salida del periodista Franco Mercuriali de Radio Rivadavia.<\/p>\n\n\n\n<p>Referente de la radio de Rosario, donde conduce el programa &#8220;Siempre Juntos&#8221; en Cadena 3 Rosario, Alberto Lotuf estar\u00e1 acompa\u00f1ado en esta nueva etapa por Sebasti\u00e1n Dumont, Federico Smith, Cristian Sol\u00eds, Carolina Su\u00e1rez, Juan Carlos El Profe Pellegrini, Gabriel Levinas y Victoria Muro.<\/p>\n\n\n\n<p>Fuente: <a href=\"http:\/\/www.lanacion.com.ar\" data-type=\"link\" data-id=\"www.lanacion.com.ar\" target=\"_blank\" rel=\"noreferrer noopener\">www.lanacion.com.ar<\/a> | Ciudad Aut\u00f3noma de Buenos Aires | 11.03.26<\/p>\n\n\n\n<p><\/p>\n","protected":false},"excerpt":{"rendered":"<p>El periodista Alberto Lotuf debut\u00f3 este fin de semana en LS5 Radio Rivadavia con su programa &#8220;Dicen que Dicen&#8221;, que se emitir\u00e1 todos los domingos de 10.00 a 12.00 horas. A lo largo de veinti\u00fan a\u00f1os, el programa ya pas\u00f3 por LS10 Radio Del Plata, LS4 Radio Continental, LRL202 Radio 10, Radio Con Vos y &hellip; <a href=\"https:\/\/amplitudmodulada.com.ar\/index.php\/noticia14229\/\" class=\"more-link\">Continu\u00e1 leyendo <span class=\"screen-reader-text\">Alberto Lotuf debut\u00f3 en Radio Rivadavia<\/span><\/a><\/p>\n","protected":false},"author":1,"featured_media":0,"parent":0,"menu_order":0,"comment_status":"closed","ping_status":"closed","template":"","meta":{"footnotes":""},"class_list":["post-11398","page","type-page","status-publish","hentry"],"_links":{"self":[{"href":"https:\/\/amplitudmodulada.com.ar\/index.php\/wp-json\/wp\/v2\/pages\/11398","targetHints":{"allow":["GET"]}}],"collection":[{"href":"https:\/\/amplitudmodulada.com.ar\/index.php\/wp-json\/wp\/v2\/pages"}],"about":[{"href":"https:\/\/amplitudmodulada.com.ar\/index.php\/wp-json\/wp\/v2\/types\/page"}],"author":[{"embeddable":true,"href":"https:\/\/amplitudmodulada.com.ar\/index.php\/wp-json\/wp\/v2\/users\/1"}],"replies":[{"embeddable":true,"href":"https:\/\/amplitudmodulada.com.ar\/index.php\/wp-json\/wp\/v2\/comments?post=11398"}],"version-history":[{"count":3,"href":"https:\/\/amplitudmodulada.com.ar\/index.php\/wp-json\/wp\/v2\/pages\/11398\/revisions"}],"predecessor-version":[{"id":11403,"href":"https:\/\/amplitudmodulada.com.ar\/index.php\/wp-json\/wp\/v2\/pages\/11398\/revisions\/11403"}],"wp:attachment":[{"href":"https:\/\/amplitudmodulada.com.ar\/index.php\/wp-json\/wp\/v2\/media?parent=11398"}],"curies":[{"name":"wp","href":"https:\/\/api.w.org\/{rel}","templated":true}]}}