{"id":11407,"date":"2026-04-05T16:48:52","date_gmt":"2026-04-05T19:48:52","guid":{"rendered":"https:\/\/amplitudmodulada.com.ar\/?page_id=11407"},"modified":"2026-04-05T16:59:43","modified_gmt":"2026-04-05T19:59:43","slug":"noticia14228","status":"publish","type":"page","link":"https:\/\/amplitudmodulada.com.ar\/index.php\/noticia14228\/","title":{"rendered":"AM Cumbre lanz\u00f3 su canal de YouTube"},"content":{"rendered":"\n<figure class=\"wp-block-image size-full\"><img loading=\"lazy\" decoding=\"async\" width=\"180\" height=\"65\" src=\"http:\/\/amplitudmodulada.com.ar\/wp-content\/uploads\/2024\/05\/LRG202-e1715040887769.png\" alt=\"\" class=\"wp-image-1903\"\/><\/figure>\n\n\n\n<p>El Grupo Cumbre lanz\u00f3 el renovado canal de YouTube Cumbre Stream, una plataforma donde se transmitir\u00e1 en vivo toda la programaci\u00f3n de LRG202 AM Cumbre de Neuqu\u00e9n.<\/p>\n\n\n\n<p>De esta manera, el Grupo Cumbre ampl\u00eda el alcance de la radio hacia el formato audiovisual y las plataformas digitales.<\/p>\n\n\n\n<p>La iniciativa forma parte del crecimiento del proyecto multimedia del grupo, que integra radio, portales digitales y redes sociales, con el objetivo de acercar sus contenidos a nuevas audiencias y generar una experiencia m\u00e1s completa para sus oyentes.<\/p>\n\n\n\n<p>A trav\u00e9s de Cumbre Stream los usuarios podr\u00e1n ver en vivo los distintos ciclos que forman parte de la programaci\u00f3n diaria de la emisora, como &#8220;La Antesala&#8221;, &#8220;Nada Sucede Dos Veces&#8221;, &#8220;La Sana Costumbre&#8221;, &#8220;Avi\u00f3n Sin Nafta&#8221;, &#8220;M\u00e1s Vale Tarde&#8221; y &#8220;Cumbre Deportiva&#8221;.<\/p>\n\n\n\n<p>La propuesta tambi\u00e9n incluye contenidos durante los fines de semana, con programas como &#8220;Cumbre Energ\u00e9tica&#8221;, &#8220;Entre L\u00edneas&#8221;, &#8220;Argentina sin Ir M\u00e1s Lejos&#8221; y &#8220;Brisas de Espa\u00f1a&#8221;.<\/p>\n\n\n\n<p>Fuente: <a href=\"http:\/\/www.alertadigital.ar\" data-type=\"link\" data-id=\"www.alertadigital.ar\" target=\"_blank\" rel=\"noreferrer noopener\">www.alertadigital.ar<\/a> | Neuqu\u00e9n &#8211; Neuqu\u00e9n | 11.03.26 <\/p>\n\n\n\n<p><\/p>\n","protected":false},"excerpt":{"rendered":"<p>El Grupo Cumbre lanz\u00f3 el renovado canal de YouTube Cumbre Stream, una plataforma donde se transmitir\u00e1 en vivo toda la programaci\u00f3n de LRG202 AM Cumbre de Neuqu\u00e9n. De esta manera, el Grupo Cumbre ampl\u00eda el alcance de la radio hacia el formato audiovisual y las plataformas digitales. La iniciativa forma parte del crecimiento del proyecto &hellip; <a href=\"https:\/\/amplitudmodulada.com.ar\/index.php\/noticia14228\/\" class=\"more-link\">Continu\u00e1 leyendo <span class=\"screen-reader-text\">AM Cumbre lanz\u00f3 su canal de YouTube<\/span><\/a><\/p>\n","protected":false},"author":1,"featured_media":0,"parent":0,"menu_order":0,"comment_status":"closed","ping_status":"closed","template":"","meta":{"footnotes":""},"class_list":["post-11407","page","type-page","status-publish","hentry"],"_links":{"self":[{"href":"https:\/\/amplitudmodulada.com.ar\/index.php\/wp-json\/wp\/v2\/pages\/11407","targetHints":{"allow":["GET"]}}],"collection":[{"href":"https:\/\/amplitudmodulada.com.ar\/index.php\/wp-json\/wp\/v2\/pages"}],"about":[{"href":"https:\/\/amplitudmodulada.com.ar\/index.php\/wp-json\/wp\/v2\/types\/page"}],"author":[{"embeddable":true,"href":"https:\/\/amplitudmodulada.com.ar\/index.php\/wp-json\/wp\/v2\/users\/1"}],"replies":[{"embeddable":true,"href":"https:\/\/amplitudmodulada.com.ar\/index.php\/wp-json\/wp\/v2\/comments?post=11407"}],"version-history":[{"count":3,"href":"https:\/\/amplitudmodulada.com.ar\/index.php\/wp-json\/wp\/v2\/pages\/11407\/revisions"}],"predecessor-version":[{"id":11412,"href":"https:\/\/amplitudmodulada.com.ar\/index.php\/wp-json\/wp\/v2\/pages\/11407\/revisions\/11412"}],"wp:attachment":[{"href":"https:\/\/amplitudmodulada.com.ar\/index.php\/wp-json\/wp\/v2\/media?parent=11407"}],"curies":[{"name":"wp","href":"https:\/\/api.w.org\/{rel}","templated":true}]}}