{"id":11425,"date":"2026-04-06T18:51:22","date_gmt":"2026-04-06T21:51:22","guid":{"rendered":"https:\/\/amplitudmodulada.com.ar\/?page_id=11425"},"modified":"2026-04-06T19:05:43","modified_gmt":"2026-04-06T22:05:43","slug":"noticia14231","status":"publish","type":"page","link":"https:\/\/amplitudmodulada.com.ar\/index.php\/noticia14231\/","title":{"rendered":"Analizan concesionar los medios p\u00fablicos de la Ciudad de Buenos Aires"},"content":{"rendered":"\n<figure class=\"wp-block-image size-large is-resized\"><img loading=\"lazy\" decoding=\"async\" width=\"1024\" height=\"576\" src=\"http:\/\/amplitudmodulada.com.ar\/wp-content\/uploads\/2024\/01\/1110-1024x576.jpg\" alt=\"\" class=\"wp-image-685\" style=\"width:132px;height:auto\"\/><\/figure>\n\n\n\n<p>Seg\u00fan destaca este mi\u00e9rcoles 11 de marzo el diario Clar\u00edn, el jefe de Gobierno de la Ciudad de Buenos Aires, Jorge Macri, estar\u00eda analizando concesionar LS1 Radio de la Ciudad, FM La 2&#215;4 y el Canal de la Ciudad.<\/p>\n\n\n\n<p>Fuentes oficiales del ejecutivo porte\u00f1o le confirmaron al matutino que &#8220;est\u00e1 en an\u00e1lisis la posibilidad de avanzar con un llamado a licitaci\u00f3n a los medios p\u00fablicos&#8221;.<\/p>\n\n\n\n<p>Las mismas fuentes agregaron que esa iniciativa se enmarca en &#8220;la pol\u00edtica de generar ahorro en la gesti\u00f3n&#8221;.<\/p>\n\n\n\n<p>La semana pasada se iban a publicar los pliegos de concesi\u00f3n a capitales privados de Radio de la Ciudad, FM La 2&#215;4 y Canal de la Ciudad por un per\u00edodo de cinco a\u00f1os.<\/p>\n\n\n\n<p>Pero el jueves, a \u00faltima hora, Jorge Macri decidi\u00f3 suspenderlo, para terminar de debatir en el interior de su gobierno si avanzan o no con esta iniciativa.<\/p>\n\n\n\n<p>Alguno de los temas que est\u00e1n en debate son la cantidad de a\u00f1os que se dar\u00edan en concesi\u00f3n las dos radios y el canal de televisi\u00f3n, las horas de informaci\u00f3n local que deber\u00edan transmitir, as\u00ed como la estabilidad de los quinientos empleados que se desempe\u00f1an en estos medios.<\/p>\n\n\n\n<p>Tambi\u00e9n comenz\u00f3 a debatirse al mas alto nivel el costo pol\u00edtico que podr\u00eda significar concesionar por primera vez en la historia los medios p\u00fablicos porte\u00f1os.<\/p>\n\n\n\n<p>Radio de la Ciudad, conocida durante d\u00e9cadas como Radio Municipal, cumplir\u00e1 cien a\u00f1os de vida en mayo de 2027, siendo la radio p\u00fablica m\u00e1s antigua del pa\u00eds, creada incluso antes que Radio Nacional.<\/p>\n\n\n\n<p>Fuente: <a href=\"http:\/\/www.clarin.com\" data-type=\"link\" data-id=\"www.clarin.com\" target=\"_blank\" rel=\"noreferrer noopener\">www.clarin.com<\/a> | Ciudad Aut\u00f3noma de Buenos Aires | 11.03.26<\/p>\n\n\n\n<p><\/p>\n","protected":false},"excerpt":{"rendered":"<p>Seg\u00fan destaca este mi\u00e9rcoles 11 de marzo el diario Clar\u00edn, el jefe de Gobierno de la Ciudad de Buenos Aires, Jorge Macri, estar\u00eda analizando concesionar LS1 Radio de la Ciudad, FM La 2&#215;4 y el Canal de la Ciudad. Fuentes oficiales del ejecutivo porte\u00f1o le confirmaron al matutino que &#8220;est\u00e1 en an\u00e1lisis la posibilidad de &hellip; <a href=\"https:\/\/amplitudmodulada.com.ar\/index.php\/noticia14231\/\" class=\"more-link\">Continu\u00e1 leyendo <span class=\"screen-reader-text\">Analizan concesionar los medios p\u00fablicos de la Ciudad de Buenos Aires<\/span><\/a><\/p>\n","protected":false},"author":1,"featured_media":0,"parent":0,"menu_order":0,"comment_status":"closed","ping_status":"closed","template":"","meta":{"footnotes":""},"class_list":["post-11425","page","type-page","status-publish","hentry"],"_links":{"self":[{"href":"https:\/\/amplitudmodulada.com.ar\/index.php\/wp-json\/wp\/v2\/pages\/11425","targetHints":{"allow":["GET"]}}],"collection":[{"href":"https:\/\/amplitudmodulada.com.ar\/index.php\/wp-json\/wp\/v2\/pages"}],"about":[{"href":"https:\/\/amplitudmodulada.com.ar\/index.php\/wp-json\/wp\/v2\/types\/page"}],"author":[{"embeddable":true,"href":"https:\/\/amplitudmodulada.com.ar\/index.php\/wp-json\/wp\/v2\/users\/1"}],"replies":[{"embeddable":true,"href":"https:\/\/amplitudmodulada.com.ar\/index.php\/wp-json\/wp\/v2\/comments?post=11425"}],"version-history":[{"count":3,"href":"https:\/\/amplitudmodulada.com.ar\/index.php\/wp-json\/wp\/v2\/pages\/11425\/revisions"}],"predecessor-version":[{"id":11429,"href":"https:\/\/amplitudmodulada.com.ar\/index.php\/wp-json\/wp\/v2\/pages\/11425\/revisions\/11429"}],"wp:attachment":[{"href":"https:\/\/amplitudmodulada.com.ar\/index.php\/wp-json\/wp\/v2\/media?parent=11425"}],"curies":[{"name":"wp","href":"https:\/\/api.w.org\/{rel}","templated":true}]}}