{"id":11432,"date":"2026-04-07T19:55:54","date_gmt":"2026-04-07T22:55:54","guid":{"rendered":"https:\/\/amplitudmodulada.com.ar\/?page_id=11432"},"modified":"2026-04-07T20:09:31","modified_gmt":"2026-04-07T23:09:31","slug":"noticia14232","status":"publish","type":"page","link":"https:\/\/amplitudmodulada.com.ar\/index.php\/noticia14232\/","title":{"rendered":"Destacan la &#8220;trayectoria, credibilidad y personalidad&#8221; de Radio Rivadavia"},"content":{"rendered":"\n<figure class=\"wp-block-image size-full\"><img loading=\"lazy\" decoding=\"async\" width=\"174\" height=\"60\" src=\"http:\/\/amplitudmodulada.com.ar\/wp-content\/uploads\/2024\/01\/630-e1704586384620.png\" alt=\"\" class=\"wp-image-115\"\/><\/figure>\n\n\n\n<p>Tras una destacada presencia en las \u00faltimas mediciones de audiencia realizadas por Kantar Ibope Media, el gerente art\u00edstico y de programaci\u00f3n de LS5 Radio Rivadavia, Jonatan Andreani, destac\u00f3 la &#8220;trayectoria, credibilidad y personalidad&#8221; de la emisora.<\/p>\n\n\n\n<p>&#8220;La elecci\u00f3n de cada figura no es casual. Buscamos periodistas o conductores que tengan algo para decir y una identidad clara&#8221;, explic\u00f3 el directivo en di\u00e1logo con la agencia Noticias Argentinas.<\/p>\n\n\n\n<p>En ese sentido, indic\u00f3 que &#8220;Rivadavia tiene un oyente muy fiel, muy exigente, que hist\u00f3ricamente busc\u00f3 informaci\u00f3n, opini\u00f3n y compa\u00f1\u00eda&#8221; y a\u00f1adi\u00f3 que &#8220;entonces, la programaci\u00f3n tiene que reflejar eso&#8221;.<\/p>\n\n\n\n<p>Jonatan Andreani consider\u00f3 que no basta tener nombres conocidos, sino que los periodistas tengan &#8220;algo para decir y una identidad clara&#8221;.<\/p>\n\n\n\n<p>&#8220;Cuando hay coherencia en una programaci\u00f3n, la audiencia lo percibe&#8221;, asegur\u00f3.<\/p>\n\n\n\n<p>En ese marco, el directivo afirm\u00f3 que &#8220;la idea es que cada programa tenga su impronta, pero que todas forman parte de una misma identidad editorial&#8221;.<\/p>\n\n\n\n<p>Con respecto a la adaptaci\u00f3n al mundo digital, el crecimiento del streaming y las aplicaciones, Jonatan Andreani asegur\u00f3 que &#8220;Rivadavia tiene algo dif\u00edcil de construir: marca e historia&#8221;.<\/p>\n\n\n\n<p>&#8220;La gente prende la radio para informarse, pero tambi\u00e9n para sentir que hay alguien del otro lado acompa\u00f1\u00e1ndola&#8221;, concluy\u00f3.<\/p>\n\n\n\n<p>Fuente: <a href=\"http:\/\/www.noticiasargentinas.com\" data-type=\"link\" data-id=\"www.noticiasargentinas.com\" target=\"_blank\" rel=\"noreferrer noopener\">www.noticiasargentinas.com<\/a> | Ciudad de Buenos Aires | 12.03.26 <\/p>\n\n\n\n<p><\/p>\n","protected":false},"excerpt":{"rendered":"<p>Tras una destacada presencia en las \u00faltimas mediciones de audiencia realizadas por Kantar Ibope Media, el gerente art\u00edstico y de programaci\u00f3n de LS5 Radio Rivadavia, Jonatan Andreani, destac\u00f3 la &#8220;trayectoria, credibilidad y personalidad&#8221; de la emisora. &#8220;La elecci\u00f3n de cada figura no es casual. Buscamos periodistas o conductores que tengan algo para decir y una &hellip; <a href=\"https:\/\/amplitudmodulada.com.ar\/index.php\/noticia14232\/\" class=\"more-link\">Continu\u00e1 leyendo <span class=\"screen-reader-text\">Destacan la &#8220;trayectoria, credibilidad y personalidad&#8221; de Radio Rivadavia<\/span><\/a><\/p>\n","protected":false},"author":1,"featured_media":0,"parent":0,"menu_order":0,"comment_status":"closed","ping_status":"closed","template":"","meta":{"footnotes":""},"class_list":["post-11432","page","type-page","status-publish","hentry"],"_links":{"self":[{"href":"https:\/\/amplitudmodulada.com.ar\/index.php\/wp-json\/wp\/v2\/pages\/11432","targetHints":{"allow":["GET"]}}],"collection":[{"href":"https:\/\/amplitudmodulada.com.ar\/index.php\/wp-json\/wp\/v2\/pages"}],"about":[{"href":"https:\/\/amplitudmodulada.com.ar\/index.php\/wp-json\/wp\/v2\/types\/page"}],"author":[{"embeddable":true,"href":"https:\/\/amplitudmodulada.com.ar\/index.php\/wp-json\/wp\/v2\/users\/1"}],"replies":[{"embeddable":true,"href":"https:\/\/amplitudmodulada.com.ar\/index.php\/wp-json\/wp\/v2\/comments?post=11432"}],"version-history":[{"count":3,"href":"https:\/\/amplitudmodulada.com.ar\/index.php\/wp-json\/wp\/v2\/pages\/11432\/revisions"}],"predecessor-version":[{"id":11437,"href":"https:\/\/amplitudmodulada.com.ar\/index.php\/wp-json\/wp\/v2\/pages\/11432\/revisions\/11437"}],"wp:attachment":[{"href":"https:\/\/amplitudmodulada.com.ar\/index.php\/wp-json\/wp\/v2\/media?parent=11432"}],"curies":[{"name":"wp","href":"https:\/\/api.w.org\/{rel}","templated":true}]}}