{"id":11440,"date":"2026-04-08T08:06:21","date_gmt":"2026-04-08T11:06:21","guid":{"rendered":"https:\/\/amplitudmodulada.com.ar\/?page_id=11440"},"modified":"2026-04-08T08:20:04","modified_gmt":"2026-04-08T11:20:04","slug":"noticia14233","status":"publish","type":"page","link":"https:\/\/amplitudmodulada.com.ar\/index.php\/noticia14233\/","title":{"rendered":"Licitan la concesi\u00f3n de los medios p\u00fablicos de la Ciudad de Buenos Aires"},"content":{"rendered":"\n<figure class=\"wp-block-image size-large is-resized\"><img loading=\"lazy\" decoding=\"async\" width=\"1024\" height=\"576\" src=\"http:\/\/amplitudmodulada.com.ar\/wp-content\/uploads\/2024\/01\/1110-1024x576.jpg\" alt=\"\" class=\"wp-image-685\" style=\"width:136px;height:auto\"\/><\/figure>\n\n\n\n<p>El Gobierno de la Ciudad de Buenos Aires licitar\u00e1 la concesi\u00f3n de LS1 Radio de la Ciudad, la emisora de Frecuencia Modulada La 2&#215;4 y el Canal de la Ciudad por un plazo de cinco a\u00f1os.<\/p>\n\n\n\n<p>&#8220;Abrimos la licitaci\u00f3n para concesionar la televisi\u00f3n y las frecuencias de Radio de la Ciudad. El objetivo es simple: dejar de financiar su operaci\u00f3n con impuestos y pasar a un modelo con gesti\u00f3n e inversi\u00f3n privada&#8221;, explic\u00f3 en la red social X el jefe de Gobierno, Jorge Macri.<\/p>\n\n\n\n<p>En ese sentido, indic\u00f3 que &#8220;la empresa adjudicataria operar\u00e1 la radio y el canal, desarrollar\u00e1 su programaci\u00f3n y deber\u00e1 pagar un canon&#8221; y a\u00f1adi\u00f3 que &#8220;no tiene sentido usar los recursos de los porte\u00f1os para financiar lo que el sector privado puede hacer mejor y sin costarle un peso a los vecinos&#8221;.<\/p>\n\n\n\n<p>Las empresas adjudicatarias deber\u00e1n proveer el equipamiento, estudios y personal necesario para la operaci\u00f3n, as\u00ed como la gesti\u00f3n de la identidad institucional del Gobierno de la Ciudad y el cumplimiento de las normativas de seguridad, seguros y el pago de derechos de autor.<\/p>\n\n\n\n<p>El plazo de concesi\u00f3n ser\u00e1 de cinco a\u00f1os a partir de la firma del acta de inicio de servicio y el monto base total estimado para los sesenta meses de duraci\u00f3n es de $645.225.000 para la se\u00f1al de televisi\u00f3n y $73.740.000 para las se\u00f1ales de radio.<\/p>\n\n\n\n<p>Fuente: <a href=\"http:\/\/www.a24.com\" data-type=\"link\" data-id=\"www.a24.com\" target=\"_blank\" rel=\"noreferrer noopener\">www.a24.com<\/a> | Ciudad Aut\u00f3noma de Buenos Aires | 12.03.26<\/p>\n\n\n\n<p><\/p>\n","protected":false},"excerpt":{"rendered":"<p>El Gobierno de la Ciudad de Buenos Aires licitar\u00e1 la concesi\u00f3n de LS1 Radio de la Ciudad, la emisora de Frecuencia Modulada La 2&#215;4 y el Canal de la Ciudad por un plazo de cinco a\u00f1os. &#8220;Abrimos la licitaci\u00f3n para concesionar la televisi\u00f3n y las frecuencias de Radio de la Ciudad. El objetivo es simple: &hellip; <a href=\"https:\/\/amplitudmodulada.com.ar\/index.php\/noticia14233\/\" class=\"more-link\">Continu\u00e1 leyendo <span class=\"screen-reader-text\">Licitan la concesi\u00f3n de los medios p\u00fablicos de la Ciudad de Buenos Aires<\/span><\/a><\/p>\n","protected":false},"author":1,"featured_media":0,"parent":0,"menu_order":0,"comment_status":"closed","ping_status":"closed","template":"","meta":{"footnotes":""},"class_list":["post-11440","page","type-page","status-publish","hentry"],"_links":{"self":[{"href":"https:\/\/amplitudmodulada.com.ar\/index.php\/wp-json\/wp\/v2\/pages\/11440","targetHints":{"allow":["GET"]}}],"collection":[{"href":"https:\/\/amplitudmodulada.com.ar\/index.php\/wp-json\/wp\/v2\/pages"}],"about":[{"href":"https:\/\/amplitudmodulada.com.ar\/index.php\/wp-json\/wp\/v2\/types\/page"}],"author":[{"embeddable":true,"href":"https:\/\/amplitudmodulada.com.ar\/index.php\/wp-json\/wp\/v2\/users\/1"}],"replies":[{"embeddable":true,"href":"https:\/\/amplitudmodulada.com.ar\/index.php\/wp-json\/wp\/v2\/comments?post=11440"}],"version-history":[{"count":2,"href":"https:\/\/amplitudmodulada.com.ar\/index.php\/wp-json\/wp\/v2\/pages\/11440\/revisions"}],"predecessor-version":[{"id":11443,"href":"https:\/\/amplitudmodulada.com.ar\/index.php\/wp-json\/wp\/v2\/pages\/11440\/revisions\/11443"}],"wp:attachment":[{"href":"https:\/\/amplitudmodulada.com.ar\/index.php\/wp-json\/wp\/v2\/media?parent=11440"}],"curies":[{"name":"wp","href":"https:\/\/api.w.org\/{rel}","templated":true}]}}