{"id":11446,"date":"2026-04-08T20:48:40","date_gmt":"2026-04-08T23:48:40","guid":{"rendered":"https:\/\/amplitudmodulada.com.ar\/?page_id=11446"},"modified":"2026-04-08T20:56:42","modified_gmt":"2026-04-08T23:56:42","slug":"noticia14234","status":"publish","type":"page","link":"https:\/\/amplitudmodulada.com.ar\/index.php\/noticia14234\/","title":{"rendered":"Deja de emitir AM 1090 Radio D\u00e9cadas"},"content":{"rendered":"\n<figure class=\"wp-block-image size-full\"><img loading=\"lazy\" decoding=\"async\" width=\"123\" height=\"110\" src=\"http:\/\/amplitudmodulada.com.ar\/wp-content\/uploads\/2026\/04\/1091-e1775692270575.png\" alt=\"\" class=\"wp-image-11450\"\/><\/figure>\n\n\n\n<p>Seg\u00fan destaca este viernes 13 de marzo el sitio de Facebook Argentina en AM y FM, desde hace algunos d\u00edas ha interrumpido sus emisiones habituales, AM 1090 Radio D\u00e9cadas, emisora con estudios en la localidad de Hurlingham, provincia de Buenos Aires.<\/p>\n\n\n\n<p>Argentina en AM y FM record\u00f3 que Radio D\u00e9cadas era una emisora que ten\u00eda una programaci\u00f3n que inclu\u00eda espacios musicales, informativos y de entretenimiento y hab\u00eda iniciados sus emisiones regulares a mediados de 2004.<\/p>\n\n\n\n<p>El citado sitio de Facebook a\u00f1ade que otra estaci\u00f3n que hace tiempo no se reporta operativa es AM 1080 Radio Claridad, emisora con estudios en la localidad de Monte Grande, partido de Esteban Echeverr\u00eda, provincia de Buenos Aires.<\/p>\n\n\n\n<p>13.03.26<\/p>\n","protected":false},"excerpt":{"rendered":"<p>Seg\u00fan destaca este viernes 13 de marzo el sitio de Facebook Argentina en AM y FM, desde hace algunos d\u00edas ha interrumpido sus emisiones habituales, AM 1090 Radio D\u00e9cadas, emisora con estudios en la localidad de Hurlingham, provincia de Buenos Aires. Argentina en AM y FM record\u00f3 que Radio D\u00e9cadas era una emisora que ten\u00eda &hellip; <a href=\"https:\/\/amplitudmodulada.com.ar\/index.php\/noticia14234\/\" class=\"more-link\">Continu\u00e1 leyendo <span class=\"screen-reader-text\">Deja de emitir AM 1090 Radio D\u00e9cadas<\/span><\/a><\/p>\n","protected":false},"author":1,"featured_media":0,"parent":0,"menu_order":0,"comment_status":"closed","ping_status":"closed","template":"","meta":{"footnotes":""},"class_list":["post-11446","page","type-page","status-publish","hentry"],"_links":{"self":[{"href":"https:\/\/amplitudmodulada.com.ar\/index.php\/wp-json\/wp\/v2\/pages\/11446","targetHints":{"allow":["GET"]}}],"collection":[{"href":"https:\/\/amplitudmodulada.com.ar\/index.php\/wp-json\/wp\/v2\/pages"}],"about":[{"href":"https:\/\/amplitudmodulada.com.ar\/index.php\/wp-json\/wp\/v2\/types\/page"}],"author":[{"embeddable":true,"href":"https:\/\/amplitudmodulada.com.ar\/index.php\/wp-json\/wp\/v2\/users\/1"}],"replies":[{"embeddable":true,"href":"https:\/\/amplitudmodulada.com.ar\/index.php\/wp-json\/wp\/v2\/comments?post=11446"}],"version-history":[{"count":2,"href":"https:\/\/amplitudmodulada.com.ar\/index.php\/wp-json\/wp\/v2\/pages\/11446\/revisions"}],"predecessor-version":[{"id":11451,"href":"https:\/\/amplitudmodulada.com.ar\/index.php\/wp-json\/wp\/v2\/pages\/11446\/revisions\/11451"}],"wp:attachment":[{"href":"https:\/\/amplitudmodulada.com.ar\/index.php\/wp-json\/wp\/v2\/media?parent=11446"}],"curies":[{"name":"wp","href":"https:\/\/api.w.org\/{rel}","templated":true}]}}