{"id":11454,"date":"2026-04-09T08:09:10","date_gmt":"2026-04-09T11:09:10","guid":{"rendered":"https:\/\/amplitudmodulada.com.ar\/?page_id=11454"},"modified":"2026-04-09T08:34:51","modified_gmt":"2026-04-09T11:34:51","slug":"noticia14235","status":"publish","type":"page","link":"https:\/\/amplitudmodulada.com.ar\/index.php\/noticia14235\/","title":{"rendered":"Arranc\u00f3 la edici\u00f3n 2026 del programa &#8220;Cultura Nacional&#8221;"},"content":{"rendered":"\n<figure class=\"wp-block-image size-full\"><img loading=\"lazy\" decoding=\"async\" width=\"110\" height=\"110\" src=\"http:\/\/amplitudmodulada.com.ar\/wp-content\/uploads\/2024\/10\/LRA-e1728000015658.jpg\" alt=\"\" class=\"wp-image-4179\"\/><\/figure>\n\n\n\n<p>Con la presencia del m\u00fasico y compositor Alberto Favero, arranc\u00f3 este jueves 12 de marzo en Radio Nacional la edici\u00f3n 2026 de &#8220;Cultura Nacional&#8221;, el programa de la Secretar\u00eda de Cultura de la Naci\u00f3n.<\/p>\n\n\n\n<p>&#8220;Cultura Nacional&#8221; propone un recorrido por la agenda cultural, con entrevistas a artistas, gestores y referentes del sector, adem\u00e1s de difundir las iniciativas impulsadas en museos, centros culturales y organismos nacionales.<\/p>\n\n\n\n<p>Con la conducci\u00f3n de Daniela Pantano, el programa saldr\u00e1 al aire este a\u00f1o todos los jueves de 20.00 a 21.00 horas.<\/p>\n\n\n\n<p>La primera emisi\u00f3n de este a\u00f1o de &#8220;Cultura Nacional&#8221; cont\u00f3 con la presencia de Alberto Favero, quien dialog\u00f3 sobre sus proyectos art\u00edsticos y sobre el homenaje a Jorge Luis Borges que realiza con la actriz Leonor Benedetto en museos nacionales, en el marco del ciclo Canciones de Colecci\u00f3n.<\/p>\n\n\n\n<p>Adem\u00e1s de la entrevista central, el programa present\u00f3 algunas de las actividades destacadas de la agenda cultural nacional.<\/p>\n\n\n\n<p>Fuente: <a href=\"http:\/\/www.argentina.gob.ar\" data-type=\"link\" data-id=\"www.argentina.gob.ar\" target=\"_blank\" rel=\"noreferrer noopener\">www.argentina.gob.ar<\/a> | Ciudad Aut\u00f3noma de Buenos Aires | 13.03.26<\/p>\n\n\n\n<p><\/p>\n","protected":false},"excerpt":{"rendered":"<p>Con la presencia del m\u00fasico y compositor Alberto Favero, arranc\u00f3 este jueves 12 de marzo en Radio Nacional la edici\u00f3n 2026 de &#8220;Cultura Nacional&#8221;, el programa de la Secretar\u00eda de Cultura de la Naci\u00f3n. &#8220;Cultura Nacional&#8221; propone un recorrido por la agenda cultural, con entrevistas a artistas, gestores y referentes del sector, adem\u00e1s de difundir &hellip; <a href=\"https:\/\/amplitudmodulada.com.ar\/index.php\/noticia14235\/\" class=\"more-link\">Continu\u00e1 leyendo <span class=\"screen-reader-text\">Arranc\u00f3 la edici\u00f3n 2026 del programa &#8220;Cultura Nacional&#8221;<\/span><\/a><\/p>\n","protected":false},"author":1,"featured_media":0,"parent":0,"menu_order":0,"comment_status":"closed","ping_status":"closed","template":"","meta":{"footnotes":""},"class_list":["post-11454","page","type-page","status-publish","hentry"],"_links":{"self":[{"href":"https:\/\/amplitudmodulada.com.ar\/index.php\/wp-json\/wp\/v2\/pages\/11454","targetHints":{"allow":["GET"]}}],"collection":[{"href":"https:\/\/amplitudmodulada.com.ar\/index.php\/wp-json\/wp\/v2\/pages"}],"about":[{"href":"https:\/\/amplitudmodulada.com.ar\/index.php\/wp-json\/wp\/v2\/types\/page"}],"author":[{"embeddable":true,"href":"https:\/\/amplitudmodulada.com.ar\/index.php\/wp-json\/wp\/v2\/users\/1"}],"replies":[{"embeddable":true,"href":"https:\/\/amplitudmodulada.com.ar\/index.php\/wp-json\/wp\/v2\/comments?post=11454"}],"version-history":[{"count":3,"href":"https:\/\/amplitudmodulada.com.ar\/index.php\/wp-json\/wp\/v2\/pages\/11454\/revisions"}],"predecessor-version":[{"id":11460,"href":"https:\/\/amplitudmodulada.com.ar\/index.php\/wp-json\/wp\/v2\/pages\/11454\/revisions\/11460"}],"wp:attachment":[{"href":"https:\/\/amplitudmodulada.com.ar\/index.php\/wp-json\/wp\/v2\/media?parent=11454"}],"curies":[{"name":"wp","href":"https:\/\/api.w.org\/{rel}","templated":true}]}}