{"id":11462,"date":"2026-04-09T20:24:17","date_gmt":"2026-04-09T23:24:17","guid":{"rendered":"https:\/\/amplitudmodulada.com.ar\/?page_id=11462"},"modified":"2026-04-09T20:42:51","modified_gmt":"2026-04-09T23:42:51","slug":"noticia14236","status":"publish","type":"page","link":"https:\/\/amplitudmodulada.com.ar\/index.php\/noticia14236\/","title":{"rendered":"El periodista Marcelo Longobardi debuta en Radio Perfil"},"content":{"rendered":"\n<figure class=\"wp-block-image size-full\"><img loading=\"lazy\" decoding=\"async\" width=\"108\" height=\"100\" src=\"http:\/\/amplitudmodulada.com.ar\/wp-content\/uploads\/2025\/01\/1190-e1736939892706.png\" alt=\"\" class=\"wp-image-5412\"\/><\/figure>\n\n\n\n<p>A partir del lunes 16 de marzo el periodista Marcelo Longobardi conducir\u00e1 un programa que se emitir\u00e1 en d\u00faplex por LR9 Radio Perfil y la se\u00f1al televisiva Net TV.<\/p>\n\n\n\n<p>El nuevo ciclo de Marcelo Longobardi saldr\u00e1 al aire de lunes a viernes de 8.00 a 10.00 horas y tendr\u00e1 un formato din\u00e1mico que incluir\u00e1 un resumen de noticias, conversaciones con protagonistas de la agenda p\u00fablica y la participaci\u00f3n de especialistas en diferente \u00e1reas.<\/p>\n\n\n\n<p>Con 64 a\u00f1os, Marcelo Longobardi tiene una extensa trayectoria en el periodismo, especialmente en radio y televisi\u00f3n.<\/p>\n\n\n\n<p>Con los cambios que trajo la pandemia y la expansi\u00f3n de la tecnolog\u00eda digital, el periodista comenz\u00f3 a experimentar con nuevos formatos.<\/p>\n\n\n\n<p>Su canal de YouTube, que lleva su nombre, funciona como un compendio de noticias y an\u00e1lisis de la actualidad. <\/p>\n\n\n\n<p>El desembarco en los medios del Grupo Perfil representa un paso m\u00e1s en ese recorrido y tambi\u00e9n una expansi\u00f3n de ese mismo modelo hacia un esquema de difusi\u00f3n m\u00e1s amplio.<\/p>\n\n\n\n<p>Fuente: <a href=\"http:\/\/www.perfil.com\" data-type=\"link\" data-id=\"www.perfil.com\" target=\"_blank\" rel=\"noreferrer noopener\">www.perfil.com<\/a> | Ciudad Aut\u00f3noma de Buenos Aires | 13.03.26<\/p>\n\n\n\n<p><\/p>\n","protected":false},"excerpt":{"rendered":"<p>A partir del lunes 16 de marzo el periodista Marcelo Longobardi conducir\u00e1 un programa que se emitir\u00e1 en d\u00faplex por LR9 Radio Perfil y la se\u00f1al televisiva Net TV. El nuevo ciclo de Marcelo Longobardi saldr\u00e1 al aire de lunes a viernes de 8.00 a 10.00 horas y tendr\u00e1 un formato din\u00e1mico que incluir\u00e1 un &hellip; <a href=\"https:\/\/amplitudmodulada.com.ar\/index.php\/noticia14236\/\" class=\"more-link\">Continu\u00e1 leyendo <span class=\"screen-reader-text\">El periodista Marcelo Longobardi debuta en Radio Perfil<\/span><\/a><\/p>\n","protected":false},"author":1,"featured_media":0,"parent":0,"menu_order":0,"comment_status":"closed","ping_status":"closed","template":"","meta":{"footnotes":""},"class_list":["post-11462","page","type-page","status-publish","hentry"],"_links":{"self":[{"href":"https:\/\/amplitudmodulada.com.ar\/index.php\/wp-json\/wp\/v2\/pages\/11462","targetHints":{"allow":["GET"]}}],"collection":[{"href":"https:\/\/amplitudmodulada.com.ar\/index.php\/wp-json\/wp\/v2\/pages"}],"about":[{"href":"https:\/\/amplitudmodulada.com.ar\/index.php\/wp-json\/wp\/v2\/types\/page"}],"author":[{"embeddable":true,"href":"https:\/\/amplitudmodulada.com.ar\/index.php\/wp-json\/wp\/v2\/users\/1"}],"replies":[{"embeddable":true,"href":"https:\/\/amplitudmodulada.com.ar\/index.php\/wp-json\/wp\/v2\/comments?post=11462"}],"version-history":[{"count":2,"href":"https:\/\/amplitudmodulada.com.ar\/index.php\/wp-json\/wp\/v2\/pages\/11462\/revisions"}],"predecessor-version":[{"id":11465,"href":"https:\/\/amplitudmodulada.com.ar\/index.php\/wp-json\/wp\/v2\/pages\/11462\/revisions\/11465"}],"wp:attachment":[{"href":"https:\/\/amplitudmodulada.com.ar\/index.php\/wp-json\/wp\/v2\/media?parent=11462"}],"curies":[{"name":"wp","href":"https:\/\/api.w.org\/{rel}","templated":true}]}}