{"id":11468,"date":"2026-04-11T09:27:56","date_gmt":"2026-04-11T12:27:56","guid":{"rendered":"https:\/\/amplitudmodulada.com.ar\/?page_id=11468"},"modified":"2026-04-11T10:03:41","modified_gmt":"2026-04-11T13:03:41","slug":"noticia14237","status":"publish","type":"page","link":"https:\/\/amplitudmodulada.com.ar\/index.php\/noticia14237\/","title":{"rendered":"Alejandro Dolina recibir\u00e1 el Doctorado Honoris Causa de la UBA"},"content":{"rendered":"\n<figure class=\"wp-block-image size-full\"><img loading=\"lazy\" decoding=\"async\" width=\"201\" height=\"35\" src=\"http:\/\/amplitudmodulada.com.ar\/wp-content\/uploads\/2026\/01\/750-e1769720804706.png\" alt=\"\" class=\"wp-image-10798\"\/><\/figure>\n\n\n\n<p>La Universidad de Buenos Aires (UBA) otorgar\u00e1 el Doctorado Honoris Causa al escritor y conductor radial Alejandro Dolina en reconocimiento a su trayectoria intelectual y art\u00edstica y a su aporte fundamental a la cultura argentina.<\/p>\n\n\n\n<p>La distinci\u00f3n fue aprobada por el Consejo Superior de esa casa de altos estudios y busca destacar la influencia del escritor, m\u00fasico y conductor en distintos campos del pensamiento y la producci\u00f3n cultural.<\/p>\n\n\n\n<p>En los considerandos de la resoluci\u00f3n tambi\u00e9n se se\u00f1ala que Alejandro Dolina realiz\u00f3 estudios en diversas disciplinas, entre ellas Letras, Historia y M\u00fasica, adem\u00e1s de desarrollar una prol\u00edfica carrera literaria.<\/p>\n\n\n\n<p>Entre sus obras m\u00e1s destacadas se encuentran &#8220;Cr\u00f3nicas del \u00c1ngel Gris&#8221; y &#8220;Notas al Pie&#8221;, entre otros t\u00edtulos que combinan reflexi\u00f3n filos\u00f3fica, humor y mitolog\u00eda urbana.<\/p>\n\n\n\n<p>El reconocimiento tambi\u00e9n pone en valor su enorme trayectoria en los medios de comunicaci\u00f3n.<\/p>\n\n\n\n<p>Alejandro Dolina es una figura central de la radio argentina, especialemente por su hist\u00f3rico programa &#8220;La Venganza Ser\u00e1 Terrible&#8221;, un ciclo que hace d\u00e9cadas mezcla literatura, humor, m\u00fasica y pensamiento en un formato \u00fanico que marc\u00f3 a generaciones de oyentes.<\/p>\n\n\n\n<p>El programa &#8220;La Venganza Ser\u00e1 Terrible&#8221; se emite actualmente de martes a s\u00e1bados de 0.00 a 2.00 horas por LRL203 Radio 750.<\/p>\n\n\n\n<p>Fuente: <a href=\"http:\/\/www.pagina12.com.ar\" data-type=\"link\" data-id=\"www.pagina12.com.ar\" target=\"_blank\" rel=\"noreferrer noopener\">www.pagina12.com.ar<\/a> | Ciudad Aut\u00f3noma de Buenos Aires | 13.03.26<\/p>\n\n\n\n<p><\/p>\n","protected":false},"excerpt":{"rendered":"<p>La Universidad de Buenos Aires (UBA) otorgar\u00e1 el Doctorado Honoris Causa al escritor y conductor radial Alejandro Dolina en reconocimiento a su trayectoria intelectual y art\u00edstica y a su aporte fundamental a la cultura argentina. La distinci\u00f3n fue aprobada por el Consejo Superior de esa casa de altos estudios y busca destacar la influencia del &hellip; <a href=\"https:\/\/amplitudmodulada.com.ar\/index.php\/noticia14237\/\" class=\"more-link\">Continu\u00e1 leyendo <span class=\"screen-reader-text\">Alejandro Dolina recibir\u00e1 el Doctorado Honoris Causa de la UBA<\/span><\/a><\/p>\n","protected":false},"author":1,"featured_media":0,"parent":0,"menu_order":0,"comment_status":"closed","ping_status":"closed","template":"","meta":{"footnotes":""},"class_list":["post-11468","page","type-page","status-publish","hentry"],"_links":{"self":[{"href":"https:\/\/amplitudmodulada.com.ar\/index.php\/wp-json\/wp\/v2\/pages\/11468","targetHints":{"allow":["GET"]}}],"collection":[{"href":"https:\/\/amplitudmodulada.com.ar\/index.php\/wp-json\/wp\/v2\/pages"}],"about":[{"href":"https:\/\/amplitudmodulada.com.ar\/index.php\/wp-json\/wp\/v2\/types\/page"}],"author":[{"embeddable":true,"href":"https:\/\/amplitudmodulada.com.ar\/index.php\/wp-json\/wp\/v2\/users\/1"}],"replies":[{"embeddable":true,"href":"https:\/\/amplitudmodulada.com.ar\/index.php\/wp-json\/wp\/v2\/comments?post=11468"}],"version-history":[{"count":4,"href":"https:\/\/amplitudmodulada.com.ar\/index.php\/wp-json\/wp\/v2\/pages\/11468\/revisions"}],"predecessor-version":[{"id":11475,"href":"https:\/\/amplitudmodulada.com.ar\/index.php\/wp-json\/wp\/v2\/pages\/11468\/revisions\/11475"}],"wp:attachment":[{"href":"https:\/\/amplitudmodulada.com.ar\/index.php\/wp-json\/wp\/v2\/media?parent=11468"}],"curies":[{"name":"wp","href":"https:\/\/api.w.org\/{rel}","templated":true}]}}