{"id":11478,"date":"2026-04-11T10:19:24","date_gmt":"2026-04-11T13:19:24","guid":{"rendered":"https:\/\/amplitudmodulada.com.ar\/?page_id=11478"},"modified":"2026-04-11T10:41:25","modified_gmt":"2026-04-11T13:41:25","slug":"noticia14238","status":"publish","type":"page","link":"https:\/\/amplitudmodulada.com.ar\/index.php\/noticia14238\/","title":{"rendered":"Denuncian que la titular de LRA42 Radio Nacional Gualeguaych\u00fa es proovedora de la Municipalidad"},"content":{"rendered":"\n<figure class=\"wp-block-image size-full\"><img loading=\"lazy\" decoding=\"async\" width=\"110\" height=\"110\" src=\"http:\/\/amplitudmodulada.com.ar\/wp-content\/uploads\/2024\/10\/LRA-e1728000015658.jpg\" alt=\"\" class=\"wp-image-4179\"\/><\/figure>\n\n\n\n<p>Seg\u00fan destaca este fin de semana el portal El Mi\u00e9rcoles Digital, la coordinadora de LRA42 Radio Nacional Gualeguaych\u00fa, Estela Gigena, es proveedora, adem\u00e1s, del Estado Municipal de Gualeguaych\u00fa.<\/p>\n\n\n\n<p>De acuerdo a lo publicado por El Mi\u00e9rcoles Digital y seg\u00fan consta en la factura 0001-00000318, la directiva factur\u00f3 a la Municipalidad de Gualeguaych\u00fa en enero de 2026 la suma de 1.683.000 pesos en concepto de &#8220;Servicio de Publicidad no Tradicional&#8221;.<\/p>\n\n\n\n<p>El monto fue actualizado a partir de enero de este a\u00f1o, con un nuevo acuerdo, partiendo de lo que cobraba como proveedora de pauta publicitaria en 2025.<\/p>\n\n\n\n<p>En el caso de los comprobantes facturados a la Municipalidad de Gualeguaych\u00fa no consta en ninguna de ella la intervenci\u00f3n de Estela Gigena en la emisora p\u00fablica, por lo que El Mi\u00e9rcoles Digital se pregunta en qu\u00e9 medio realiza la publicidad no tradicional y si esta situaci\u00f3n ha sido debidamente informada y autorizada por Radio y Televisi\u00f3n Argentina.<\/p>\n\n\n\n<p>Asimismo, destaca el medio, Estela Gigena habita la casa que es propiedad de Radio y Televisi\u00f3n Argentina en el predio de Radio Nacional Gualeguaych\u00fa, propiedad que ha estado hist\u00f3ricamente a disposici\u00f3n de los directores del medio.<\/p>\n\n\n\n<p>Estela Gigena no detenta ese cargo, ya que fue designada coordinadora art\u00edstica, y tampoco es planta permanente para acceder a ese beneficio.<\/p>\n\n\n\n<p>Fuente: <a href=\"http:\/\/www.elmiercolesdigital.com.ar\" data-type=\"link\" data-id=\"www.elmiercolesdigital.com.ar\" target=\"_blank\" rel=\"noreferrer noopener\">www.elmiercolesdigital.com.ar<\/a> | Concepci\u00f3n del Uruguay &#8211; Entre R\u00edos | 16.03.26<\/p>\n\n\n\n<p><\/p>\n","protected":false},"excerpt":{"rendered":"<p>Seg\u00fan destaca este fin de semana el portal El Mi\u00e9rcoles Digital, la coordinadora de LRA42 Radio Nacional Gualeguaych\u00fa, Estela Gigena, es proveedora, adem\u00e1s, del Estado Municipal de Gualeguaych\u00fa. De acuerdo a lo publicado por El Mi\u00e9rcoles Digital y seg\u00fan consta en la factura 0001-00000318, la directiva factur\u00f3 a la Municipalidad de Gualeguaych\u00fa en enero de &hellip; <a href=\"https:\/\/amplitudmodulada.com.ar\/index.php\/noticia14238\/\" class=\"more-link\">Continu\u00e1 leyendo <span class=\"screen-reader-text\">Denuncian que la titular de LRA42 Radio Nacional Gualeguaych\u00fa es proovedora de la Municipalidad<\/span><\/a><\/p>\n","protected":false},"author":1,"featured_media":0,"parent":0,"menu_order":0,"comment_status":"closed","ping_status":"closed","template":"","meta":{"footnotes":""},"class_list":["post-11478","page","type-page","status-publish","hentry"],"_links":{"self":[{"href":"https:\/\/amplitudmodulada.com.ar\/index.php\/wp-json\/wp\/v2\/pages\/11478","targetHints":{"allow":["GET"]}}],"collection":[{"href":"https:\/\/amplitudmodulada.com.ar\/index.php\/wp-json\/wp\/v2\/pages"}],"about":[{"href":"https:\/\/amplitudmodulada.com.ar\/index.php\/wp-json\/wp\/v2\/types\/page"}],"author":[{"embeddable":true,"href":"https:\/\/amplitudmodulada.com.ar\/index.php\/wp-json\/wp\/v2\/users\/1"}],"replies":[{"embeddable":true,"href":"https:\/\/amplitudmodulada.com.ar\/index.php\/wp-json\/wp\/v2\/comments?post=11478"}],"version-history":[{"count":3,"href":"https:\/\/amplitudmodulada.com.ar\/index.php\/wp-json\/wp\/v2\/pages\/11478\/revisions"}],"predecessor-version":[{"id":11483,"href":"https:\/\/amplitudmodulada.com.ar\/index.php\/wp-json\/wp\/v2\/pages\/11478\/revisions\/11483"}],"wp:attachment":[{"href":"https:\/\/amplitudmodulada.com.ar\/index.php\/wp-json\/wp\/v2\/media?parent=11478"}],"curies":[{"name":"wp","href":"https:\/\/api.w.org\/{rel}","templated":true}]}}