{"id":11486,"date":"2026-04-12T19:23:10","date_gmt":"2026-04-12T22:23:10","guid":{"rendered":"https:\/\/amplitudmodulada.com.ar\/?page_id=11486"},"modified":"2026-04-12T19:34:33","modified_gmt":"2026-04-12T22:34:33","slug":"noticia14239","status":"publish","type":"page","link":"https:\/\/amplitudmodulada.com.ar\/index.php\/noticia14239\/","title":{"rendered":"El Ministerio de Educaci\u00f3n y Cadena 3 firman la pr\u00f3rroga de un convendio de colaboraci\u00f3n"},"content":{"rendered":"\n<figure class=\"wp-block-image size-full\"><img loading=\"lazy\" decoding=\"async\" width=\"169\" height=\"55\" src=\"http:\/\/amplitudmodulada.com.ar\/wp-content\/uploads\/2024\/02\/cadena3-e1709142729643.png\" alt=\"\" class=\"wp-image-1072\"\/><\/figure>\n\n\n\n<p>El Gobierno de C\u00f3rdoba, a trav\u00e9s del Ministerio de Educaci\u00f3n, firm\u00f3 la pr\u00f3rroga del convenio de vinculaci\u00f3n y colaboraci\u00f3n con Radiodifusora del Centro S.A. con el objetivo de continuar desarrollando acciones conjuntas que contribuyan al fortalecimiento de la educaci\u00f3n.<\/p>\n\n\n\n<p>El acuerdo fue rubricado por el ministro de Educaci\u00f3n, Horacio Ferreyra, y por el apoderado de Cadena 3, Guillermo Tom\u00e1s Chialvo.<\/p>\n\n\n\n<p>El mismo constituye una extensi\u00f3n del convenio firmado originalmente en agosto de 2024.<\/p>\n\n\n\n<p>A partir de esta renovaci\u00f3n, ambas instituciones continuar\u00e1n trabajando de manera articulada para impulsar actividades acad\u00e9micas, jornadas, cursos, pr\u00e1cticas formativas y propuestas de capacitaci\u00f3n vinculadas al desarrollo educativo y cultural en C\u00f3rdoba.<\/p>\n\n\n\n<p>La iniciativa busca generar un marco de cooperaci\u00f3n que permita aprovechar las capacidades de ambas instituciones para promover instancias de aprendizaje, intercambio de experiencias y formaci\u00f3n de recursos humanos, contribuyendo al desarrollo educativo y social del territorio.<\/p>\n\n\n\n<p>En ese sentido, las actividades que se desarrollen en el marco del convenio podr\u00e1n instrumentarse mediante acuerdos espec\u00edficos que definir\u00e1n objetivos, metodolog\u00edas y cronogramas de trabajo, garantizando una planificaci\u00f3n conjunta y el seguimiento de las acciones que se impulsen.<\/p>\n\n\n\n<p>Fuente: <a href=\"http:\/\/www.prensa.cba.gov.ar\" data-type=\"link\" data-id=\"www.prensa.cba.gov.ar\" target=\"_blank\" rel=\"noreferrer noopener\">www.prensa.cba.gov.ar<\/a> | C\u00f3rdoba &#8211; C\u00f3rdoba | 16.03.26<\/p>\n\n\n\n<p><\/p>\n","protected":false},"excerpt":{"rendered":"<p>El Gobierno de C\u00f3rdoba, a trav\u00e9s del Ministerio de Educaci\u00f3n, firm\u00f3 la pr\u00f3rroga del convenio de vinculaci\u00f3n y colaboraci\u00f3n con Radiodifusora del Centro S.A. con el objetivo de continuar desarrollando acciones conjuntas que contribuyan al fortalecimiento de la educaci\u00f3n. El acuerdo fue rubricado por el ministro de Educaci\u00f3n, Horacio Ferreyra, y por el apoderado de &hellip; <a href=\"https:\/\/amplitudmodulada.com.ar\/index.php\/noticia14239\/\" class=\"more-link\">Continu\u00e1 leyendo <span class=\"screen-reader-text\">El Ministerio de Educaci\u00f3n y Cadena 3 firman la pr\u00f3rroga de un convendio de colaboraci\u00f3n<\/span><\/a><\/p>\n","protected":false},"author":1,"featured_media":0,"parent":0,"menu_order":0,"comment_status":"closed","ping_status":"closed","template":"","meta":{"footnotes":""},"class_list":["post-11486","page","type-page","status-publish","hentry"],"_links":{"self":[{"href":"https:\/\/amplitudmodulada.com.ar\/index.php\/wp-json\/wp\/v2\/pages\/11486","targetHints":{"allow":["GET"]}}],"collection":[{"href":"https:\/\/amplitudmodulada.com.ar\/index.php\/wp-json\/wp\/v2\/pages"}],"about":[{"href":"https:\/\/amplitudmodulada.com.ar\/index.php\/wp-json\/wp\/v2\/types\/page"}],"author":[{"embeddable":true,"href":"https:\/\/amplitudmodulada.com.ar\/index.php\/wp-json\/wp\/v2\/users\/1"}],"replies":[{"embeddable":true,"href":"https:\/\/amplitudmodulada.com.ar\/index.php\/wp-json\/wp\/v2\/comments?post=11486"}],"version-history":[{"count":2,"href":"https:\/\/amplitudmodulada.com.ar\/index.php\/wp-json\/wp\/v2\/pages\/11486\/revisions"}],"predecessor-version":[{"id":11489,"href":"https:\/\/amplitudmodulada.com.ar\/index.php\/wp-json\/wp\/v2\/pages\/11486\/revisions\/11489"}],"wp:attachment":[{"href":"https:\/\/amplitudmodulada.com.ar\/index.php\/wp-json\/wp\/v2\/media?parent=11486"}],"curies":[{"name":"wp","href":"https:\/\/api.w.org\/{rel}","templated":true}]}}