{"id":11500,"date":"2026-04-13T16:31:44","date_gmt":"2026-04-13T19:31:44","guid":{"rendered":"https:\/\/amplitudmodulada.com.ar\/?page_id=11500"},"modified":"2026-04-13T16:41:22","modified_gmt":"2026-04-13T19:41:22","slug":"noticia14241","status":"publish","type":"page","link":"https:\/\/amplitudmodulada.com.ar\/index.php\/noticia14241\/","title":{"rendered":"Cadena 3 abre la inscripci\u00f3n para la tercera edici\u00f3n de Sue\u00f1os de Radio"},"content":{"rendered":"\n<figure class=\"wp-block-image size-full\"><img loading=\"lazy\" decoding=\"async\" width=\"169\" height=\"55\" src=\"http:\/\/amplitudmodulada.com.ar\/wp-content\/uploads\/2024\/02\/cadena3-e1709142729643.png\" alt=\"\" class=\"wp-image-1072\"\/><\/figure>\n\n\n\n<p>Cadena 3 Argentina abri\u00f3 las inscripciones para la tercera edici\u00f3n de su programa educativo federal Sue\u00f1os de Radio.<\/p>\n\n\n\n<p>Esta iniciativa buscar que estudiantes secundarios de todo el pa\u00eds desarrollen programas de radio que integren la investigaci\u00f3n, la creatividad y el trabajo en equipo, siempre con un fuerte enfoque en la identidad territorial.<\/p>\n\n\n\n<p>Para este a\u00f1o, el programa ha eliminado cualquier l\u00edmite poblacional, permitiendo la participaci\u00f3n de todas las escuelas secundarias argentinas, ya sean p\u00fablicas o privadas.<\/p>\n\n\n\n<p>Los programas pueden presentarse en cinco \u00e1reas espec\u00edficas: Periodismo, Folklore y M\u00fasicas Regionales, Bandas de Garage, Radioteatro y Grupos Corales.<\/p>\n\n\n\n<p>Los colegios que resulten ganadores ser\u00e1n premiados con equipamiento digital de radio profesional, incluyendo consolas, micr\u00f3fonos, auriculares y procesadores.<\/p>\n\n\n\n<p>El plazo m\u00e1ximo para la presentaci\u00f3n de los trabajos finales es el 4 de agosto de 2026, en tanto que el anuncio de los finalistas se realizar\u00e1 durante el mes de septiembre.<\/p>\n\n\n\n<p>17.03.26<\/p>\n","protected":false},"excerpt":{"rendered":"<p>Cadena 3 Argentina abri\u00f3 las inscripciones para la tercera edici\u00f3n de su programa educativo federal Sue\u00f1os de Radio. Esta iniciativa buscar que estudiantes secundarios de todo el pa\u00eds desarrollen programas de radio que integren la investigaci\u00f3n, la creatividad y el trabajo en equipo, siempre con un fuerte enfoque en la identidad territorial. Para este a\u00f1o, &hellip; <a href=\"https:\/\/amplitudmodulada.com.ar\/index.php\/noticia14241\/\" class=\"more-link\">Continu\u00e1 leyendo <span class=\"screen-reader-text\">Cadena 3 abre la inscripci\u00f3n para la tercera edici\u00f3n de Sue\u00f1os de Radio<\/span><\/a><\/p>\n","protected":false},"author":1,"featured_media":0,"parent":0,"menu_order":0,"comment_status":"closed","ping_status":"closed","template":"","meta":{"footnotes":""},"class_list":["post-11500","page","type-page","status-publish","hentry"],"_links":{"self":[{"href":"https:\/\/amplitudmodulada.com.ar\/index.php\/wp-json\/wp\/v2\/pages\/11500","targetHints":{"allow":["GET"]}}],"collection":[{"href":"https:\/\/amplitudmodulada.com.ar\/index.php\/wp-json\/wp\/v2\/pages"}],"about":[{"href":"https:\/\/amplitudmodulada.com.ar\/index.php\/wp-json\/wp\/v2\/types\/page"}],"author":[{"embeddable":true,"href":"https:\/\/amplitudmodulada.com.ar\/index.php\/wp-json\/wp\/v2\/users\/1"}],"replies":[{"embeddable":true,"href":"https:\/\/amplitudmodulada.com.ar\/index.php\/wp-json\/wp\/v2\/comments?post=11500"}],"version-history":[{"count":3,"href":"https:\/\/amplitudmodulada.com.ar\/index.php\/wp-json\/wp\/v2\/pages\/11500\/revisions"}],"predecessor-version":[{"id":11504,"href":"https:\/\/amplitudmodulada.com.ar\/index.php\/wp-json\/wp\/v2\/pages\/11500\/revisions\/11504"}],"wp:attachment":[{"href":"https:\/\/amplitudmodulada.com.ar\/index.php\/wp-json\/wp\/v2\/media?parent=11500"}],"curies":[{"name":"wp","href":"https:\/\/api.w.org\/{rel}","templated":true}]}}