{"id":11507,"date":"2026-04-13T16:54:19","date_gmt":"2026-04-13T19:54:19","guid":{"rendered":"https:\/\/amplitudmodulada.com.ar\/?page_id=11507"},"modified":"2026-04-13T17:08:38","modified_gmt":"2026-04-13T20:08:38","slug":"noticia14242","status":"publish","type":"page","link":"https:\/\/amplitudmodulada.com.ar\/index.php\/noticia14242\/","title":{"rendered":"El Sindicato de Prensa de Buenos Aires rechaz\u00f3 la privatizaci\u00f3n de los medios p\u00fablicos porte\u00f1os"},"content":{"rendered":"\n<figure class=\"wp-block-image size-full\"><img loading=\"lazy\" decoding=\"async\" width=\"161\" height=\"60\" src=\"http:\/\/amplitudmodulada.com.ar\/wp-content\/uploads\/2024\/01\/sipreba-e1705017884299.png\" alt=\"\" class=\"wp-image-218\"\/><\/figure>\n\n\n\n<p>El Sindicato de Prensa de Buenos Aires (SIPREBA) rechaz\u00f3 en\u00e9rgicamente la concesi\u00f3n de los medios p\u00fablicos porte\u00f1os a manos privadas impulsado por el jefe de Gobierno de la Ciudad de Buenos Aires, Jorge Macri.<\/p>\n\n\n\n<p>&#8220;Los medios p\u00fablicos cumplen un rol fundamental para garantizar el derecho a la informaci\u00f3n de la sociedad y no pueden ser tratados como una mercanc\u00eda ni quedar sujetos a l\u00f3gicas de negocio&#8221;, se\u00f1ala la entidad sindical en un comunicado dado a conocer este mi\u00e9rcoles.<\/p>\n\n\n\n<p>En ese sentido, el Sindicato de Prensa de Buenos Aires asegur\u00f3 que defienden &#8220;el car\u00e1cter p\u00fablico de estos medios y la tarea que diariamente realizan sus trabajadores y trabajadoras&#8221; y exigen &#8220;el resguardo de las fuentes de trabajo y los derechos de quienes sostienen esos espacios con su labor profesional&#8221;.<\/p>\n\n\n\n<p>&#8220;La comunicaci\u00f3n es un derecho y los medios p\u00fablicos son una herramienta clave para garantizar informaci\u00f3n plural, de calidad y al servicio de la ciudadan\u00eda&#8221;, concluye el comunicado.<\/p>\n\n\n\n<p>Asimismo, desde el Sindicato \u00danico de Trabajadores y Empleados de la Ciudad de Buenos Aires (SUTECBA) anunciaron que avanzar\u00e1n con la presentaci\u00f3n de un amparo ante la Justicia.<\/p>\n\n\n\n<p>Fuente: <a href=\"http:\/\/www.eldarioar.com\" data-type=\"link\" data-id=\"www.eldarioar.com\" target=\"_blank\" rel=\"noreferrer noopener\">www.eldarioar.com<\/a> | Ciudad Aut\u00f3noma de Buenos Aires | 18.03.26<\/p>\n\n\n\n<p><\/p>\n","protected":false},"excerpt":{"rendered":"<p>El Sindicato de Prensa de Buenos Aires (SIPREBA) rechaz\u00f3 en\u00e9rgicamente la concesi\u00f3n de los medios p\u00fablicos porte\u00f1os a manos privadas impulsado por el jefe de Gobierno de la Ciudad de Buenos Aires, Jorge Macri. &#8220;Los medios p\u00fablicos cumplen un rol fundamental para garantizar el derecho a la informaci\u00f3n de la sociedad y no pueden ser &hellip; <a href=\"https:\/\/amplitudmodulada.com.ar\/index.php\/noticia14242\/\" class=\"more-link\">Continu\u00e1 leyendo <span class=\"screen-reader-text\">El Sindicato de Prensa de Buenos Aires rechaz\u00f3 la privatizaci\u00f3n de los medios p\u00fablicos porte\u00f1os<\/span><\/a><\/p>\n","protected":false},"author":1,"featured_media":0,"parent":0,"menu_order":0,"comment_status":"closed","ping_status":"closed","template":"","meta":{"footnotes":""},"class_list":["post-11507","page","type-page","status-publish","hentry"],"_links":{"self":[{"href":"https:\/\/amplitudmodulada.com.ar\/index.php\/wp-json\/wp\/v2\/pages\/11507","targetHints":{"allow":["GET"]}}],"collection":[{"href":"https:\/\/amplitudmodulada.com.ar\/index.php\/wp-json\/wp\/v2\/pages"}],"about":[{"href":"https:\/\/amplitudmodulada.com.ar\/index.php\/wp-json\/wp\/v2\/types\/page"}],"author":[{"embeddable":true,"href":"https:\/\/amplitudmodulada.com.ar\/index.php\/wp-json\/wp\/v2\/users\/1"}],"replies":[{"embeddable":true,"href":"https:\/\/amplitudmodulada.com.ar\/index.php\/wp-json\/wp\/v2\/comments?post=11507"}],"version-history":[{"count":2,"href":"https:\/\/amplitudmodulada.com.ar\/index.php\/wp-json\/wp\/v2\/pages\/11507\/revisions"}],"predecessor-version":[{"id":11510,"href":"https:\/\/amplitudmodulada.com.ar\/index.php\/wp-json\/wp\/v2\/pages\/11507\/revisions\/11510"}],"wp:attachment":[{"href":"https:\/\/amplitudmodulada.com.ar\/index.php\/wp-json\/wp\/v2\/media?parent=11507"}],"curies":[{"name":"wp","href":"https:\/\/api.w.org\/{rel}","templated":true}]}}