{"id":11513,"date":"2026-04-13T18:40:54","date_gmt":"2026-04-13T21:40:54","guid":{"rendered":"https:\/\/amplitudmodulada.com.ar\/?page_id=11513"},"modified":"2026-04-13T18:51:56","modified_gmt":"2026-04-13T21:51:56","slug":"noticia14243","status":"publish","type":"page","link":"https:\/\/amplitudmodulada.com.ar\/index.php\/noticia14243\/","title":{"rendered":"Radio Pop levant\u00f3 los programas de Elizabeth Vernaci y Lizy Tagliani"},"content":{"rendered":"\n<figure class=\"wp-block-image size-full\"><img loading=\"lazy\" decoding=\"async\" width=\"128\" height=\"90\" src=\"http:\/\/amplitudmodulada.com.ar\/wp-content\/uploads\/2025\/01\/Pop-e1736382287686.gif\" alt=\"\" class=\"wp-image-5213\"\/><\/figure>\n\n\n\n<p>En el marco de una reestructuraci\u00f3n de su grilla de programaci\u00f3n, la emisora de Frecuencia Modulada Radio Pop decidi\u00f3 levantar los programas de Elizabeth Vernaci y Lizy Tagliani, dos de sus principales figuras.<\/p>\n\n\n\n<p>Seg\u00fan trascendi\u00f3, ambos ciclos finalizar\u00e1n el pr\u00b4\u00f3ximo viernes 27 de marzo.<\/p>\n\n\n\n<p>Lizy Tagliani conduc\u00eda &#8220;Arriba Beb\u00e9&#8221;, de lunes a viernes de 6.00 a 9.00 horas, en tanto que Elizabeth Vernaci estaba al frente de &#8220;La Negra Pop&#8221; en la denominada segunda ma\u00f1ana, de 9.00 a 13.00 horas.<\/p>\n\n\n\n<p>La decisi\u00f3n fue comunicada en las \u00faltimas horas y tom\u00f3 por sorpresa a ambas conductoras.<\/p>\n\n\n\n<p>De acuerdo con lo informado en el programa televisivo &#8220;Intrusos&#8221;, Elizabeth Vernaci fue notificada poco antes de salir al aire, mientras que a Lizy Tagliani se le inform\u00f3 la novedad al finalizar su programa.<\/p>\n\n\n\n<p>Al aire, la conductora de &#8220;La Negra Pop&#8221; expres\u00f3 su malestar sin dar detalles precisos sobre los motivos de la medida.<\/p>\n\n\n\n<p>En ese sentido, se\u00f1al\u00f3 que ya ten\u00eda organizado su a\u00f1o laboral y cuestion\u00f3  el momento en que se tom\u00f3 la decisi\u00f3n.<\/p>\n\n\n\n<p>Con un tono ir\u00f3nico, dej\u00f3 entrever su enojo hacia las autoridades de la radio y marc\u00f3 el impacto que tuvo la noticia en su equipo.<\/p>\n\n\n\n<p>La conductora comenz\u00f3 esta semana &#8220;Amanece que no es Poco&#8221;, su nuevo programa en el streaming Olga, junto a Paulo Kablan y Marcos Aramburu.<\/p>\n\n\n\n<p>Fuente: <a href=\"http:\/\/www.tiempoar.com.ar\" data-type=\"link\" data-id=\"www.tiempoar.com.ar\" target=\"_blank\" rel=\"noreferrer noopener\">www.tiempoar.com.ar<\/a> | Ciudad Aut\u00f3noma de Buenos Aires | 19.03.26<\/p>\n\n\n\n<p><\/p>\n","protected":false},"excerpt":{"rendered":"<p>En el marco de una reestructuraci\u00f3n de su grilla de programaci\u00f3n, la emisora de Frecuencia Modulada Radio Pop decidi\u00f3 levantar los programas de Elizabeth Vernaci y Lizy Tagliani, dos de sus principales figuras. Seg\u00fan trascendi\u00f3, ambos ciclos finalizar\u00e1n el pr\u00b4\u00f3ximo viernes 27 de marzo. Lizy Tagliani conduc\u00eda &#8220;Arriba Beb\u00e9&#8221;, de lunes a viernes de 6.00 &hellip; <a href=\"https:\/\/amplitudmodulada.com.ar\/index.php\/noticia14243\/\" class=\"more-link\">Continu\u00e1 leyendo <span class=\"screen-reader-text\">Radio Pop levant\u00f3 los programas de Elizabeth Vernaci y Lizy Tagliani<\/span><\/a><\/p>\n","protected":false},"author":1,"featured_media":0,"parent":0,"menu_order":0,"comment_status":"closed","ping_status":"closed","template":"","meta":{"footnotes":""},"class_list":["post-11513","page","type-page","status-publish","hentry"],"_links":{"self":[{"href":"https:\/\/amplitudmodulada.com.ar\/index.php\/wp-json\/wp\/v2\/pages\/11513","targetHints":{"allow":["GET"]}}],"collection":[{"href":"https:\/\/amplitudmodulada.com.ar\/index.php\/wp-json\/wp\/v2\/pages"}],"about":[{"href":"https:\/\/amplitudmodulada.com.ar\/index.php\/wp-json\/wp\/v2\/types\/page"}],"author":[{"embeddable":true,"href":"https:\/\/amplitudmodulada.com.ar\/index.php\/wp-json\/wp\/v2\/users\/1"}],"replies":[{"embeddable":true,"href":"https:\/\/amplitudmodulada.com.ar\/index.php\/wp-json\/wp\/v2\/comments?post=11513"}],"version-history":[{"count":4,"href":"https:\/\/amplitudmodulada.com.ar\/index.php\/wp-json\/wp\/v2\/pages\/11513\/revisions"}],"predecessor-version":[{"id":11519,"href":"https:\/\/amplitudmodulada.com.ar\/index.php\/wp-json\/wp\/v2\/pages\/11513\/revisions\/11519"}],"wp:attachment":[{"href":"https:\/\/amplitudmodulada.com.ar\/index.php\/wp-json\/wp\/v2\/media?parent=11513"}],"curies":[{"name":"wp","href":"https:\/\/api.w.org\/{rel}","templated":true}]}}