{"id":11522,"date":"2026-04-13T19:45:04","date_gmt":"2026-04-13T22:45:04","guid":{"rendered":"https:\/\/amplitudmodulada.com.ar\/?page_id=11522"},"modified":"2026-04-13T19:56:35","modified_gmt":"2026-04-13T22:56:35","slug":"noticia14244","status":"publish","type":"page","link":"https:\/\/amplitudmodulada.com.ar\/index.php\/noticia14244\/","title":{"rendered":"Carlos Silva Neder saludo a LV11 Radio Santiago del Estero por su 56\u00ba aniversario"},"content":{"rendered":"\n<figure class=\"wp-block-image size-full\"><img loading=\"lazy\" decoding=\"async\" width=\"171\" height=\"100\" src=\"http:\/\/amplitudmodulada.com.ar\/wp-content\/uploads\/2024\/05\/LV11-e1714598560483.png\" alt=\"\" class=\"wp-image-1835\"\/><\/figure>\n\n\n\n<p>En el marco del 56\u00ba aniversario de la primera emisi\u00f3n de LV11 Radio Santiago del Estero, que se celebrar\u00e1 el pr\u00f3ximo 29 de marzo, el vicegobernador de esa provincia, Carlos Silva Neder envi\u00f3 un mensaje de reconocimiento a la emisora y a todo su equipo de trabajo.<\/p>\n\n\n\n<p>&#8220;Quiero enviar un afectuoso saludo y un sentido abrazo a la familia de LV11, la radio de todos los santiague\u00f1os&#8221;, expers\u00f3 Silva Neder, al tiempo que remarc\u00f3 la importancia hist\u00f3rica y social del medio en la provincia.<\/p>\n\n\n\n<p>En su mensaje, el vicegobernador hizo extensivo su saludo a la familia Cantos, propietarios de la radio, mencionando especialmente a Jos\u00e9 Mar\u00eda y Blas, as\u00ed como tambi\u00e9n a periodistas, locutores, operadores, t\u00e9cnicos y a cada uno de los trabajadores que d\u00eda a d\u00eda sostienen el funcionamiento de la emisora.<\/p>\n\n\n\n<p>En ese marco, destac\u00f3 adem\u00e1s el rol de Radio Santiago del Estero como canal de informaci\u00f3n, entretenimiento y conexi\u00f3n con la comunidad.<\/p>\n\n\n\n<p>Fuente: <a href=\"http:\/\/www.nuevodiarioweb.com.ar\" data-type=\"link\" data-id=\"www.nuevodiarioweb.com.ar\" target=\"_blank\" rel=\"noreferrer noopener\">www.nuevodiarioweb.com.ar<\/a> | Santiago del Estero &#8211; Santiago del Estero | 20.03.26<\/p>\n\n\n\n<p><\/p>\n","protected":false},"excerpt":{"rendered":"<p>En el marco del 56\u00ba aniversario de la primera emisi\u00f3n de LV11 Radio Santiago del Estero, que se celebrar\u00e1 el pr\u00f3ximo 29 de marzo, el vicegobernador de esa provincia, Carlos Silva Neder envi\u00f3 un mensaje de reconocimiento a la emisora y a todo su equipo de trabajo. &#8220;Quiero enviar un afectuoso saludo y un sentido &hellip; <a href=\"https:\/\/amplitudmodulada.com.ar\/index.php\/noticia14244\/\" class=\"more-link\">Continu\u00e1 leyendo <span class=\"screen-reader-text\">Carlos Silva Neder saludo a LV11 Radio Santiago del Estero por su 56\u00ba aniversario<\/span><\/a><\/p>\n","protected":false},"author":1,"featured_media":0,"parent":0,"menu_order":0,"comment_status":"closed","ping_status":"closed","template":"","meta":{"footnotes":""},"class_list":["post-11522","page","type-page","status-publish","hentry"],"_links":{"self":[{"href":"https:\/\/amplitudmodulada.com.ar\/index.php\/wp-json\/wp\/v2\/pages\/11522","targetHints":{"allow":["GET"]}}],"collection":[{"href":"https:\/\/amplitudmodulada.com.ar\/index.php\/wp-json\/wp\/v2\/pages"}],"about":[{"href":"https:\/\/amplitudmodulada.com.ar\/index.php\/wp-json\/wp\/v2\/types\/page"}],"author":[{"embeddable":true,"href":"https:\/\/amplitudmodulada.com.ar\/index.php\/wp-json\/wp\/v2\/users\/1"}],"replies":[{"embeddable":true,"href":"https:\/\/amplitudmodulada.com.ar\/index.php\/wp-json\/wp\/v2\/comments?post=11522"}],"version-history":[{"count":3,"href":"https:\/\/amplitudmodulada.com.ar\/index.php\/wp-json\/wp\/v2\/pages\/11522\/revisions"}],"predecessor-version":[{"id":11527,"href":"https:\/\/amplitudmodulada.com.ar\/index.php\/wp-json\/wp\/v2\/pages\/11522\/revisions\/11527"}],"wp:attachment":[{"href":"https:\/\/amplitudmodulada.com.ar\/index.php\/wp-json\/wp\/v2\/media?parent=11522"}],"curies":[{"name":"wp","href":"https:\/\/api.w.org\/{rel}","templated":true}]}}