{"id":11538,"date":"2026-04-14T19:11:45","date_gmt":"2026-04-14T22:11:45","guid":{"rendered":"https:\/\/amplitudmodulada.com.ar\/?page_id=11538"},"modified":"2026-04-14T19:22:48","modified_gmt":"2026-04-14T22:22:48","slug":"noticia14246","status":"publish","type":"page","link":"https:\/\/amplitudmodulada.com.ar\/index.php\/noticia14246\/","title":{"rendered":"Repudian la decisi\u00f3n de sacar del aire a la periodista Mariana Cornejo"},"content":{"rendered":"\n<figure class=\"wp-block-image size-full\"><img loading=\"lazy\" decoding=\"async\" width=\"110\" height=\"110\" src=\"http:\/\/amplitudmodulada.com.ar\/wp-content\/uploads\/2024\/10\/LRA-e1728000015658.jpg\" alt=\"\" class=\"wp-image-4179\"\/><\/figure>\n\n\n\n<p>El Sindicato de Prensa Zona Sur manifest\u00f3 su &#8220;m\u00e1s en\u00e9rgico repudio ante la decisi\u00f3n arbitraria de sacar del aire a la periodista Mariana Cornejo de LRA3 Radio Nacional Santa Rosa&#8221;.<\/p>\n\n\n\n<p>&#8220;Este hecho no es aislado. Se da en un preocupante contexto nacional donde se intenta disciplinar el pensamiento y acallar aquellas voces que no se sumen al coro oficialista. La radio p\u00fablica debe ser, por definici\u00f3n, el espacio de la pluralidad, el disenso y la construcci\u00f3n democr\u00e1tica. Transformarla en una herrmamienta de propaganda o censura es un retroceso institucional inaceptable&#8221;, se\u00f1al\u00f3 la entidad gremial.<\/p>\n\n\n\n<p>En ese sentido, el Sindicato de Prensa Zona Sur advirti\u00f3 que &#8220;la invisibilizaci\u00f3n de trabajadores y trabajadoras de prensa no solo vulnera derechos laborales, sino que atenta directamente contra el derecho a la informaci\u00f3n de toda la ciudadan\u00eda&#8221;.<\/p>\n\n\n\n<p>&#8220;No hay libertad de expresi\u00f3n posible si el precio por informar con mirada cr\u00edtica es el silenciamiento&#8221;, concluy\u00f3.<\/p>\n\n\n\n<p>Fuente: <a href=\"http:\/\/www.eldiariodelapampa,com.ar\" data-type=\"link\" data-id=\"www.eldiariodelapampa,com.ar\" target=\"_blank\" rel=\"noreferrer noopener\">www.eldiariodelapampa.com.ar<\/a> | Santa Rosa &#8211; La Pampa | 20.03.26<\/p>\n\n\n\n<p><\/p>\n","protected":false},"excerpt":{"rendered":"<p>El Sindicato de Prensa Zona Sur manifest\u00f3 su &#8220;m\u00e1s en\u00e9rgico repudio ante la decisi\u00f3n arbitraria de sacar del aire a la periodista Mariana Cornejo de LRA3 Radio Nacional Santa Rosa&#8221;. &#8220;Este hecho no es aislado. Se da en un preocupante contexto nacional donde se intenta disciplinar el pensamiento y acallar aquellas voces que no se &hellip; <a href=\"https:\/\/amplitudmodulada.com.ar\/index.php\/noticia14246\/\" class=\"more-link\">Continu\u00e1 leyendo <span class=\"screen-reader-text\">Repudian la decisi\u00f3n de sacar del aire a la periodista Mariana Cornejo<\/span><\/a><\/p>\n","protected":false},"author":1,"featured_media":0,"parent":0,"menu_order":0,"comment_status":"closed","ping_status":"closed","template":"","meta":{"footnotes":""},"class_list":["post-11538","page","type-page","status-publish","hentry"],"_links":{"self":[{"href":"https:\/\/amplitudmodulada.com.ar\/index.php\/wp-json\/wp\/v2\/pages\/11538","targetHints":{"allow":["GET"]}}],"collection":[{"href":"https:\/\/amplitudmodulada.com.ar\/index.php\/wp-json\/wp\/v2\/pages"}],"about":[{"href":"https:\/\/amplitudmodulada.com.ar\/index.php\/wp-json\/wp\/v2\/types\/page"}],"author":[{"embeddable":true,"href":"https:\/\/amplitudmodulada.com.ar\/index.php\/wp-json\/wp\/v2\/users\/1"}],"replies":[{"embeddable":true,"href":"https:\/\/amplitudmodulada.com.ar\/index.php\/wp-json\/wp\/v2\/comments?post=11538"}],"version-history":[{"count":2,"href":"https:\/\/amplitudmodulada.com.ar\/index.php\/wp-json\/wp\/v2\/pages\/11538\/revisions"}],"predecessor-version":[{"id":11541,"href":"https:\/\/amplitudmodulada.com.ar\/index.php\/wp-json\/wp\/v2\/pages\/11538\/revisions\/11541"}],"wp:attachment":[{"href":"https:\/\/amplitudmodulada.com.ar\/index.php\/wp-json\/wp\/v2\/media?parent=11538"}],"curies":[{"name":"wp","href":"https:\/\/api.w.org\/{rel}","templated":true}]}}