{"id":11553,"date":"2026-04-16T20:58:10","date_gmt":"2026-04-16T23:58:10","guid":{"rendered":"https:\/\/amplitudmodulada.com.ar\/?page_id=11553"},"modified":"2026-04-17T11:58:28","modified_gmt":"2026-04-17T14:58:28","slug":"noticia14248","status":"publish","type":"page","link":"https:\/\/amplitudmodulada.com.ar\/index.php\/noticia14248\/","title":{"rendered":"Recuerdan un hecho de censura en LRA14 Radio Nacional Santa Fe"},"content":{"rendered":"\n<figure class=\"wp-block-image size-full\"><img loading=\"lazy\" decoding=\"async\" width=\"110\" height=\"110\" src=\"http:\/\/amplitudmodulada.com.ar\/wp-content\/uploads\/2024\/10\/LRA-e1728000015658.jpg\" alt=\"\" class=\"wp-image-4179\"\/><\/figure>\n\n\n\n<p>En el marco del 50\u00ba aniversario del comienzo de la \u00faltima dictadura c\u00edvico militar, el portal Pausa record\u00f3 este fin de semana un grave hecho de censura ocurrido en LRA14 Radio Nacional Santa Fe, cuando autoridades militares rayaron intencionalmente discos que consideraban subversivos.<\/p>\n\n\n\n<p>En ese sentido, Pausa explica que en el s\u00e9ptimo piso del edificio del Correo Argentino, donde durante d\u00e9cadas funcion\u00f3 la emisora p\u00fablica de Santa Fe, se hallaron discos de vinilo que no fueron rayados por descuido o por su uso sino mutilados quir\u00fargicamente con la punta de una picana.<\/p>\n\n\n\n<p>&#8220;Cuando asumimos nos quedaba revisar las cosas que hab\u00edan quedado en el viejo edificio&#8221;, record\u00f3 Mariana Steckler, quien dirigi\u00f3 la emisora entre 2020 y 2023, en di\u00e1logo con Pausa.<\/p>\n\n\n\n<p>La ex directiva indic\u00f3 que durante esas tareas &#8220;encontramos algunos discos de vinilo de la \u00e9poca de la dictadura rayados como con la punta de una soldadura en los surcos puntuales de algunas canciones&#8221;. <\/p>\n\n\n\n<p>En estos casos el censor no romp\u00eda el disco entero, eleg\u00eda el surco, la palabra, la idea que deb\u00eda desaparecer.<\/p>\n\n\n\n<p>Durante la \u00faltima dictadura c\u00edvico militar, el Comit\u00e9 Federal de Radiodifusi\u00f3n (COMFER) manejaba listas de &#8220;canciones cuya difusi\u00f3n se consideraba no apta&#8221;.<\/p>\n\n\n\n<p>Estas listas prohib\u00eda desde el contenido pol\u00edtico expl\u00edcito hasta la sensualidad que los militares consideraban &#8220;amoral&#8221;.<\/p>\n\n\n\n<p>Fuente: <a href=\"http:\/\/www.pausa.com.ar\" data-type=\"link\" data-id=\"www.pausa.com.ar\" target=\"_blank\" rel=\"noreferrer noopener\">www.pausa.com.ar<\/a> | Santa Fe &#8211; Santa Fe | 23.03.26<\/p>\n\n\n\n<p><\/p>\n","protected":false},"excerpt":{"rendered":"<p>En el marco del 50\u00ba aniversario del comienzo de la \u00faltima dictadura c\u00edvico militar, el portal Pausa record\u00f3 este fin de semana un grave hecho de censura ocurrido en LRA14 Radio Nacional Santa Fe, cuando autoridades militares rayaron intencionalmente discos que consideraban subversivos. En ese sentido, Pausa explica que en el s\u00e9ptimo piso del edificio &hellip; <a href=\"https:\/\/amplitudmodulada.com.ar\/index.php\/noticia14248\/\" class=\"more-link\">Continu\u00e1 leyendo <span class=\"screen-reader-text\">Recuerdan un hecho de censura en LRA14 Radio Nacional Santa Fe<\/span><\/a><\/p>\n","protected":false},"author":1,"featured_media":0,"parent":0,"menu_order":0,"comment_status":"closed","ping_status":"closed","template":"","meta":{"footnotes":""},"class_list":["post-11553","page","type-page","status-publish","hentry"],"_links":{"self":[{"href":"https:\/\/amplitudmodulada.com.ar\/index.php\/wp-json\/wp\/v2\/pages\/11553","targetHints":{"allow":["GET"]}}],"collection":[{"href":"https:\/\/amplitudmodulada.com.ar\/index.php\/wp-json\/wp\/v2\/pages"}],"about":[{"href":"https:\/\/amplitudmodulada.com.ar\/index.php\/wp-json\/wp\/v2\/types\/page"}],"author":[{"embeddable":true,"href":"https:\/\/amplitudmodulada.com.ar\/index.php\/wp-json\/wp\/v2\/users\/1"}],"replies":[{"embeddable":true,"href":"https:\/\/amplitudmodulada.com.ar\/index.php\/wp-json\/wp\/v2\/comments?post=11553"}],"version-history":[{"count":2,"href":"https:\/\/amplitudmodulada.com.ar\/index.php\/wp-json\/wp\/v2\/pages\/11553\/revisions"}],"predecessor-version":[{"id":11556,"href":"https:\/\/amplitudmodulada.com.ar\/index.php\/wp-json\/wp\/v2\/pages\/11553\/revisions\/11556"}],"wp:attachment":[{"href":"https:\/\/amplitudmodulada.com.ar\/index.php\/wp-json\/wp\/v2\/media?parent=11553"}],"curies":[{"name":"wp","href":"https:\/\/api.w.org\/{rel}","templated":true}]}}