{"id":11567,"date":"2026-04-17T17:40:22","date_gmt":"2026-04-17T20:40:22","guid":{"rendered":"https:\/\/amplitudmodulada.com.ar\/?page_id=11567"},"modified":"2026-04-17T17:53:42","modified_gmt":"2026-04-17T20:53:42","slug":"noticia14250","status":"publish","type":"page","link":"https:\/\/amplitudmodulada.com.ar\/index.php\/noticia14250\/","title":{"rendered":"Trabajadores de LT12 Radio Nacional General Madariaga denuncian el vaciamiento de la emisora"},"content":{"rendered":"\n<figure class=\"wp-block-image size-full\"><img loading=\"lazy\" decoding=\"async\" width=\"110\" height=\"110\" src=\"http:\/\/amplitudmodulada.com.ar\/wp-content\/uploads\/2024\/10\/LRA-e1728000015658.jpg\" alt=\"\" class=\"wp-image-4179\"\/><\/figure>\n\n\n\n<p>Los trabajadores de LT12 Radio Nacional General Madariaga de Paso de los Libres denunciaron el vaciamiento de la emisora tras una orden telef\u00f3nica de Buenos Aires de levantar la programaci\u00f3n local.<\/p>\n\n\n\n<p>Seg\u00fan indicaron los trabajadores nucleados en la Asociaci\u00f3n de Periodistas de Corrientes (APC), la instrucci\u00f3n fue impartida por la gerenta de Emisoras de Radio Nacional, Gabriela Mambretti, el pasado mi\u00e9rcoles 18 de marzo.<\/p>\n\n\n\n<p>Pese a que los periodistas y operadores concurrieron a sus puestos de trabajo en los horarios asignados, el aire no fue habilitado, por lo que los trabajadores permanecieron sin funci\u00f3n alguna.<\/p>\n\n\n\n<p>Uno de los puntos que mayor incertidumbre genera entre los trabajadores de la emisora de Paso de los Libres es la falta de canales formales.<\/p>\n\n\n\n<p>En ese sentido, denunciaron que no hubo notificaciones escritas ni disposiciones institucionales que expliquen la medida.<\/p>\n\n\n\n<p>Al realizar las averiguaciones correspondientes, la respuesta, recibida v\u00eda mensajer\u00eda instant\u00e1nea, fue que la decisi\u00f3n obedecer\u00eda a supuestos &#8220;malos tratos hacia la coordinadora de programaci\u00f3n&#8221;.<\/p>\n\n\n\n<p>Ante esta situaci\u00f3n, los trabajadores negaron los supuestos maltratos y aseguraron que el desempe\u00f1o profesional se desarroll\u00f3 siempre con respeto institucional.<\/p>\n\n\n\n<p>Asimismo, consideraron la medida como unilateral y carente de resoluci\u00f3n administrativa y advirtieron que este podr\u00eda ser el inicio de un proceso que termine en retiros obligados o despidos.<\/p>\n\n\n\n<p>Fuente: <a href=\"http:\/\/www.ellitoral.com.ar\" data-type=\"link\" data-id=\"www.ellitoral.com.ar\" target=\"_blank\" rel=\"noreferrer noopener\">www.ellitoral.com.ar<\/a> | Corrientes &#8211; Corrientes | 23.03.26<\/p>\n\n\n\n<p><\/p>\n","protected":false},"excerpt":{"rendered":"<p>Los trabajadores de LT12 Radio Nacional General Madariaga de Paso de los Libres denunciaron el vaciamiento de la emisora tras una orden telef\u00f3nica de Buenos Aires de levantar la programaci\u00f3n local. Seg\u00fan indicaron los trabajadores nucleados en la Asociaci\u00f3n de Periodistas de Corrientes (APC), la instrucci\u00f3n fue impartida por la gerenta de Emisoras de Radio &hellip; <a href=\"https:\/\/amplitudmodulada.com.ar\/index.php\/noticia14250\/\" class=\"more-link\">Continu\u00e1 leyendo <span class=\"screen-reader-text\">Trabajadores de LT12 Radio Nacional General Madariaga denuncian el vaciamiento de la emisora<\/span><\/a><\/p>\n","protected":false},"author":1,"featured_media":0,"parent":0,"menu_order":0,"comment_status":"closed","ping_status":"closed","template":"","meta":{"footnotes":""},"class_list":["post-11567","page","type-page","status-publish","hentry"],"_links":{"self":[{"href":"https:\/\/amplitudmodulada.com.ar\/index.php\/wp-json\/wp\/v2\/pages\/11567","targetHints":{"allow":["GET"]}}],"collection":[{"href":"https:\/\/amplitudmodulada.com.ar\/index.php\/wp-json\/wp\/v2\/pages"}],"about":[{"href":"https:\/\/amplitudmodulada.com.ar\/index.php\/wp-json\/wp\/v2\/types\/page"}],"author":[{"embeddable":true,"href":"https:\/\/amplitudmodulada.com.ar\/index.php\/wp-json\/wp\/v2\/users\/1"}],"replies":[{"embeddable":true,"href":"https:\/\/amplitudmodulada.com.ar\/index.php\/wp-json\/wp\/v2\/comments?post=11567"}],"version-history":[{"count":4,"href":"https:\/\/amplitudmodulada.com.ar\/index.php\/wp-json\/wp\/v2\/pages\/11567\/revisions"}],"predecessor-version":[{"id":11575,"href":"https:\/\/amplitudmodulada.com.ar\/index.php\/wp-json\/wp\/v2\/pages\/11567\/revisions\/11575"}],"wp:attachment":[{"href":"https:\/\/amplitudmodulada.com.ar\/index.php\/wp-json\/wp\/v2\/media?parent=11567"}],"curies":[{"name":"wp","href":"https:\/\/api.w.org\/{rel}","templated":true}]}}