{"id":11576,"date":"2026-04-18T14:08:31","date_gmt":"2026-04-18T17:08:31","guid":{"rendered":"https:\/\/amplitudmodulada.com.ar\/?page_id=11576"},"modified":"2026-04-19T09:40:51","modified_gmt":"2026-04-19T12:40:51","slug":"noticia14251","status":"publish","type":"page","link":"https:\/\/amplitudmodulada.com.ar\/index.php\/noticia14251\/","title":{"rendered":"LU12 Radio R\u00edo Gallegos celebr\u00f3 este lunes su 88\u00ba aniversario"},"content":{"rendered":"\n<figure class=\"wp-block-image size-full\"><img loading=\"lazy\" decoding=\"async\" width=\"180\" height=\"72\" src=\"http:\/\/amplitudmodulada.com.ar\/wp-content\/uploads\/2025\/01\/LU12-e1736508080496.png\" alt=\"\" class=\"wp-image-5262\"\/><\/figure>\n\n\n\n<p>Con una programaci\u00f3n especial, que incluy\u00f3 entrevistas a ex locutores y m\u00fasica en vivo en los estudios de la emisora, LU12 Radio R\u00edo Gallegos celebr\u00f3 este lunes 23 de marzo el 88\u00ba aniversario de su primera emisi\u00f3n.<\/p>\n\n\n\n<p>Radio R\u00edo Gallegos sali\u00f3 al aire por primera vez el 23 de marzo de 1938.<\/p>\n\n\n\n<p>En ese \u00e9poca, en nuestro pa\u00eds estaba ya consolidada una importante red de emisoras de Amplitud Modulada.<\/p>\n\n\n\n<p>Para esa \u00e9poca ya estaban activas emisoras pioneras como Radio Argentina, Radio Cultura, Radio Sud Am\u00e9rica, Radio Excelsior, Radio Libertad, Radio Gran Splendid y Radio Belgrano.<\/p>\n\n\n\n<p>La red inclu\u00eda emisoras en Buenos Aires y radios provinciales que comenzaban a conformar cadenas nacionales.<\/p>\n\n\n\n<p>En ese contexto comenz\u00f3 a emitir Radio R\u00edo Gallegos, la primera emisora de la Patagonia Argentina.<\/p>\n\n\n\n<p>En 2019, el Grupo Cr\u00f3nica adquiri\u00f3 el Grupo La Opini\u00f3n Austral, conformado por Radio R\u00edo Gallegos, FM L\u00e1ser de R\u00edo Gallegos, FM Las Heras, el diario La Opini\u00f3n Austral y su p\u00e1gina web.<\/p>\n\n\n\n<p>Fuente: <a href=\"http:\/\/www.laopinio\" data-type=\"link\" data-id=\"www.laopinio\" target=\"_blank\" rel=\"noreferrer noopener\">www.laopinionaustral.com.ar<\/a> | R\u00edo Gallegos &#8211; Santa Cruz | 23.03.26<\/p>\n\n\n\n<p><\/p>\n","protected":false},"excerpt":{"rendered":"<p>Con una programaci\u00f3n especial, que incluy\u00f3 entrevistas a ex locutores y m\u00fasica en vivo en los estudios de la emisora, LU12 Radio R\u00edo Gallegos celebr\u00f3 este lunes 23 de marzo el 88\u00ba aniversario de su primera emisi\u00f3n. Radio R\u00edo Gallegos sali\u00f3 al aire por primera vez el 23 de marzo de 1938. En ese \u00e9poca, &hellip; <a href=\"https:\/\/amplitudmodulada.com.ar\/index.php\/noticia14251\/\" class=\"more-link\">Continu\u00e1 leyendo <span class=\"screen-reader-text\">LU12 Radio R\u00edo Gallegos celebr\u00f3 este lunes su 88\u00ba aniversario<\/span><\/a><\/p>\n","protected":false},"author":1,"featured_media":0,"parent":0,"menu_order":0,"comment_status":"closed","ping_status":"closed","template":"","meta":{"footnotes":""},"class_list":["post-11576","page","type-page","status-publish","hentry"],"_links":{"self":[{"href":"https:\/\/amplitudmodulada.com.ar\/index.php\/wp-json\/wp\/v2\/pages\/11576","targetHints":{"allow":["GET"]}}],"collection":[{"href":"https:\/\/amplitudmodulada.com.ar\/index.php\/wp-json\/wp\/v2\/pages"}],"about":[{"href":"https:\/\/amplitudmodulada.com.ar\/index.php\/wp-json\/wp\/v2\/types\/page"}],"author":[{"embeddable":true,"href":"https:\/\/amplitudmodulada.com.ar\/index.php\/wp-json\/wp\/v2\/users\/1"}],"replies":[{"embeddable":true,"href":"https:\/\/amplitudmodulada.com.ar\/index.php\/wp-json\/wp\/v2\/comments?post=11576"}],"version-history":[{"count":3,"href":"https:\/\/amplitudmodulada.com.ar\/index.php\/wp-json\/wp\/v2\/pages\/11576\/revisions"}],"predecessor-version":[{"id":11580,"href":"https:\/\/amplitudmodulada.com.ar\/index.php\/wp-json\/wp\/v2\/pages\/11576\/revisions\/11580"}],"wp:attachment":[{"href":"https:\/\/amplitudmodulada.com.ar\/index.php\/wp-json\/wp\/v2\/media?parent=11576"}],"curies":[{"name":"wp","href":"https:\/\/api.w.org\/{rel}","templated":true}]}}