{"id":11597,"date":"2026-04-19T13:18:36","date_gmt":"2026-04-19T16:18:36","guid":{"rendered":"https:\/\/amplitudmodulada.com.ar\/?page_id=11597"},"modified":"2026-04-19T13:46:42","modified_gmt":"2026-04-19T16:46:42","slug":"noticia14254","status":"publish","type":"page","link":"https:\/\/amplitudmodulada.com.ar\/index.php\/noticia14254\/","title":{"rendered":"Trabajadores de LRA30 Radio Nacional Bariloche emitieron una carta abierta"},"content":{"rendered":"\n<figure class=\"wp-block-image size-full\"><img loading=\"lazy\" decoding=\"async\" width=\"110\" height=\"110\" src=\"http:\/\/amplitudmodulada.com.ar\/wp-content\/uploads\/2024\/10\/LRA-e1728000015658.jpg\" alt=\"\" class=\"wp-image-4179\"\/><\/figure>\n\n\n\n<p>En el marco del D\u00eda del Trabajador de Prensa y a cincuenta a\u00f1os del comienzo de la \u00faltima dictadura c\u00edvico militar, trabajadores y trabajadoras de LRA30 Radio Nacional Bariloche difundieron una carta abierta en la que alertan sobre el vaciamiento de los medios p\u00fablicos en nuestro pa\u00eds.<\/p>\n\n\n\n<p>En la misma, adem\u00e1s, denuncian recortes y centralizaci\u00f3n de contenidos en Radio y Televisi\u00f3n Argentina (RTA) y otros organismos y advierten sobre el impacto en el derecho a la informaci\u00f3n y la comunicaci\u00f3n en las distintas regiones.<\/p>\n\n\n\n<p>En ese sentido, en la carta abierta explican que &#8220;desde la asunci\u00f3n del gobierno de La Libertad Avanza lo que se profundiza es un proceso de desarticulaci\u00f3n, recorte y control sobre el sistema de medios p\u00fablicos que impacta directamente en el derecho a la informaci\u00f3n de las comunidades&#8221;.<\/p>\n\n\n\n<p>&#8220;No se trata solo de condiciones laborales, que tambi\u00e9n se deterioran, sino de algo m\u00e1s profundo, la p\u00e9rdida de voces, de miradas y de presencia territorial&#8221;, aseguran.<\/p>\n\n\n\n<p>La carta abierta precisa que &#8220;desde julio de 2024 hasta febrero de 2026, los programas impulsados apuntan a recortar entre quinientos y seiscientos puestos de trabajo&#8221; y a\u00f1ade que &#8220;la precarizaci\u00f3n salarial y la falta de paritarias erosionan las condiciones laborales, mientras se reducen coberturas y servicios&#8221;.<\/p>\n\n\n\n<p>&#8220;En Radio Nacional, la no renovaci\u00f3n de contratos afect\u00f3 a periodistas, locutores, t\u00e9cnicos, productores y trabajadores de distintas \u00e1reas&#8221;, indica la carta abierta y agrega que &#8220;la unificaci\u00f3n de se\u00f1ales y la retransmisi\u00f3n de contenidos desde LRA1 Radio Nacional Buenos Aires redujeron dr\u00e1sticamente la producci\u00f3n local&#8221;.<\/p>\n\n\n\n<p>Fuente: <a href=\"http:\/\/www.infobariloche.com.ar\" data-type=\"link\" data-id=\"www.infobariloche.com.ar\" target=\"_blank\" rel=\"noreferrer noopener\">www.infobariloche.com.ar<\/a> | San Carlos de Bariloche &#8211; R\u00edo Negro | 25.03.26<\/p>\n\n\n\n<p><\/p>\n","protected":false},"excerpt":{"rendered":"<p>En el marco del D\u00eda del Trabajador de Prensa y a cincuenta a\u00f1os del comienzo de la \u00faltima dictadura c\u00edvico militar, trabajadores y trabajadoras de LRA30 Radio Nacional Bariloche difundieron una carta abierta en la que alertan sobre el vaciamiento de los medios p\u00fablicos en nuestro pa\u00eds. En la misma, adem\u00e1s, denuncian recortes y centralizaci\u00f3n &hellip; <a href=\"https:\/\/amplitudmodulada.com.ar\/index.php\/noticia14254\/\" class=\"more-link\">Continu\u00e1 leyendo <span class=\"screen-reader-text\">Trabajadores de LRA30 Radio Nacional Bariloche emitieron una carta abierta<\/span><\/a><\/p>\n","protected":false},"author":1,"featured_media":0,"parent":0,"menu_order":0,"comment_status":"closed","ping_status":"closed","template":"","meta":{"footnotes":""},"class_list":["post-11597","page","type-page","status-publish","hentry"],"_links":{"self":[{"href":"https:\/\/amplitudmodulada.com.ar\/index.php\/wp-json\/wp\/v2\/pages\/11597","targetHints":{"allow":["GET"]}}],"collection":[{"href":"https:\/\/amplitudmodulada.com.ar\/index.php\/wp-json\/wp\/v2\/pages"}],"about":[{"href":"https:\/\/amplitudmodulada.com.ar\/index.php\/wp-json\/wp\/v2\/types\/page"}],"author":[{"embeddable":true,"href":"https:\/\/amplitudmodulada.com.ar\/index.php\/wp-json\/wp\/v2\/users\/1"}],"replies":[{"embeddable":true,"href":"https:\/\/amplitudmodulada.com.ar\/index.php\/wp-json\/wp\/v2\/comments?post=11597"}],"version-history":[{"count":3,"href":"https:\/\/amplitudmodulada.com.ar\/index.php\/wp-json\/wp\/v2\/pages\/11597\/revisions"}],"predecessor-version":[{"id":11602,"href":"https:\/\/amplitudmodulada.com.ar\/index.php\/wp-json\/wp\/v2\/pages\/11597\/revisions\/11602"}],"wp:attachment":[{"href":"https:\/\/amplitudmodulada.com.ar\/index.php\/wp-json\/wp\/v2\/media?parent=11597"}],"curies":[{"name":"wp","href":"https:\/\/api.w.org\/{rel}","templated":true}]}}