{"id":11677,"date":"2026-05-01T09:55:14","date_gmt":"2026-05-01T12:55:14","guid":{"rendered":"https:\/\/amplitudmodulada.com.ar\/?page_id=11677"},"modified":"2026-05-01T10:07:49","modified_gmt":"2026-05-01T13:07:49","slug":"noticia14264","status":"publish","type":"page","link":"https:\/\/amplitudmodulada.com.ar\/index.php\/noticia14264\/","title":{"rendered":"Rechazan la concesi\u00f3n de los medios p\u00fablicos de la Ciudad de Buenos Aires"},"content":{"rendered":"\n<figure class=\"wp-block-image size-large is-resized\"><img loading=\"lazy\" decoding=\"async\" width=\"1024\" height=\"576\" src=\"http:\/\/amplitudmodulada.com.ar\/wp-content\/uploads\/2024\/01\/1110-1024x576.jpg\" alt=\"\" class=\"wp-image-685\" style=\"width:127px;height:auto\"\/><\/figure>\n\n\n\n<p>El Foro Encuentro Reformista expres\u00f3 un firme rechazo al proyecto que contempla la privatizaci\u00f3n o concesi\u00f3n de los medios p\u00fabicos de la Ciudad de Buenos Aires, que incluyen a LS1 Radio de la Ciudad, la FM La 2&#215;4 y el Canal de la Ciudad.<\/p>\n\n\n\n<p>Desde el Foro Encuentro Reformista destacaron que estos medios funcionan como herramientas esenciales de cohesi\u00f3n social y pluralismo.<\/p>\n\n\n\n<p>En su an\u00e1lisis, remarcan, que las se\u00f1ales p\u00fablicas cubren \u00e1reas de la informaci\u00f3n local, el teatro, la literatura y el entramado productivo que los grandes medios nacionales suelen omitir.<\/p>\n\n\n\n<p>El punto m\u00e1s cr\u00edtico de la advertencia se centra en la situaci\u00f3n de la emisora de Frecuencia Modulada La 2&#215;4, al tratarse de la \u00fanica emisora en el mundo dedicada exclusivamente al tango durante las veinticuatro horas.<\/p>\n\n\n\n<p>Los referentes del espacio advirtieron que, bajo una l\u00f3gica estrictamente comercial, una propuesta de nicho como el tango perder\u00eda su espacio, lo que representar\u00eda una p\u00e9rdida irreparable para la difusi\u00f3n de la m\u00fasica ciudadana.<\/p>\n\n\n\n<p>Finalmente, el documento del Foro Encuentro Reformista aclara que la necesidad de reformar o modernizar el Estado no debe confundirse con el desmantelamiento de sus activos p\u00fablicos.<\/p>\n\n\n\n<p>En ese sentido, instaron a las autoridades porte\u00f1as a profesionalizar y fortalecer estos espacios de comunicaci\u00f3n en lugar de avanzar hacia su privatizaci\u00f3n.<\/p>\n\n\n\n<p>30.03.26<\/p>\n","protected":false},"excerpt":{"rendered":"<p>El Foro Encuentro Reformista expres\u00f3 un firme rechazo al proyecto que contempla la privatizaci\u00f3n o concesi\u00f3n de los medios p\u00fabicos de la Ciudad de Buenos Aires, que incluyen a LS1 Radio de la Ciudad, la FM La 2&#215;4 y el Canal de la Ciudad. Desde el Foro Encuentro Reformista destacaron que estos medios funcionan como &hellip; <a href=\"https:\/\/amplitudmodulada.com.ar\/index.php\/noticia14264\/\" class=\"more-link\">Continu\u00e1 leyendo <span class=\"screen-reader-text\">Rechazan la concesi\u00f3n de los medios p\u00fablicos de la Ciudad de Buenos Aires<\/span><\/a><\/p>\n","protected":false},"author":1,"featured_media":0,"parent":0,"menu_order":0,"comment_status":"closed","ping_status":"closed","template":"","meta":{"footnotes":""},"class_list":["post-11677","page","type-page","status-publish","hentry"],"_links":{"self":[{"href":"https:\/\/amplitudmodulada.com.ar\/index.php\/wp-json\/wp\/v2\/pages\/11677","targetHints":{"allow":["GET"]}}],"collection":[{"href":"https:\/\/amplitudmodulada.com.ar\/index.php\/wp-json\/wp\/v2\/pages"}],"about":[{"href":"https:\/\/amplitudmodulada.com.ar\/index.php\/wp-json\/wp\/v2\/types\/page"}],"author":[{"embeddable":true,"href":"https:\/\/amplitudmodulada.com.ar\/index.php\/wp-json\/wp\/v2\/users\/1"}],"replies":[{"embeddable":true,"href":"https:\/\/amplitudmodulada.com.ar\/index.php\/wp-json\/wp\/v2\/comments?post=11677"}],"version-history":[{"count":2,"href":"https:\/\/amplitudmodulada.com.ar\/index.php\/wp-json\/wp\/v2\/pages\/11677\/revisions"}],"predecessor-version":[{"id":11680,"href":"https:\/\/amplitudmodulada.com.ar\/index.php\/wp-json\/wp\/v2\/pages\/11677\/revisions\/11680"}],"wp:attachment":[{"href":"https:\/\/amplitudmodulada.com.ar\/index.php\/wp-json\/wp\/v2\/media?parent=11677"}],"curies":[{"name":"wp","href":"https:\/\/api.w.org\/{rel}","templated":true}]}}