{"id":11683,"date":"2026-05-01T10:15:24","date_gmt":"2026-05-01T13:15:24","guid":{"rendered":"https:\/\/amplitudmodulada.com.ar\/?page_id=11683"},"modified":"2026-05-01T10:24:53","modified_gmt":"2026-05-01T13:24:53","slug":"noticia14265","status":"publish","type":"page","link":"https:\/\/amplitudmodulada.com.ar\/index.php\/noticia14265\/","title":{"rendered":"Radio Splendid despide a quince trabajadores"},"content":{"rendered":"\n<figure class=\"wp-block-image size-full\"><img loading=\"lazy\" decoding=\"async\" width=\"110\" height=\"110\" src=\"http:\/\/amplitudmodulada.com.ar\/wp-content\/uploads\/2026\/01\/991-e1769186224370.png\" alt=\"\" class=\"wp-image-10701\"\/><\/figure>\n\n\n\n<p>Al menos quince trabajadores de LR4 Radio Splendid, entre los que se encuentran periodistas, locutores y productores, fueron despedidos en el transcurso de este fin de semana.<\/p>\n\n\n\n<p>La decisi\u00f3n fue tomada por el Grupo Alpha Media, operadora de la emisora y de otros medios, entre ellos LS5 Radio Rivadavia y la emisora de Frecuencia Modulada Rock &amp; Pop.<\/p>\n\n\n\n<p>Los despidos comenzaron a comunicarse el viernes al mediod\u00eda y gener\u00f3 sorpresa e incertidumbre entre el personal de la emisora.<\/p>\n\n\n\n<p>El ajuste se concreta es un escenario complejo para los medios de comunicaci\u00f3n tradicionales por la ca\u00edda de la publicidad y la reconfiguraci\u00f3n del consumo de contenidos.<\/p>\n\n\n\n<p>Por el momento, desde la empresa no hubo un comunicado oficial precisando los alcances de la medida, lo que sum\u00f3 incertidumbre acerca del futuro de las fuentes de trabajo del personal de Radio Splendid.<\/p>\n\n\n\n<p>Fuente: <a href=\"http:\/\/www.lineasindical.com.ar\" data-type=\"link\" data-id=\"www.lineasindical.com.ar\" target=\"_blank\" rel=\"noreferrer noopener\">www.lineasindical.com.ar<\/a> | Ciudad Aut\u00f3noma de Buenos Aires | 30.03.26<\/p>\n\n\n\n<p><\/p>\n","protected":false},"excerpt":{"rendered":"<p>Al menos quince trabajadores de LR4 Radio Splendid, entre los que se encuentran periodistas, locutores y productores, fueron despedidos en el transcurso de este fin de semana. La decisi\u00f3n fue tomada por el Grupo Alpha Media, operadora de la emisora y de otros medios, entre ellos LS5 Radio Rivadavia y la emisora de Frecuencia Modulada &hellip; <a href=\"https:\/\/amplitudmodulada.com.ar\/index.php\/noticia14265\/\" class=\"more-link\">Continu\u00e1 leyendo <span class=\"screen-reader-text\">Radio Splendid despide a quince trabajadores<\/span><\/a><\/p>\n","protected":false},"author":1,"featured_media":0,"parent":0,"menu_order":0,"comment_status":"closed","ping_status":"closed","template":"","meta":{"footnotes":""},"class_list":["post-11683","page","type-page","status-publish","hentry"],"_links":{"self":[{"href":"https:\/\/amplitudmodulada.com.ar\/index.php\/wp-json\/wp\/v2\/pages\/11683","targetHints":{"allow":["GET"]}}],"collection":[{"href":"https:\/\/amplitudmodulada.com.ar\/index.php\/wp-json\/wp\/v2\/pages"}],"about":[{"href":"https:\/\/amplitudmodulada.com.ar\/index.php\/wp-json\/wp\/v2\/types\/page"}],"author":[{"embeddable":true,"href":"https:\/\/amplitudmodulada.com.ar\/index.php\/wp-json\/wp\/v2\/users\/1"}],"replies":[{"embeddable":true,"href":"https:\/\/amplitudmodulada.com.ar\/index.php\/wp-json\/wp\/v2\/comments?post=11683"}],"version-history":[{"count":2,"href":"https:\/\/amplitudmodulada.com.ar\/index.php\/wp-json\/wp\/v2\/pages\/11683\/revisions"}],"predecessor-version":[{"id":11686,"href":"https:\/\/amplitudmodulada.com.ar\/index.php\/wp-json\/wp\/v2\/pages\/11683\/revisions\/11686"}],"wp:attachment":[{"href":"https:\/\/amplitudmodulada.com.ar\/index.php\/wp-json\/wp\/v2\/media?parent=11683"}],"curies":[{"name":"wp","href":"https:\/\/api.w.org\/{rel}","templated":true}]}}