{"id":11689,"date":"2026-05-01T10:33:52","date_gmt":"2026-05-01T13:33:52","guid":{"rendered":"https:\/\/amplitudmodulada.com.ar\/?page_id=11689"},"modified":"2026-05-01T10:42:02","modified_gmt":"2026-05-01T13:42:02","slug":"noticia14266","status":"publish","type":"page","link":"https:\/\/amplitudmodulada.com.ar\/index.php\/noticia14266\/","title":{"rendered":"Destacan la trayectoria de LV11 Radio Santiago del Estero en su 56\u00ba aniversario"},"content":{"rendered":"\n<figure class=\"wp-block-image size-full\"><img loading=\"lazy\" decoding=\"async\" width=\"171\" height=\"100\" src=\"http:\/\/amplitudmodulada.com.ar\/wp-content\/uploads\/2024\/05\/LV11-e1714598560483.png\" alt=\"\" class=\"wp-image-1835\"\/><\/figure>\n\n\n\n<p>La C\u00e1mara de Diputados de la Provincia de Santiago del Estero aprob\u00f3 este martes un proyecto de declaraci\u00f3n para reconocer formalmente el 56\u00ba aniversario de LV11 Radio Santiago del Estero.<\/p>\n\n\n\n<p>El cuerpo legislativo destac\u00f3 que la emisora no solo es un referente por su imprescindible labor informativa y su inquebrantable compromiso con la verdad, sino que adem\u00e1s cumple una funci\u00f3n que trasciende lo period\u00edstico al ejercer un profundo rol social que llega de manera efectiva a cada rinc\u00f3n del territorio provincial.<\/p>\n\n\n\n<p>&#8220;LV11 ha sabido consolidarse como un puente solidario y un espacio de encuentro para la comunidad, siendo la voz que acompa\u00f1a y une a los santiague\u00f1os desde hace m\u00e1s de cinco d\u00e9cadas&#8221;, se\u00f1alaron los legisladores.<\/p>\n\n\n\n<p>Este reconocimiento oficlal reafirma el lugar de privilegio que ocupa Radio Santiago del Estero en la identidad de la provincia, destacando su capacidad para adaptarse a los tiempos modernos sin perder la cercan\u00eda y el servicio que la transformaron en una destacada instituci\u00f3n del norte argentino.<\/p>\n\n\n\n<p>Fuente: <a href=\"http:\/\/www.radiolv11\" data-type=\"link\" data-id=\"www.radiolv11\" target=\"_blank\" rel=\"noreferrer noopener\">www.radiolv11.com.ar<\/a> | Santiago del Estero &#8211; Santiago del Estero | 31.03.26<\/p>\n\n\n\n<p><\/p>\n","protected":false},"excerpt":{"rendered":"<p>La C\u00e1mara de Diputados de la Provincia de Santiago del Estero aprob\u00f3 este martes un proyecto de declaraci\u00f3n para reconocer formalmente el 56\u00ba aniversario de LV11 Radio Santiago del Estero. El cuerpo legislativo destac\u00f3 que la emisora no solo es un referente por su imprescindible labor informativa y su inquebrantable compromiso con la verdad, sino &hellip; <a href=\"https:\/\/amplitudmodulada.com.ar\/index.php\/noticia14266\/\" class=\"more-link\">Continu\u00e1 leyendo <span class=\"screen-reader-text\">Destacan la trayectoria de LV11 Radio Santiago del Estero en su 56\u00ba aniversario<\/span><\/a><\/p>\n","protected":false},"author":1,"featured_media":0,"parent":0,"menu_order":0,"comment_status":"closed","ping_status":"closed","template":"","meta":{"footnotes":""},"class_list":["post-11689","page","type-page","status-publish","hentry"],"_links":{"self":[{"href":"https:\/\/amplitudmodulada.com.ar\/index.php\/wp-json\/wp\/v2\/pages\/11689","targetHints":{"allow":["GET"]}}],"collection":[{"href":"https:\/\/amplitudmodulada.com.ar\/index.php\/wp-json\/wp\/v2\/pages"}],"about":[{"href":"https:\/\/amplitudmodulada.com.ar\/index.php\/wp-json\/wp\/v2\/types\/page"}],"author":[{"embeddable":true,"href":"https:\/\/amplitudmodulada.com.ar\/index.php\/wp-json\/wp\/v2\/users\/1"}],"replies":[{"embeddable":true,"href":"https:\/\/amplitudmodulada.com.ar\/index.php\/wp-json\/wp\/v2\/comments?post=11689"}],"version-history":[{"count":3,"href":"https:\/\/amplitudmodulada.com.ar\/index.php\/wp-json\/wp\/v2\/pages\/11689\/revisions"}],"predecessor-version":[{"id":11694,"href":"https:\/\/amplitudmodulada.com.ar\/index.php\/wp-json\/wp\/v2\/pages\/11689\/revisions\/11694"}],"wp:attachment":[{"href":"https:\/\/amplitudmodulada.com.ar\/index.php\/wp-json\/wp\/v2\/media?parent=11689"}],"curies":[{"name":"wp","href":"https:\/\/api.w.org\/{rel}","templated":true}]}}