{"id":11697,"date":"2026-05-01T11:57:57","date_gmt":"2026-05-01T14:57:57","guid":{"rendered":"https:\/\/amplitudmodulada.com.ar\/?page_id=11697"},"modified":"2026-05-01T12:11:23","modified_gmt":"2026-05-01T15:11:23","slug":"noticia14267","status":"publish","type":"page","link":"https:\/\/amplitudmodulada.com.ar\/index.php\/noticia14267\/","title":{"rendered":"Presentan en la C\u00e1mara de Diputados un proyecto para repudiar los insultos de Enzo Ferreira a Mercedes Sosa"},"content":{"rendered":"\n<figure class=\"wp-block-image size-full\"><img loading=\"lazy\" decoding=\"async\" width=\"110\" height=\"110\" src=\"http:\/\/amplitudmodulada.com.ar\/wp-content\/uploads\/2024\/10\/LRA-e1728000015658.jpg\" alt=\"\" class=\"wp-image-4179\"\/><\/figure>\n\n\n\n<p>El diputado nacional por la provincia de Tucum\u00e1n, Pablo Yedlin, present\u00f3 un proyecto de declaraci\u00f3n en la C\u00e1mara Baja para repudiar los insultos del coordinador de LRA15 Radio Nacional Tucum\u00e1n, Enzo Ferreira, hacia Mercedes Sosa.<\/p>\n\n\n\n<p>El proyecto del legislador justicialista solicita que el cuerpo legislativo exprese &#8220;su m\u00e1s en\u00e9rgico repudio a las expresiones agraviantes vertidas por el funcionario, dirigente identificado con La Libertad Avanza, contra la destacada e inigualable cantora y su legado, emblema de la cultura tucumana, nacional y latinoamericana.<\/p>\n\n\n\n<p>La iniciativa sum\u00f3 las firmas de sus pares Germ\u00e1n Mart\u00ednez, Paula Penacca, Cecilia Moreau, Victoria Tolosa Paz, Andra Freites y Pablo Todero, con lo cual tiene tratamiento formal parlamentario y deber\u00e1 pasar las instancias internas para llegar la recinto.<\/p>\n\n\n\n<p>&#8220;Los hechos se originaron a partir de publicaciones en las redes sociales en las que Ferreira replic\u00f3 y sostuvo expresiones profundamente ofensivas hacia la arista, calific\u00e1ndola con t\u00e9rminos denigrantes. El propio funcionario, lejos de retractarse ante la reacci\u00f3n popular que gener\u00f3, relativiz\u00f3 la gravedad de los hechos y enmarc\u00f3 sus dichos en posiciones ideol\u00b4\u00f3gicas, profundizando el conflicto y agravando la situaci\u00f3n institucional&#8221;, menciona la iniciativa.<\/p>\n\n\n\n<p>En el eventual pronunciamiento, la C\u00e1mara de Diputados expresar\u00eda su &#8220;profunda preocupaci\u00f3n por la utilizaci\u00f3n de medios p\u00fablicos para la difusi\u00f3n o validaci\u00f3n de discursos ofensivos hacia figuras fundamentales del patrimonio cultural argentino, atentando contra los valores democr\u00e1ticos, el respeto y la convivencia&#8221;.<\/p>\n\n\n\n<p>Fuente: <a href=\"http:\/\/www.lagaceta\" data-type=\"link\" data-id=\"www.lagaceta\" target=\"_blank\" rel=\"noreferrer noopener\">www.lagaceta.com.ar<\/a> | San Miguel de Tucum\u00e1n &#8211; Tucum\u00e1n | 01.04.26<\/p>\n\n\n\n<p><\/p>\n","protected":false},"excerpt":{"rendered":"<p>El diputado nacional por la provincia de Tucum\u00e1n, Pablo Yedlin, present\u00f3 un proyecto de declaraci\u00f3n en la C\u00e1mara Baja para repudiar los insultos del coordinador de LRA15 Radio Nacional Tucum\u00e1n, Enzo Ferreira, hacia Mercedes Sosa. El proyecto del legislador justicialista solicita que el cuerpo legislativo exprese &#8220;su m\u00e1s en\u00e9rgico repudio a las expresiones agraviantes vertidas &hellip; <a href=\"https:\/\/amplitudmodulada.com.ar\/index.php\/noticia14267\/\" class=\"more-link\">Continu\u00e1 leyendo <span class=\"screen-reader-text\">Presentan en la C\u00e1mara de Diputados un proyecto para repudiar los insultos de Enzo Ferreira a Mercedes Sosa<\/span><\/a><\/p>\n","protected":false},"author":1,"featured_media":0,"parent":0,"menu_order":0,"comment_status":"closed","ping_status":"closed","template":"","meta":{"footnotes":""},"class_list":["post-11697","page","type-page","status-publish","hentry"],"_links":{"self":[{"href":"https:\/\/amplitudmodulada.com.ar\/index.php\/wp-json\/wp\/v2\/pages\/11697","targetHints":{"allow":["GET"]}}],"collection":[{"href":"https:\/\/amplitudmodulada.com.ar\/index.php\/wp-json\/wp\/v2\/pages"}],"about":[{"href":"https:\/\/amplitudmodulada.com.ar\/index.php\/wp-json\/wp\/v2\/types\/page"}],"author":[{"embeddable":true,"href":"https:\/\/amplitudmodulada.com.ar\/index.php\/wp-json\/wp\/v2\/users\/1"}],"replies":[{"embeddable":true,"href":"https:\/\/amplitudmodulada.com.ar\/index.php\/wp-json\/wp\/v2\/comments?post=11697"}],"version-history":[{"count":3,"href":"https:\/\/amplitudmodulada.com.ar\/index.php\/wp-json\/wp\/v2\/pages\/11697\/revisions"}],"predecessor-version":[{"id":11702,"href":"https:\/\/amplitudmodulada.com.ar\/index.php\/wp-json\/wp\/v2\/pages\/11697\/revisions\/11702"}],"wp:attachment":[{"href":"https:\/\/amplitudmodulada.com.ar\/index.php\/wp-json\/wp\/v2\/media?parent=11697"}],"curies":[{"name":"wp","href":"https:\/\/api.w.org\/{rel}","templated":true}]}}