{"id":11705,"date":"2026-05-01T13:15:51","date_gmt":"2026-05-01T16:15:51","guid":{"rendered":"https:\/\/amplitudmodulada.com.ar\/?page_id=11705"},"modified":"2026-05-01T17:29:21","modified_gmt":"2026-05-01T20:29:21","slug":"noticia14270","status":"publish","type":"page","link":"https:\/\/amplitudmodulada.com.ar\/index.php\/noticia14270\/","title":{"rendered":"El doctor Guillermo Capuya se suma a la programaci\u00f3n de Radio Nacional"},"content":{"rendered":"\n<figure class=\"wp-block-image size-full\"><img loading=\"lazy\" decoding=\"async\" width=\"110\" height=\"110\" src=\"http:\/\/amplitudmodulada.com.ar\/wp-content\/uploads\/2024\/10\/LRA-e1728000015658.jpg\" alt=\"\" class=\"wp-image-4179\"\/><\/figure>\n\n\n\n<p>El m\u00e9dico cirujano especializado en urolog\u00eda Guillermo Capuya se suma a la grilla de programaci\u00f3n de Radio Nacional. Conducir\u00e1 en la emisora p\u00fabica a partir de este fin de semana el programa &#8220;Doctor C&#8221;, que ir\u00e1 todos los domingos de 9.00 a 11.00 horas.<\/p>\n\n\n\n<p>El nuevo ciclo fue presentado este mi\u00e9rcoles por el propio Guillermo Capuya en di\u00e1logo con el programa &#8220;Korol en el Aire&#8221;, que conduce Adri\u00e1n Korol en Radio Nacional, y en el que se refiri\u00f3, adem\u00e1s, a distintos temas relacionados con la salud.<\/p>\n\n\n\n<p>&#8220;Estoy muy feliz de que hoy el programa llegue a todo el pa\u00eds y de poder hablar sobre temas de salud, siempre con cuestiones basadas en evidencia y hacer una comunicaci\u00f3n m\u00e9dica y cient\u00edfica&#8221;, se\u00f1al\u00f3.<\/p>\n\n\n\n<p>Fuente: <a href=\"http:\/\/www.radionacional.com.ar\" data-type=\"link\" data-id=\"www.radionacional.com.ar\" target=\"_blank\" rel=\"noreferrer noopener\">www.radionacional.com.ar<\/a> | Ciudad Aut\u00f3noma de Buenos Aires | 01.04.26<\/p>\n\n\n\n<p><\/p>\n","protected":false},"excerpt":{"rendered":"<p>El m\u00e9dico cirujano especializado en urolog\u00eda Guillermo Capuya se suma a la grilla de programaci\u00f3n de Radio Nacional. Conducir\u00e1 en la emisora p\u00fabica a partir de este fin de semana el programa &#8220;Doctor C&#8221;, que ir\u00e1 todos los domingos de 9.00 a 11.00 horas. El nuevo ciclo fue presentado este mi\u00e9rcoles por el propio Guillermo &hellip; <a href=\"https:\/\/amplitudmodulada.com.ar\/index.php\/noticia14270\/\" class=\"more-link\">Continu\u00e1 leyendo <span class=\"screen-reader-text\">El doctor Guillermo Capuya se suma a la programaci\u00f3n de Radio Nacional<\/span><\/a><\/p>\n","protected":false},"author":1,"featured_media":0,"parent":0,"menu_order":0,"comment_status":"closed","ping_status":"closed","template":"","meta":{"footnotes":""},"class_list":["post-11705","page","type-page","status-publish","hentry"],"_links":{"self":[{"href":"https:\/\/amplitudmodulada.com.ar\/index.php\/wp-json\/wp\/v2\/pages\/11705","targetHints":{"allow":["GET"]}}],"collection":[{"href":"https:\/\/amplitudmodulada.com.ar\/index.php\/wp-json\/wp\/v2\/pages"}],"about":[{"href":"https:\/\/amplitudmodulada.com.ar\/index.php\/wp-json\/wp\/v2\/types\/page"}],"author":[{"embeddable":true,"href":"https:\/\/amplitudmodulada.com.ar\/index.php\/wp-json\/wp\/v2\/users\/1"}],"replies":[{"embeddable":true,"href":"https:\/\/amplitudmodulada.com.ar\/index.php\/wp-json\/wp\/v2\/comments?post=11705"}],"version-history":[{"count":3,"href":"https:\/\/amplitudmodulada.com.ar\/index.php\/wp-json\/wp\/v2\/pages\/11705\/revisions"}],"predecessor-version":[{"id":11710,"href":"https:\/\/amplitudmodulada.com.ar\/index.php\/wp-json\/wp\/v2\/pages\/11705\/revisions\/11710"}],"wp:attachment":[{"href":"https:\/\/amplitudmodulada.com.ar\/index.php\/wp-json\/wp\/v2\/media?parent=11705"}],"curies":[{"name":"wp","href":"https:\/\/api.w.org\/{rel}","templated":true}]}}