{"id":11736,"date":"2026-05-01T19:31:10","date_gmt":"2026-05-01T22:31:10","guid":{"rendered":"https:\/\/amplitudmodulada.com.ar\/?page_id=11736"},"modified":"2026-05-01T19:39:46","modified_gmt":"2026-05-01T22:39:46","slug":"noticia14272","status":"publish","type":"page","link":"https:\/\/amplitudmodulada.com.ar\/index.php\/noticia14272\/","title":{"rendered":"Radio Rivadavia fue la emisora de Amplitud Modulada m\u00b4\u00e1s vista en YouTube"},"content":{"rendered":"\n<figure class=\"wp-block-image size-full\"><img loading=\"lazy\" decoding=\"async\" width=\"174\" height=\"60\" src=\"http:\/\/amplitudmodulada.com.ar\/wp-content\/uploads\/2024\/01\/630-e1704586384620.png\" alt=\"\" class=\"wp-image-115\"\/><\/figure>\n\n\n\n<p>LS5 Radio Rivadavia se posicion\u00f3 durante marzo como la radio de Amplitud Modulada m\u00e1s vista en YouTube y super\u00f3, de esta manera, a sus principales competidores dentro del universo digital.<\/p>\n\n\n\n<p>El dato, que difundi\u00f3 la agencia Noticias Argentinas, no solo refleja un buen momento en t\u00e9rminos de audiencia, sino tambi\u00e9n la consolidaci\u00f3n de una estrategia pensada espec\u00edficamente para plataformas digitales, alejada de la simple retransmisi\u00f3n del aire tradicional.<\/p>\n\n\n\n<p>El crecimiento del canal de YouTube de Radio Rivadavia responde a un cambio de enfoque que vino de la mano de la nueva gerencia a cargo de Jonatan Andreani y que signific\u00f3 pasar de una l\u00f3gica basada en volumen de contenido a otra centrada en el valor del mismo.<\/p>\n\n\n\n<p>En ese sentido, la emisora prioriza entender a su audiencia, qu\u00e9 consume, como lo hace y por qu\u00e9.<\/p>\n\n\n\n<p>Esta mirada permiti\u00f3 optimizar la experiencia del ususario, eliminando fricciones y facilitando el acceso al contenido en un entorno donde la atenci\u00f3n es el principal activo.<\/p>\n\n\n\n<p>El objetivo es producir materiales que sean inmediatos, claros y f\u00e1ciles de consumir.<\/p>\n\n\n\n<p>Fuente: <a href=\"http:\/\/www.noticiasargentinas.com\" data-type=\"link\" data-id=\"www.noticiasargentinas.com\" target=\"_blank\" rel=\"noreferrer noopener\">www.noticiasargentinas.com<\/a> | Ciudad Aut\u00f3noma de Buenos Aires | 01.04.26<\/p>\n\n\n\n<p><\/p>\n","protected":false},"excerpt":{"rendered":"<p>LS5 Radio Rivadavia se posicion\u00f3 durante marzo como la radio de Amplitud Modulada m\u00e1s vista en YouTube y super\u00f3, de esta manera, a sus principales competidores dentro del universo digital. El dato, que difundi\u00f3 la agencia Noticias Argentinas, no solo refleja un buen momento en t\u00e9rminos de audiencia, sino tambi\u00e9n la consolidaci\u00f3n de una estrategia &hellip; <a href=\"https:\/\/amplitudmodulada.com.ar\/index.php\/noticia14272\/\" class=\"more-link\">Continu\u00e1 leyendo <span class=\"screen-reader-text\">Radio Rivadavia fue la emisora de Amplitud Modulada m\u00b4\u00e1s vista en YouTube<\/span><\/a><\/p>\n","protected":false},"author":1,"featured_media":0,"parent":0,"menu_order":0,"comment_status":"closed","ping_status":"closed","template":"","meta":{"footnotes":""},"class_list":["post-11736","page","type-page","status-publish","hentry"],"_links":{"self":[{"href":"https:\/\/amplitudmodulada.com.ar\/index.php\/wp-json\/wp\/v2\/pages\/11736","targetHints":{"allow":["GET"]}}],"collection":[{"href":"https:\/\/amplitudmodulada.com.ar\/index.php\/wp-json\/wp\/v2\/pages"}],"about":[{"href":"https:\/\/amplitudmodulada.com.ar\/index.php\/wp-json\/wp\/v2\/types\/page"}],"author":[{"embeddable":true,"href":"https:\/\/amplitudmodulada.com.ar\/index.php\/wp-json\/wp\/v2\/users\/1"}],"replies":[{"embeddable":true,"href":"https:\/\/amplitudmodulada.com.ar\/index.php\/wp-json\/wp\/v2\/comments?post=11736"}],"version-history":[{"count":3,"href":"https:\/\/amplitudmodulada.com.ar\/index.php\/wp-json\/wp\/v2\/pages\/11736\/revisions"}],"predecessor-version":[{"id":11741,"href":"https:\/\/amplitudmodulada.com.ar\/index.php\/wp-json\/wp\/v2\/pages\/11736\/revisions\/11741"}],"wp:attachment":[{"href":"https:\/\/amplitudmodulada.com.ar\/index.php\/wp-json\/wp\/v2\/media?parent=11736"}],"curies":[{"name":"wp","href":"https:\/\/api.w.org\/{rel}","templated":true}]}}