{"id":11744,"date":"2026-05-01T20:32:50","date_gmt":"2026-05-01T23:32:50","guid":{"rendered":"https:\/\/amplitudmodulada.com.ar\/?page_id=11744"},"modified":"2026-05-01T20:41:05","modified_gmt":"2026-05-01T23:41:05","slug":"noticia14273","status":"publish","type":"page","link":"https:\/\/amplitudmodulada.com.ar\/index.php\/noticia14273\/","title":{"rendered":"Ordenan una transmsi\u00f3n oficial obligatoria por el acto central del 2 de abril"},"content":{"rendered":"\n<figure class=\"wp-block-image size-full\"><img loading=\"lazy\" decoding=\"async\" width=\"110\" height=\"110\" src=\"http:\/\/amplitudmodulada.com.ar\/wp-content\/uploads\/2024\/10\/LRA-e1728000015658.jpg\" alt=\"\" class=\"wp-image-4179\"\/><\/figure>\n\n\n\n<p>En el marco del D\u00eda del Veterano y de los Ca\u00eddos en la Guerra de las Islas Malvinas, el Poder Ejecutivo dispuso la realizaci\u00f3n de una transmisi\u00f3n oficial obligatoria para este jueves 2 de abril.<\/p>\n\n\n\n<p>La medida establece que todos los servicios de comunicaci\u00f3n audiovisual del pa\u00eds deber\u00e1n emitir la se\u00f1al oficial entre las 9.45 y las 11.30 horas, incluyendo canales de televisi\u00f3n y emisoras radiales.<\/p>\n\n\n\n<p>La difusi\u00f3n ser\u00e1 obligatoria en los t\u00e9rminos de la Ley de Servicios de Comunicaci\u00f3n Audiovisual, que exige la emisi\u00f3n `\u00b4\u00edntegra del mensaje sin cortes ni modificaciones.<\/p>\n\n\n\n<p>El documento oficial determin\u00f3 que la transmisi\u00f3n deber\u00e1 emitirse &#8220;en forma \u00edntegra, sin alteraciones, cortes, sobreimpresos u otros agregados&#8221;, de acuerdo con lo dispuesto en el art\u00edculo 75 de la Ley 26.522 y su reglamentaci\u00f3n.<\/p>\n\n\n\n<p>La disposici\u00f3n tambi\u00e9n fij\u00f3 que las estaciones cabeceras ser\u00e1n LS82 TV Canal 7 de Buenos Aires y LRA1 Radio Nacional Buenos Aires, desde donde se distribuir\u00e1 la se\u00f1al hacia el resto de los medios.<\/p>\n\n\n\n<p>Fuente: <a href=\"http:\/\/www.baenegocios.com\" data-type=\"link\" data-id=\"www.baenegocios.com\" target=\"_blank\" rel=\"noreferrer noopener\">www.baenegocios.com<\/a> | Ciudad Aut\u00f3noma de Buenos Aires | 02.04.26<\/p>\n\n\n\n<p><\/p>\n","protected":false},"excerpt":{"rendered":"<p>En el marco del D\u00eda del Veterano y de los Ca\u00eddos en la Guerra de las Islas Malvinas, el Poder Ejecutivo dispuso la realizaci\u00f3n de una transmisi\u00f3n oficial obligatoria para este jueves 2 de abril. La medida establece que todos los servicios de comunicaci\u00f3n audiovisual del pa\u00eds deber\u00e1n emitir la se\u00f1al oficial entre las 9.45 &hellip; <a href=\"https:\/\/amplitudmodulada.com.ar\/index.php\/noticia14273\/\" class=\"more-link\">Continu\u00e1 leyendo <span class=\"screen-reader-text\">Ordenan una transmsi\u00f3n oficial obligatoria por el acto central del 2 de abril<\/span><\/a><\/p>\n","protected":false},"author":1,"featured_media":0,"parent":0,"menu_order":0,"comment_status":"closed","ping_status":"closed","template":"","meta":{"footnotes":""},"class_list":["post-11744","page","type-page","status-publish","hentry"],"_links":{"self":[{"href":"https:\/\/amplitudmodulada.com.ar\/index.php\/wp-json\/wp\/v2\/pages\/11744","targetHints":{"allow":["GET"]}}],"collection":[{"href":"https:\/\/amplitudmodulada.com.ar\/index.php\/wp-json\/wp\/v2\/pages"}],"about":[{"href":"https:\/\/amplitudmodulada.com.ar\/index.php\/wp-json\/wp\/v2\/types\/page"}],"author":[{"embeddable":true,"href":"https:\/\/amplitudmodulada.com.ar\/index.php\/wp-json\/wp\/v2\/users\/1"}],"replies":[{"embeddable":true,"href":"https:\/\/amplitudmodulada.com.ar\/index.php\/wp-json\/wp\/v2\/comments?post=11744"}],"version-history":[{"count":2,"href":"https:\/\/amplitudmodulada.com.ar\/index.php\/wp-json\/wp\/v2\/pages\/11744\/revisions"}],"predecessor-version":[{"id":11747,"href":"https:\/\/amplitudmodulada.com.ar\/index.php\/wp-json\/wp\/v2\/pages\/11744\/revisions\/11747"}],"wp:attachment":[{"href":"https:\/\/amplitudmodulada.com.ar\/index.php\/wp-json\/wp\/v2\/media?parent=11744"}],"curies":[{"name":"wp","href":"https:\/\/api.w.org\/{rel}","templated":true}]}}