{"id":11799,"date":"2026-05-06T19:39:05","date_gmt":"2026-05-06T22:39:05","guid":{"rendered":"https:\/\/amplitudmodulada.com.ar\/?page_id=11799"},"modified":"2026-05-06T19:54:55","modified_gmt":"2026-05-06T22:54:55","slug":"noticia14281","status":"publish","type":"page","link":"https:\/\/amplitudmodulada.com.ar\/index.php\/noticia14281\/","title":{"rendered":"Juan Jos\u00e9 Cano es el nuevo director de LRA28 Radio Nacional La Rioja"},"content":{"rendered":"\n<figure class=\"wp-block-image size-full\"><img loading=\"lazy\" decoding=\"async\" width=\"110\" height=\"110\" src=\"http:\/\/amplitudmodulada.com.ar\/wp-content\/uploads\/2024\/10\/LRA-e1728000015658.jpg\" alt=\"\" class=\"wp-image-4179\"\/><\/figure>\n\n\n\n<p>El periodista Juan Jos\u00e9 Cano es el nuevo director de LRA28 Radio Nacional La Rioja. En declaraciones radiales, el flamante directivo destac\u00f3 el trabajo del personal de la emisora, valor\u00f3 la infrastructura de la radio y adelant\u00f3 los cambios de programaci\u00f3n.<\/p>\n\n\n\n<p>El flamante director de Radio Nacional La Rioja explic\u00f3 que la emisora p\u00fablica transmite por AM y FM, lo que le permite ampliar el alcance de la se\u00f1al y llegar a m\u00e1s oyentes en todo el territorio.<\/p>\n\n\n\n<p>En ese sentido, destac\u00f3 que tanto el funcionamiento administrativo como el estado general de la radio se encuentran en muy buenas condiciones.<\/p>\n\n\n\n<p>Adem\u00e1s, valor\u00f3 el trabajo que viene realizando el personal de la emisora y asegur\u00f3 que los cambios que se puedan implementar estar\u00e1n vinculados principalmente a la programaci\u00f3n, aunque aclar\u00f3 que ser\u00e1n leves.<\/p>\n\n\n\n<p>&#8220;Hay gente trabajando que tiene mucha capacidad y tiene mucho por dar y eso es muy gratificante&#8221;, se\u00f1al\u00f3.<\/p>\n\n\n\n<p>El periodista se\u00f1al\u00f3 que el objetivo de su gesti\u00f3n es que Radio Nacional La Rioja vuelva a consolidarse con una fuerte presencia informativa, espacios de entretenimiento y una marcada promoci\u00f3n de la cultura.<\/p>\n\n\n\n<p>Finalmente, insisti\u00f3 en que se va a trabajar para tener mayor cantidad de contenidos propios.<\/p>\n\n\n\n<p>Fuente: <a href=\"http:\/\/www.elindependiente.com.ar\" data-type=\"link\" data-id=\"www.elindependiente.com.ar\" target=\"_blank\" rel=\"noreferrer noopener\">www.elindependiente.com.ar<\/a> | La Rioja &#8211; La Rioja | 07.04.26<\/p>\n\n\n\n<p><\/p>\n","protected":false},"excerpt":{"rendered":"<p>El periodista Juan Jos\u00e9 Cano es el nuevo director de LRA28 Radio Nacional La Rioja. En declaraciones radiales, el flamante directivo destac\u00f3 el trabajo del personal de la emisora, valor\u00f3 la infrastructura de la radio y adelant\u00f3 los cambios de programaci\u00f3n. El flamante director de Radio Nacional La Rioja explic\u00f3 que la emisora p\u00fablica transmite &hellip; <a href=\"https:\/\/amplitudmodulada.com.ar\/index.php\/noticia14281\/\" class=\"more-link\">Continu\u00e1 leyendo <span class=\"screen-reader-text\">Juan Jos\u00e9 Cano es el nuevo director de LRA28 Radio Nacional La Rioja<\/span><\/a><\/p>\n","protected":false},"author":1,"featured_media":0,"parent":0,"menu_order":0,"comment_status":"closed","ping_status":"closed","template":"","meta":{"footnotes":""},"class_list":["post-11799","page","type-page","status-publish","hentry"],"_links":{"self":[{"href":"https:\/\/amplitudmodulada.com.ar\/index.php\/wp-json\/wp\/v2\/pages\/11799","targetHints":{"allow":["GET"]}}],"collection":[{"href":"https:\/\/amplitudmodulada.com.ar\/index.php\/wp-json\/wp\/v2\/pages"}],"about":[{"href":"https:\/\/amplitudmodulada.com.ar\/index.php\/wp-json\/wp\/v2\/types\/page"}],"author":[{"embeddable":true,"href":"https:\/\/amplitudmodulada.com.ar\/index.php\/wp-json\/wp\/v2\/users\/1"}],"replies":[{"embeddable":true,"href":"https:\/\/amplitudmodulada.com.ar\/index.php\/wp-json\/wp\/v2\/comments?post=11799"}],"version-history":[{"count":3,"href":"https:\/\/amplitudmodulada.com.ar\/index.php\/wp-json\/wp\/v2\/pages\/11799\/revisions"}],"predecessor-version":[{"id":11804,"href":"https:\/\/amplitudmodulada.com.ar\/index.php\/wp-json\/wp\/v2\/pages\/11799\/revisions\/11804"}],"wp:attachment":[{"href":"https:\/\/amplitudmodulada.com.ar\/index.php\/wp-json\/wp\/v2\/media?parent=11799"}],"curies":[{"name":"wp","href":"https:\/\/api.w.org\/{rel}","templated":true}]}}