{"id":11807,"date":"2026-05-07T19:54:57","date_gmt":"2026-05-07T22:54:57","guid":{"rendered":"https:\/\/amplitudmodulada.com.ar\/?page_id=11807"},"modified":"2026-05-07T20:07:33","modified_gmt":"2026-05-07T23:07:33","slug":"noticia14282","status":"publish","type":"page","link":"https:\/\/amplitudmodulada.com.ar\/index.php\/noticia14282\/","title":{"rendered":"Pop rearma su grilla de programaci\u00f3n"},"content":{"rendered":"\n<figure class=\"wp-block-image size-full\"><img loading=\"lazy\" decoding=\"async\" width=\"128\" height=\"90\" src=\"http:\/\/amplitudmodulada.com.ar\/wp-content\/uploads\/2025\/01\/Pop-e1736382287686.gif\" alt=\"\" class=\"wp-image-5213\"\/><\/figure>\n\n\n\n<p>Tras las salidas de Lizy Tagliani y Elizabeth Vernaci, autoridades de la emisora de Frecuencia Modulada Pop se encuentran rearmando la grilla de programaci\u00f3n.<\/p>\n\n\n\n<p>Desde esta semana, Jos\u00e9 Mar\u00eda Listorti, est\u00e1 a cargo de la franja horaria comprendida entre las 9.00 y las 13.00, espacio que ocupaba hasta el 31 de marzo Elizabeth Vernaci.<\/p>\n\n\n\n<p>Jos\u00e9 Mar\u00eda Listorti, que arrib\u00f3 a Pop en 2018, conduc\u00eda hasta el pasado viernes 3 de abril el programa &#8220;Re Tarde&#8221;, que se emt\u00eda de lunes a viernes de 16.00 a 19.00 horas.<\/p>\n\n\n\n<p>En tanto, por estas horas autoridades de Pop definen que programa reemplazar\u00e1 a Lizy Tagliani de 6.00 a 9.00 horas.<\/p>\n\n\n\n<p>Por el momento, ese espacio est\u00e1 a cargo de Dami\u00e1n Mu\u00f1oz, con una propuesta centrada en servicios, informaci\u00f3n y m\u00fasica.<\/p>\n\n\n\n<p>En tanto, la franja de 16.00 a 19.00 horas qued\u00f3 a cargo de Luc\u00eda Rodr\u00edguez Bosch.<\/p>\n\n\n\n<p>Asimismo, Coco Silly contin\u00faa de 13.00 a 16.00 y Luis Pi\u00f1eyro de 19.00 a 21.00 horas.<\/p>\n\n\n\n<p>Fuente: <a href=\"http:\/\/www.lanacion.com.ar\" data-type=\"link\" data-id=\"www.lanacion.com.ar\" target=\"_blank\" rel=\"noreferrer noopener\">www.lanacion.com.ar<\/a> | Ciudad Aut\u00f3noma de Buenos Aires | 08.04.26<\/p>\n\n\n\n<p><\/p>\n","protected":false},"excerpt":{"rendered":"<p>Tras las salidas de Lizy Tagliani y Elizabeth Vernaci, autoridades de la emisora de Frecuencia Modulada Pop se encuentran rearmando la grilla de programaci\u00f3n. Desde esta semana, Jos\u00e9 Mar\u00eda Listorti, est\u00e1 a cargo de la franja horaria comprendida entre las 9.00 y las 13.00, espacio que ocupaba hasta el 31 de marzo Elizabeth Vernaci. Jos\u00e9 &hellip; <a href=\"https:\/\/amplitudmodulada.com.ar\/index.php\/noticia14282\/\" class=\"more-link\">Continu\u00e1 leyendo <span class=\"screen-reader-text\">Pop rearma su grilla de programaci\u00f3n<\/span><\/a><\/p>\n","protected":false},"author":1,"featured_media":0,"parent":0,"menu_order":0,"comment_status":"closed","ping_status":"closed","template":"","meta":{"footnotes":""},"class_list":["post-11807","page","type-page","status-publish","hentry"],"_links":{"self":[{"href":"https:\/\/amplitudmodulada.com.ar\/index.php\/wp-json\/wp\/v2\/pages\/11807","targetHints":{"allow":["GET"]}}],"collection":[{"href":"https:\/\/amplitudmodulada.com.ar\/index.php\/wp-json\/wp\/v2\/pages"}],"about":[{"href":"https:\/\/amplitudmodulada.com.ar\/index.php\/wp-json\/wp\/v2\/types\/page"}],"author":[{"embeddable":true,"href":"https:\/\/amplitudmodulada.com.ar\/index.php\/wp-json\/wp\/v2\/users\/1"}],"replies":[{"embeddable":true,"href":"https:\/\/amplitudmodulada.com.ar\/index.php\/wp-json\/wp\/v2\/comments?post=11807"}],"version-history":[{"count":3,"href":"https:\/\/amplitudmodulada.com.ar\/index.php\/wp-json\/wp\/v2\/pages\/11807\/revisions"}],"predecessor-version":[{"id":11812,"href":"https:\/\/amplitudmodulada.com.ar\/index.php\/wp-json\/wp\/v2\/pages\/11807\/revisions\/11812"}],"wp:attachment":[{"href":"https:\/\/amplitudmodulada.com.ar\/index.php\/wp-json\/wp\/v2\/media?parent=11807"}],"curies":[{"name":"wp","href":"https:\/\/api.w.org\/{rel}","templated":true}]}}