{"id":11815,"date":"2026-05-08T20:27:02","date_gmt":"2026-05-08T23:27:02","guid":{"rendered":"https:\/\/amplitudmodulada.com.ar\/?page_id=11815"},"modified":"2026-05-08T20:35:11","modified_gmt":"2026-05-08T23:35:11","slug":"noticia14283","status":"publish","type":"page","link":"https:\/\/amplitudmodulada.com.ar\/index.php\/noticia14283\/","title":{"rendered":"Radio Provincia renueva su grilla de programaci\u00f3n"},"content":{"rendered":"\n<figure class=\"wp-block-image size-full\"><img loading=\"lazy\" decoding=\"async\" width=\"120\" height=\"120\" src=\"http:\/\/amplitudmodulada.com.ar\/wp-content\/uploads\/2024\/01\/1270-e1706133975157.png\" alt=\"\" class=\"wp-image-597\"\/><\/figure>\n\n\n\n<p>Con una apuesta que combina la continuidad de sus ciclos cl\u00e1sicos y una fuerte renovaci\u00f3n en sus franjas horarias, LS11 Radio Provincia de Buenos Aires estren\u00f3 su nueva temporada.<\/p>\n\n\n\n<p>La jornada informativa arranca a las 6.00 horas con &#8220;No Duerman&#8221;, conducido por Patricia Berl\u00edn, seguido del cl\u00e1sico &#8220;Napalm&#8221;, de 7.00 a 9.00 horas, con Rinconet y Felicitas Bonavitta.<\/p>\n\n\n\n<p>La ma\u00f1ana se completa con &#8220;Es un Mont\u00f3n&#8221; y la s\u00e9ptima temporada de &#8220;Todo Ese Ruido&#8221;, extendiendo la cobertura de la actualidad hasta las 13.00 horas.<\/p>\n\n\n\n<p>Por la tarde se emitir\u00e1 &#8220;La Siesta es Sagrada&#8221;, de 15.00 a 17.00 horas, en tanto el cierre informativo estar\u00e1 a cargo de Sabrina Carrasco y Albino Aguirre, de 17.00 a 19.00 horas, con &#8220;El Repaso&#8221;.<\/p>\n\n\n\n<p>Para el horario nocturno la emisora de La Plata propone una oferta rotativa de ciclos  especializados, como &#8220;Perdidos en el Espacio&#8221; e &#8220;Historia Nocturna&#8221;, adem\u00e1s de otros, como &#8220;Laboratorio de Ideas&#8221; y &#8220;El Holograma y la Anchoa&#8221;.<\/p>\n\n\n\n<p>Fuente: <a href=\"http:\/\/www.lanacion.com.ar\" data-type=\"link\" data-id=\"www.lanacion.com.ar\" target=\"_blank\" rel=\"noreferrer noopener\">www.lanacion.com.ar<\/a> | Ciudad Aut\u00f3noma de Buenos Aires | 08.04.26<\/p>\n","protected":false},"excerpt":{"rendered":"<p>Con una apuesta que combina la continuidad de sus ciclos cl\u00e1sicos y una fuerte renovaci\u00f3n en sus franjas horarias, LS11 Radio Provincia de Buenos Aires estren\u00f3 su nueva temporada. La jornada informativa arranca a las 6.00 horas con &#8220;No Duerman&#8221;, conducido por Patricia Berl\u00edn, seguido del cl\u00e1sico &#8220;Napalm&#8221;, de 7.00 a 9.00 horas, con Rinconet &hellip; <a href=\"https:\/\/amplitudmodulada.com.ar\/index.php\/noticia14283\/\" class=\"more-link\">Continu\u00e1 leyendo <span class=\"screen-reader-text\">Radio Provincia renueva su grilla de programaci\u00f3n<\/span><\/a><\/p>\n","protected":false},"author":1,"featured_media":0,"parent":0,"menu_order":0,"comment_status":"closed","ping_status":"closed","template":"","meta":{"footnotes":""},"class_list":["post-11815","page","type-page","status-publish","hentry"],"_links":{"self":[{"href":"https:\/\/amplitudmodulada.com.ar\/index.php\/wp-json\/wp\/v2\/pages\/11815","targetHints":{"allow":["GET"]}}],"collection":[{"href":"https:\/\/amplitudmodulada.com.ar\/index.php\/wp-json\/wp\/v2\/pages"}],"about":[{"href":"https:\/\/amplitudmodulada.com.ar\/index.php\/wp-json\/wp\/v2\/types\/page"}],"author":[{"embeddable":true,"href":"https:\/\/amplitudmodulada.com.ar\/index.php\/wp-json\/wp\/v2\/users\/1"}],"replies":[{"embeddable":true,"href":"https:\/\/amplitudmodulada.com.ar\/index.php\/wp-json\/wp\/v2\/comments?post=11815"}],"version-history":[{"count":3,"href":"https:\/\/amplitudmodulada.com.ar\/index.php\/wp-json\/wp\/v2\/pages\/11815\/revisions"}],"predecessor-version":[{"id":11819,"href":"https:\/\/amplitudmodulada.com.ar\/index.php\/wp-json\/wp\/v2\/pages\/11815\/revisions\/11819"}],"wp:attachment":[{"href":"https:\/\/amplitudmodulada.com.ar\/index.php\/wp-json\/wp\/v2\/media?parent=11815"}],"curies":[{"name":"wp","href":"https:\/\/api.w.org\/{rel}","templated":true}]}}