{"id":11822,"date":"2026-05-08T20:46:08","date_gmt":"2026-05-08T23:46:08","guid":{"rendered":"https:\/\/amplitudmodulada.com.ar\/?page_id=11822"},"modified":"2026-05-08T20:56:43","modified_gmt":"2026-05-08T23:56:43","slug":"noticia14284","status":"publish","type":"page","link":"https:\/\/amplitudmodulada.com.ar\/index.php\/noticia14284\/","title":{"rendered":"Suma rechazos la concesi\u00f3n de los medios p\u00fablicos de la Ciudad de Buenos Aires"},"content":{"rendered":"\n<figure class=\"wp-block-image size-large is-resized\"><img loading=\"lazy\" decoding=\"async\" width=\"1024\" height=\"576\" src=\"http:\/\/amplitudmodulada.com.ar\/wp-content\/uploads\/2024\/01\/1110-1024x576.jpg\" alt=\"\" class=\"wp-image-685\" style=\"width:146px;height:auto\"\/><\/figure>\n\n\n\n<p>La Asamblea de Trabajadores de los Medios P\u00fablicos de la Ciudad de Buenos Aires realzar\u00e1 este mi\u00e9rcoles 8 de abri una conferencia de prensa para rechazar la decisi\u00f3n del gobierno de Jorge Macri de concesionar los medios p\u00fablicos porte\u00f1os.<\/p>\n\n\n\n<p>Dichos medios incluyen a LS1 Radio de la Ciudad, la emisora de Frecuencia Modulada La 2&#215;4 y el Canal de la Ciudad.<\/p>\n\n\n\n<p>El gobierno de la Ciudad de Buenos Aires ya public\u00f3 los pliegos para esta licitaci\u00f3n y la apertura de sobres con los oferentes est\u00e1 prevista para el 20 de abril.<\/p>\n\n\n\n<p>Seg\u00fan aseguran desde la Asamblea de Trabajadores de los Medios P\u00fablicos de la Ciudad de Buenos Aires, esta medida viola el art\u00edculo 47 de la Constituci\u00f3n de la Ciudad de Buenos Aire y barre con los casi cien a\u00f1os de Radio de la Ciudad, los veinticinco a\u00f1os de historia de La 2&#215;4 y los veintitr\u00e9s del Canal de la Ciudad.<\/p>\n\n\n\n<p>Adem\u00b4sa, vulnera el derecho a la informaci\u00f3n y pone el riesgo el empleo de m\u00e1s de cuatrocientos trabajadores.<\/p>\n\n\n\n<p>&#8220;Los medios p\u00fablicos cumplen una funci\u00f3n esencial para la comunicaci\u00f3n democr\u00e1tica: informar con criterios de inter\u00e9s general, dar lugar y promover todas las voces, fomentar la cultura y generar de interacci\u00f3n para y con los vecinos de la Ciudad&#8221;, sostuvo la entidad.<\/p>\n\n\n\n<p>08.04.26<\/p>\n","protected":false},"excerpt":{"rendered":"<p>La Asamblea de Trabajadores de los Medios P\u00fablicos de la Ciudad de Buenos Aires realzar\u00e1 este mi\u00e9rcoles 8 de abri una conferencia de prensa para rechazar la decisi\u00f3n del gobierno de Jorge Macri de concesionar los medios p\u00fablicos porte\u00f1os. Dichos medios incluyen a LS1 Radio de la Ciudad, la emisora de Frecuencia Modulada La 2&#215;4 &hellip; <a href=\"https:\/\/amplitudmodulada.com.ar\/index.php\/noticia14284\/\" class=\"more-link\">Continu\u00e1 leyendo <span class=\"screen-reader-text\">Suma rechazos la concesi\u00f3n de los medios p\u00fablicos de la Ciudad de Buenos Aires<\/span><\/a><\/p>\n","protected":false},"author":1,"featured_media":0,"parent":0,"menu_order":0,"comment_status":"closed","ping_status":"closed","template":"","meta":{"footnotes":""},"class_list":["post-11822","page","type-page","status-publish","hentry"],"_links":{"self":[{"href":"https:\/\/amplitudmodulada.com.ar\/index.php\/wp-json\/wp\/v2\/pages\/11822","targetHints":{"allow":["GET"]}}],"collection":[{"href":"https:\/\/amplitudmodulada.com.ar\/index.php\/wp-json\/wp\/v2\/pages"}],"about":[{"href":"https:\/\/amplitudmodulada.com.ar\/index.php\/wp-json\/wp\/v2\/types\/page"}],"author":[{"embeddable":true,"href":"https:\/\/amplitudmodulada.com.ar\/index.php\/wp-json\/wp\/v2\/users\/1"}],"replies":[{"embeddable":true,"href":"https:\/\/amplitudmodulada.com.ar\/index.php\/wp-json\/wp\/v2\/comments?post=11822"}],"version-history":[{"count":2,"href":"https:\/\/amplitudmodulada.com.ar\/index.php\/wp-json\/wp\/v2\/pages\/11822\/revisions"}],"predecessor-version":[{"id":11825,"href":"https:\/\/amplitudmodulada.com.ar\/index.php\/wp-json\/wp\/v2\/pages\/11822\/revisions\/11825"}],"wp:attachment":[{"href":"https:\/\/amplitudmodulada.com.ar\/index.php\/wp-json\/wp\/v2\/media?parent=11822"}],"curies":[{"name":"wp","href":"https:\/\/api.w.org\/{rel}","templated":true}]}}