{"id":11845,"date":"2026-05-10T18:31:03","date_gmt":"2026-05-10T21:31:03","guid":{"rendered":"https:\/\/amplitudmodulada.com.ar\/?page_id=11845"},"modified":"2026-05-10T18:38:03","modified_gmt":"2026-05-10T21:38:03","slug":"noticia14287","status":"publish","type":"page","link":"https:\/\/amplitudmodulada.com.ar\/index.php\/noticia14287\/","title":{"rendered":"Radio Mitre lidera las mediciones de audiencia con el 33,53% de share"},"content":{"rendered":"\n<figure class=\"wp-block-image size-large is-resized\"><img loading=\"lazy\" decoding=\"async\" width=\"1024\" height=\"532\" src=\"http:\/\/amplitudmodulada.com.ar\/wp-content\/uploads\/2024\/01\/790-1024x532.png\" alt=\"\" class=\"wp-image-268\" style=\"width:136px;height:auto\"\/><\/figure>\n\n\n\n<p>De acuerdo a las \u00faltimas mediciones de audiencia realizadas por Kantar Ibope Media correspondientes al trimestre comprendido entre enero y marzo de este a\u00f1o, LR6 Radio Mitre es la emisora de Amplitud Modulada m\u00e1s escuchada con el 33,53% de share.<\/p>\n\n\n\n<p>Seg\u00fan el mismo estudio, el segundo lugar lo ocupa LRL202 Radio 10, con el 15,90% de share.<\/p>\n\n\n\n<p>M\u00e1s atr\u00e1s se ubican LR5 Radio La Red, con el 15,54%, LS5 Radio Rivadavia, con el 11,00%, LR1 El Destape Radio, con el 7,45%, LRL203 Radio 750, con el 4,82%, LS4 Radio Continental, con el 4,23%, LRA1 Radio Nacional Buenos Aires, con el 3,30%, y LR4 Radio Splendid, con el 1,88%.<\/p>\n\n\n\n<p>Entre las emisoras de Frecuencia Modulada el primer lugar lo ocupa La 100, con el 22,06% de share.<\/p>\n\n\n\n<p>M\u00e1s atr\u00e1s se ubican FM Aspen, Radio Disney, Rock &amp; Pop, Mega, Urbana Play y Pop.<\/p>\n\n\n\n<p>09.04.26<\/p>\n","protected":false},"excerpt":{"rendered":"<p>De acuerdo a las \u00faltimas mediciones de audiencia realizadas por Kantar Ibope Media correspondientes al trimestre comprendido entre enero y marzo de este a\u00f1o, LR6 Radio Mitre es la emisora de Amplitud Modulada m\u00e1s escuchada con el 33,53% de share. Seg\u00fan el mismo estudio, el segundo lugar lo ocupa LRL202 Radio 10, con el 15,90% &hellip; <a href=\"https:\/\/amplitudmodulada.com.ar\/index.php\/noticia14287\/\" class=\"more-link\">Continu\u00e1 leyendo <span class=\"screen-reader-text\">Radio Mitre lidera las mediciones de audiencia con el 33,53% de share<\/span><\/a><\/p>\n","protected":false},"author":1,"featured_media":0,"parent":0,"menu_order":0,"comment_status":"closed","ping_status":"closed","template":"","meta":{"footnotes":""},"class_list":["post-11845","page","type-page","status-publish","hentry"],"_links":{"self":[{"href":"https:\/\/amplitudmodulada.com.ar\/index.php\/wp-json\/wp\/v2\/pages\/11845","targetHints":{"allow":["GET"]}}],"collection":[{"href":"https:\/\/amplitudmodulada.com.ar\/index.php\/wp-json\/wp\/v2\/pages"}],"about":[{"href":"https:\/\/amplitudmodulada.com.ar\/index.php\/wp-json\/wp\/v2\/types\/page"}],"author":[{"embeddable":true,"href":"https:\/\/amplitudmodulada.com.ar\/index.php\/wp-json\/wp\/v2\/users\/1"}],"replies":[{"embeddable":true,"href":"https:\/\/amplitudmodulada.com.ar\/index.php\/wp-json\/wp\/v2\/comments?post=11845"}],"version-history":[{"count":2,"href":"https:\/\/amplitudmodulada.com.ar\/index.php\/wp-json\/wp\/v2\/pages\/11845\/revisions"}],"predecessor-version":[{"id":11848,"href":"https:\/\/amplitudmodulada.com.ar\/index.php\/wp-json\/wp\/v2\/pages\/11845\/revisions\/11848"}],"wp:attachment":[{"href":"https:\/\/amplitudmodulada.com.ar\/index.php\/wp-json\/wp\/v2\/media?parent=11845"}],"curies":[{"name":"wp","href":"https:\/\/api.w.org\/{rel}","templated":true}]}}