{"id":11851,"date":"2026-05-10T18:45:52","date_gmt":"2026-05-10T21:45:52","guid":{"rendered":"https:\/\/amplitudmodulada.com.ar\/?page_id=11851"},"modified":"2026-05-10T19:02:10","modified_gmt":"2026-05-10T22:02:10","slug":"noticia14288","status":"publish","type":"page","link":"https:\/\/amplitudmodulada.com.ar\/index.php\/noticia14288\/","title":{"rendered":"Advierten sobre un posible caso de censura en LRA3 Radio Nacional Santa Rosa"},"content":{"rendered":"\n<figure class=\"wp-block-image size-full\"><img loading=\"lazy\" decoding=\"async\" width=\"110\" height=\"110\" src=\"http:\/\/amplitudmodulada.com.ar\/wp-content\/uploads\/2024\/10\/LRA-e1728000015658.jpg\" alt=\"\" class=\"wp-image-4179\"\/><\/figure>\n\n\n\n<p>El Foro de Periodismo Argentino (FOPEA) advirti\u00f3 sobre un posible caso de censura en LRA3 Radio Nacional Santa Rosa, donde la periodista Mariana Cornejo fue apartada de la conducci\u00f3n de su programa sin ninguna explicaci\u00f3n.<\/p>\n\n\n\n<p>Desde FOPEA sostuvieron que &#8220;a juzgar por el contexto, podr\u00eda obedecer a restricciones en cuanto a contenidos, lo que implicar\u00eda censura&#8221;.<\/p>\n\n\n\n<p>Mariana Cornejo estaba al frente desde hace dos a\u00f1os en Radio Nacional Santa Rosa del programa period\u00edstico matutino &#8220;Rebeldes sin Cauce&#8221;.<\/p>\n\n\n\n<p>D\u00edas atr\u00e1s, fue reubicada en el \u00e1rea de producci\u00f3n de la emisora aunque, seg\u00fan se\u00f1al\u00f3 la profesional, no se le asignaron tareas concretas.<\/p>\n\n\n\n<p>De acuerdo al comunicado, la decisi\u00f3n se produjo luego de una visita a la emisora de directivos de Radio Nacional a la emisora de Santa Rosa.<\/p>\n\n\n\n<p>Si bien no hubo objeciones formales sobre la programaci\u00f3n, se mencionaron los micros realizados por Mariana Cornejo sobre el golpe de Estado en La Pampa.<\/p>\n\n\n\n<p>En ese marco, FOPEA indic\u00f3 que esos contenidos fueron valorados por su calidad, pero desde Buenos Aires se habr\u00eda impartido una orden interna para que ninguna emisora realizara programas especiales vinculados al 24 de marzo.<\/p>\n\n\n\n<p>Seg\u00fan el reporte, el jueves 19 de marzo, la periodista fue notificada telef\u00f3nicamente de que al d\u00eda siguiente dejaba de estar al aire y pasaba a desempe\u00f1arse en otra \u00e1rea de la emisora.<\/p>\n\n\n\n<p>Fuente: <a href=\"http:\/\/www.eldiariodelapampa.com.ar\" data-type=\"link\" data-id=\"www.eldiariodelapampa.com.ar\" target=\"_blank\" rel=\"noreferrer noopener\">www.eldiariodelapampa.com.a<\/a>r | Santa Rosa &#8211; La Pampa | 10.04.26<\/p>\n","protected":false},"excerpt":{"rendered":"<p>El Foro de Periodismo Argentino (FOPEA) advirti\u00f3 sobre un posible caso de censura en LRA3 Radio Nacional Santa Rosa, donde la periodista Mariana Cornejo fue apartada de la conducci\u00f3n de su programa sin ninguna explicaci\u00f3n. Desde FOPEA sostuvieron que &#8220;a juzgar por el contexto, podr\u00eda obedecer a restricciones en cuanto a contenidos, lo que implicar\u00eda &hellip; <a href=\"https:\/\/amplitudmodulada.com.ar\/index.php\/noticia14288\/\" class=\"more-link\">Continu\u00e1 leyendo <span class=\"screen-reader-text\">Advierten sobre un posible caso de censura en LRA3 Radio Nacional Santa Rosa<\/span><\/a><\/p>\n","protected":false},"author":1,"featured_media":0,"parent":0,"menu_order":0,"comment_status":"closed","ping_status":"closed","template":"","meta":{"footnotes":""},"class_list":["post-11851","page","type-page","status-publish","hentry"],"_links":{"self":[{"href":"https:\/\/amplitudmodulada.com.ar\/index.php\/wp-json\/wp\/v2\/pages\/11851","targetHints":{"allow":["GET"]}}],"collection":[{"href":"https:\/\/amplitudmodulada.com.ar\/index.php\/wp-json\/wp\/v2\/pages"}],"about":[{"href":"https:\/\/amplitudmodulada.com.ar\/index.php\/wp-json\/wp\/v2\/types\/page"}],"author":[{"embeddable":true,"href":"https:\/\/amplitudmodulada.com.ar\/index.php\/wp-json\/wp\/v2\/users\/1"}],"replies":[{"embeddable":true,"href":"https:\/\/amplitudmodulada.com.ar\/index.php\/wp-json\/wp\/v2\/comments?post=11851"}],"version-history":[{"count":2,"href":"https:\/\/amplitudmodulada.com.ar\/index.php\/wp-json\/wp\/v2\/pages\/11851\/revisions"}],"predecessor-version":[{"id":11854,"href":"https:\/\/amplitudmodulada.com.ar\/index.php\/wp-json\/wp\/v2\/pages\/11851\/revisions\/11854"}],"wp:attachment":[{"href":"https:\/\/amplitudmodulada.com.ar\/index.php\/wp-json\/wp\/v2\/media?parent=11851"}],"curies":[{"name":"wp","href":"https:\/\/api.w.org\/{rel}","templated":true}]}}