{"id":11858,"date":"2026-05-11T20:10:05","date_gmt":"2026-05-11T23:10:05","guid":{"rendered":"https:\/\/amplitudmodulada.com.ar\/?page_id=11858"},"modified":"2026-05-11T20:28:14","modified_gmt":"2026-05-11T23:28:14","slug":"noticia14289","status":"publish","type":"page","link":"https:\/\/amplitudmodulada.com.ar\/index.php\/noticia14289\/","title":{"rendered":"LU5 Radio Neuqu\u00e9n anunci\u00f3 que tambi\u00e9n emitir\u00e1 por streaming"},"content":{"rendered":"\n<figure class=\"wp-block-image size-full\"><img loading=\"lazy\" decoding=\"async\" width=\"176\" height=\"70\" src=\"http:\/\/amplitudmodulada.com.ar\/wp-content\/uploads\/2024\/02\/LU5-e1708514001435.png\" alt=\"\" class=\"wp-image-975\"\/><\/figure>\n\n\n\n<p>En el marco del 81\u00ba aniversario de su primera emisi\u00f3n, LU5 Radio Neuqu\u00e9n anunci\u00f3 este viernes 10 de abril que en pocos d\u00edas m\u00e1s tambi\u00e9n transmitir\u00e1 por streaming.<\/p>\n\n\n\n<p>El anuncio fue realizado por el director de Radio Neuqu\u00e9n, Juan Carlos Schroeder, quien, en el marco de los festejos por un nuevo aniversario, destac\u00f3 el valor hist\u00f3rico de la emisora en la regi\u00f3n, record\u00f3 an\u00e9cdotas de sus comienzos y adelant\u00f3 la incorporaci\u00f3n del streaming como nueva plataforma para aumentar la audiencia.<\/p>\n\n\n\n<p>Seg\u00fan detall\u00f3 el directivo, el proyecto ya est\u00e1 en marcha y podr\u00eda concretarse en el corto plazo.<\/p>\n\n\n\n<p>&#8220;La idea es que sea en menos de treinta d\u00edas&#8221;, explic\u00f3, aunque a\u00f1adi\u00f3 que &#8220;no voy a decir la fecha porque va a ser sorpresa&#8221;.<\/p>\n\n\n\n<p>El objetivo de la incorporaci\u00f3n del streaming es adaptarse a las nuevas formas de consumo sin perder la esencia radial.<\/p>\n\n\n\n<p>&#8220;Hay gente que nos va a seguir escuchando siempre por la radio, pero hay gente que necesita vernos&#8221;, explic\u00f3 el director de Radio Neuqu\u00e9n.<\/p>\n\n\n\n<p>En ese sentido, aclar\u00f3 que no se trata simplemente de sumar c\u00e1maras al estudio de transmisi\u00f3n y subray\u00f3 que el desaf\u00edo es acompa\u00f1ar los cambios tecnol\u00f3gicos sin resignar la identidad construida a lo largo de m\u00e1s de ocho d\u00e9cadas.<\/p>\n\n\n\n<p>&#8220;Queremos pasar a la pr\u00f3xima etapa, acompa\u00f1ando la tecnolog\u00eda y el proceso de digitalizaci\u00f3n, pero sin perder todo lo que hemos logrado en estos primeros ochenta y un a\u00f1os&#8221;, concluy\u00f3.<\/p>\n\n\n\n<p>Fuente: <a href=\"http:\/\/www.lmneuquen.com\" data-type=\"link\" data-id=\"www.lmneuquen.com\" target=\"_blank\" rel=\"noreferrer noopener\">www.lmneuquen.com<\/a> | Neuqu\u00e9n &#8211; Neuqu\u00e9n | 10.04.26<\/p>\n\n\n\n<p><\/p>\n","protected":false},"excerpt":{"rendered":"<p>En el marco del 81\u00ba aniversario de su primera emisi\u00f3n, LU5 Radio Neuqu\u00e9n anunci\u00f3 este viernes 10 de abril que en pocos d\u00edas m\u00e1s tambi\u00e9n transmitir\u00e1 por streaming. El anuncio fue realizado por el director de Radio Neuqu\u00e9n, Juan Carlos Schroeder, quien, en el marco de los festejos por un nuevo aniversario, destac\u00f3 el valor &hellip; <a href=\"https:\/\/amplitudmodulada.com.ar\/index.php\/noticia14289\/\" class=\"more-link\">Continu\u00e1 leyendo <span class=\"screen-reader-text\">LU5 Radio Neuqu\u00e9n anunci\u00f3 que tambi\u00e9n emitir\u00e1 por streaming<\/span><\/a><\/p>\n","protected":false},"author":1,"featured_media":0,"parent":0,"menu_order":0,"comment_status":"closed","ping_status":"closed","template":"","meta":{"footnotes":""},"class_list":["post-11858","page","type-page","status-publish","hentry"],"_links":{"self":[{"href":"https:\/\/amplitudmodulada.com.ar\/index.php\/wp-json\/wp\/v2\/pages\/11858","targetHints":{"allow":["GET"]}}],"collection":[{"href":"https:\/\/amplitudmodulada.com.ar\/index.php\/wp-json\/wp\/v2\/pages"}],"about":[{"href":"https:\/\/amplitudmodulada.com.ar\/index.php\/wp-json\/wp\/v2\/types\/page"}],"author":[{"embeddable":true,"href":"https:\/\/amplitudmodulada.com.ar\/index.php\/wp-json\/wp\/v2\/users\/1"}],"replies":[{"embeddable":true,"href":"https:\/\/amplitudmodulada.com.ar\/index.php\/wp-json\/wp\/v2\/comments?post=11858"}],"version-history":[{"count":3,"href":"https:\/\/amplitudmodulada.com.ar\/index.php\/wp-json\/wp\/v2\/pages\/11858\/revisions"}],"predecessor-version":[{"id":11863,"href":"https:\/\/amplitudmodulada.com.ar\/index.php\/wp-json\/wp\/v2\/pages\/11858\/revisions\/11863"}],"wp:attachment":[{"href":"https:\/\/amplitudmodulada.com.ar\/index.php\/wp-json\/wp\/v2\/media?parent=11858"}],"curies":[{"name":"wp","href":"https:\/\/api.w.org\/{rel}","templated":true}]}}