{"id":11866,"date":"2026-05-16T19:08:12","date_gmt":"2026-05-16T22:08:12","guid":{"rendered":"https:\/\/amplitudmodulada.com.ar\/?page_id=11866"},"modified":"2026-05-16T19:16:39","modified_gmt":"2026-05-16T22:16:39","slug":"noticia14290","status":"publish","type":"page","link":"https:\/\/amplitudmodulada.com.ar\/index.php\/noticia14290\/","title":{"rendered":"Amenazan de muerte al periodista Ignacio Ortelli"},"content":{"rendered":"\n<figure class=\"wp-block-image size-full\"><img loading=\"lazy\" decoding=\"async\" width=\"174\" height=\"60\" src=\"http:\/\/amplitudmodulada.com.ar\/wp-content\/uploads\/2024\/01\/630-e1704586384620.png\" alt=\"\" class=\"wp-image-115\"\/><\/figure>\n\n\n\n<p>El periodista Ignacio Ortelli, conductor del programa &#8220;Esta Ma\u00f1ana&#8221; en LS5 Radio Rivadavia y panelista en la se\u00f1al televisiva A24, recibi\u00f3 amenazas de muerte a trav\u00e9s de la red social Instagram.<\/p>\n\n\n\n<p>Seg\u00fan denunci\u00f3 el propio periodista, un usuario identificado como Franco Zalazar le envi\u00f3 un mensaje directo tras ver una historia que Ignacio Ortelli hab\u00eda publicado mostrando su jornada laboral en los estudios de Radio Rivadavia.<\/p>\n\n\n\n<p>&#8220;Que lindo va a ser cuando te encuentren con un tiro en la cabeza&#8221;, dec\u00eda textualmente el mensaje.<\/p>\n\n\n\n<p>Ignacio Ortelli decidi\u00f3 exponer p\u00fablicamente la amenaza en su cuenta de X, donde comparti\u00f3 la captura de pantalla del mensaje y se\u00f1al\u00f3 que el agresor lo bloque\u00f3 inmediatamente despu\u00e9s de amenazarlo.<\/p>\n\n\n\n<p>Desde Radio Rivadavia y A24 repudiaron el hecho y se confirm\u00f3 que ya se realiz\u00f3 la denuncia penal correspondiente, la cual est\u00e1 siendo investigada por la Justicia.<\/p>\n\n\n\n<p>13.04.26<\/p>\n","protected":false},"excerpt":{"rendered":"<p>El periodista Ignacio Ortelli, conductor del programa &#8220;Esta Ma\u00f1ana&#8221; en LS5 Radio Rivadavia y panelista en la se\u00f1al televisiva A24, recibi\u00f3 amenazas de muerte a trav\u00e9s de la red social Instagram. Seg\u00fan denunci\u00f3 el propio periodista, un usuario identificado como Franco Zalazar le envi\u00f3 un mensaje directo tras ver una historia que Ignacio Ortelli hab\u00eda &hellip; <a href=\"https:\/\/amplitudmodulada.com.ar\/index.php\/noticia14290\/\" class=\"more-link\">Continu\u00e1 leyendo <span class=\"screen-reader-text\">Amenazan de muerte al periodista Ignacio Ortelli<\/span><\/a><\/p>\n","protected":false},"author":1,"featured_media":0,"parent":0,"menu_order":0,"comment_status":"closed","ping_status":"closed","template":"","meta":{"footnotes":""},"class_list":["post-11866","page","type-page","status-publish","hentry"],"_links":{"self":[{"href":"https:\/\/amplitudmodulada.com.ar\/index.php\/wp-json\/wp\/v2\/pages\/11866","targetHints":{"allow":["GET"]}}],"collection":[{"href":"https:\/\/amplitudmodulada.com.ar\/index.php\/wp-json\/wp\/v2\/pages"}],"about":[{"href":"https:\/\/amplitudmodulada.com.ar\/index.php\/wp-json\/wp\/v2\/types\/page"}],"author":[{"embeddable":true,"href":"https:\/\/amplitudmodulada.com.ar\/index.php\/wp-json\/wp\/v2\/users\/1"}],"replies":[{"embeddable":true,"href":"https:\/\/amplitudmodulada.com.ar\/index.php\/wp-json\/wp\/v2\/comments?post=11866"}],"version-history":[{"count":3,"href":"https:\/\/amplitudmodulada.com.ar\/index.php\/wp-json\/wp\/v2\/pages\/11866\/revisions"}],"predecessor-version":[{"id":11870,"href":"https:\/\/amplitudmodulada.com.ar\/index.php\/wp-json\/wp\/v2\/pages\/11866\/revisions\/11870"}],"wp:attachment":[{"href":"https:\/\/amplitudmodulada.com.ar\/index.php\/wp-json\/wp\/v2\/media?parent=11866"}],"curies":[{"name":"wp","href":"https:\/\/api.w.org\/{rel}","templated":true}]}}