{"id":1265,"date":"2024-03-16T17:30:47","date_gmt":"2024-03-16T20:30:47","guid":{"rendered":"https:\/\/amplitudmodulada.com.ar\/?page_id=1265"},"modified":"2024-03-16T17:38:08","modified_gmt":"2024-03-16T20:38:08","slug":"noticia12926","status":"publish","type":"page","link":"https:\/\/amplitudmodulada.com.ar\/index.php\/noticia12926\/","title":{"rendered":"El productor de m\u00fasica, cine y teatro H\u00e9ctor Cavallero es el nuevo director de Radio Nacional"},"content":{"rendered":"\n<figure class=\"wp-block-image size-full\"><img loading=\"lazy\" decoding=\"async\" width=\"138\" height=\"100\" src=\"http:\/\/amplitudmodulada.com.ar\/wp-content\/uploads\/2024\/01\/LRA-e1704493215157.png\" alt=\"\" class=\"wp-image-8\"\/><\/figure>\n\n\n\n<p>El productor de m\u00fasica, cine y teatro H\u00e9ctor Cavallero fue designado como director ejecutivo de Radio Nacional.<\/p>\n\n\n\n<p>El actual director de la Licenciatura en Artes Esc\u00e9nicas de la Universidad Argentina de la Empresa arranc\u00f3 su carrera, que ya lleva m\u00e1s de medio siglo, en la producci\u00f3n de teatro y representaci\u00f3n de grupos musicales.<\/p>\n\n\n\n<p>Desde 1972, trajo a la Argentina a artistas internacionales como Michael Jackson, Gloria Gaynor, Ray Charles y Liza Minelli, entre otros.<\/p>\n\n\n\n<p>Adem\u00e1s, co produjo m\u00e1s de cincuenta recitales entre los que se destacan los de Madonna, Ricky Martin, Soda St\u00e9reo y Roger Waters.<\/p>\n\n\n\n<p>Fue tambi\u00e9n productor musical y manager de artistas como Valeria Lynch, Alejandro Lerner, Los Nocheros, Leonardo Favio y Maximiliano Guerra.<\/p>\n\n\n\n<p>En cine, co produjo pel\u00edculas como &#8220;La Mary&#8221;, con Susana Gim\u00e9nez y Carlos Monz\u00f3n, y &#8220;La Tregua&#8221;, que fue la primera pel\u00edcula argentina nominada al Oscar.<\/p>\n\n\n\n<p>Fuente: <a href=\"http:\/\/www.clarin.com\" data-type=\"link\" data-id=\"www.clarin.com\" target=\"_blank\" rel=\"noreferrer noopener\">www.clarin.com<\/a> | Ciudad Aut\u00f3noma de Buenos Aires | 26.02.24<\/p>\n","protected":false},"excerpt":{"rendered":"<p>El productor de m\u00fasica, cine y teatro H\u00e9ctor Cavallero fue designado como director ejecutivo de Radio Nacional. El actual director de la Licenciatura en Artes Esc\u00e9nicas de la Universidad Argentina de la Empresa arranc\u00f3 su carrera, que ya lleva m\u00e1s de medio siglo, en la producci\u00f3n de teatro y representaci\u00f3n de grupos musicales. Desde 1972, &hellip; <a href=\"https:\/\/amplitudmodulada.com.ar\/index.php\/noticia12926\/\" class=\"more-link\">Continu\u00e1 leyendo <span class=\"screen-reader-text\">El productor de m\u00fasica, cine y teatro H\u00e9ctor Cavallero es el nuevo director de Radio Nacional<\/span><\/a><\/p>\n","protected":false},"author":1,"featured_media":0,"parent":0,"menu_order":0,"comment_status":"closed","ping_status":"closed","template":"","meta":{"footnotes":""},"class_list":["post-1265","page","type-page","status-publish","hentry"],"_links":{"self":[{"href":"https:\/\/amplitudmodulada.com.ar\/index.php\/wp-json\/wp\/v2\/pages\/1265","targetHints":{"allow":["GET"]}}],"collection":[{"href":"https:\/\/amplitudmodulada.com.ar\/index.php\/wp-json\/wp\/v2\/pages"}],"about":[{"href":"https:\/\/amplitudmodulada.com.ar\/index.php\/wp-json\/wp\/v2\/types\/page"}],"author":[{"embeddable":true,"href":"https:\/\/amplitudmodulada.com.ar\/index.php\/wp-json\/wp\/v2\/users\/1"}],"replies":[{"embeddable":true,"href":"https:\/\/amplitudmodulada.com.ar\/index.php\/wp-json\/wp\/v2\/comments?post=1265"}],"version-history":[{"count":2,"href":"https:\/\/amplitudmodulada.com.ar\/index.php\/wp-json\/wp\/v2\/pages\/1265\/revisions"}],"predecessor-version":[{"id":1268,"href":"https:\/\/amplitudmodulada.com.ar\/index.php\/wp-json\/wp\/v2\/pages\/1265\/revisions\/1268"}],"wp:attachment":[{"href":"https:\/\/amplitudmodulada.com.ar\/index.php\/wp-json\/wp\/v2\/media?parent=1265"}],"curies":[{"name":"wp","href":"https:\/\/api.w.org\/{rel}","templated":true}]}}