{"id":128,"date":"2024-01-06T22:18:14","date_gmt":"2024-01-07T01:18:14","guid":{"rendered":"https:\/\/amplitudmodulada.com.ar\/?page_id=128"},"modified":"2024-01-06T22:22:24","modified_gmt":"2024-01-07T01:22:24","slug":"noticia12808","status":"publish","type":"page","link":"https:\/\/amplitudmodulada.com.ar\/index.php\/noticia12808\/","title":{"rendered":"Comenz\u00f3 este martes el programa &#8220;Santo Continental&#8221;"},"content":{"rendered":"\n<figure class=\"wp-block-image size-full\"><img loading=\"lazy\" decoding=\"async\" width=\"178\" height=\"51\" src=\"http:\/\/amplitudmodulada.com.ar\/wp-content\/uploads\/2024\/01\/590-e1704494003192.png\" alt=\"\" class=\"wp-image-14\"\/><\/figure>\n\n\n\n<p>El periodista Santo Biasatti debut\u00f3 este martes 2 de enero en LS4 Radio Continental. Conduce el programa &#8220;Santo Continental&#8221; de lunes a viernes de 7.00 a 10.oo horas.<\/p>\n\n\n\n<p>Santo Biasatti estar\u00e1 acompa\u00f1ado en &#8220;Santo Continental&#8221; por Daniel L\u00f3pez, en la informaci\u00f3n general, Pablo Difonti, en deportes, Mar\u00eda Helena Ripetta, con las noticias policiales y judiciales, y Marcelo Stiletano, con cultura y espect\u00e1culos.<\/p>\n\n\n\n<p>Asimismo, el programa &#8220;Primera Hora&#8221;, un cl\u00e1sico de Radio Continental que conduce Daniel L\u00f3pez, sum\u00f3 una hora y desde este a\u00f1o sale al aire de lunes a viernes de 5.00 a 7.00 horas.<\/p>\n\n\n\n<p>Fuente: <a href=\"http:\/\/www.lanacion.com.ar\" data-type=\"link\" data-id=\"www.lanacion.com.ar\" target=\"_blank\" rel=\"noreferrer noopener\">www.lanacion.com.ar<\/a> | Ciudad Aut\u00f3noma de Buenos Aires | 02.01.24 <\/p>\n","protected":false},"excerpt":{"rendered":"<p>El periodista Santo Biasatti debut\u00f3 este martes 2 de enero en LS4 Radio Continental. Conduce el programa &#8220;Santo Continental&#8221; de lunes a viernes de 7.00 a 10.oo horas. Santo Biasatti estar\u00e1 acompa\u00f1ado en &#8220;Santo Continental&#8221; por Daniel L\u00f3pez, en la informaci\u00f3n general, Pablo Difonti, en deportes, Mar\u00eda Helena Ripetta, con las noticias policiales y judiciales, &hellip; <a href=\"https:\/\/amplitudmodulada.com.ar\/index.php\/noticia12808\/\" class=\"more-link\">Continu\u00e1 leyendo <span class=\"screen-reader-text\">Comenz\u00f3 este martes el programa &#8220;Santo Continental&#8221;<\/span><\/a><\/p>\n","protected":false},"author":1,"featured_media":0,"parent":0,"menu_order":0,"comment_status":"closed","ping_status":"closed","template":"","meta":{"footnotes":""},"class_list":["post-128","page","type-page","status-publish","hentry"],"_links":{"self":[{"href":"https:\/\/amplitudmodulada.com.ar\/index.php\/wp-json\/wp\/v2\/pages\/128","targetHints":{"allow":["GET"]}}],"collection":[{"href":"https:\/\/amplitudmodulada.com.ar\/index.php\/wp-json\/wp\/v2\/pages"}],"about":[{"href":"https:\/\/amplitudmodulada.com.ar\/index.php\/wp-json\/wp\/v2\/types\/page"}],"author":[{"embeddable":true,"href":"https:\/\/amplitudmodulada.com.ar\/index.php\/wp-json\/wp\/v2\/users\/1"}],"replies":[{"embeddable":true,"href":"https:\/\/amplitudmodulada.com.ar\/index.php\/wp-json\/wp\/v2\/comments?post=128"}],"version-history":[{"count":2,"href":"https:\/\/amplitudmodulada.com.ar\/index.php\/wp-json\/wp\/v2\/pages\/128\/revisions"}],"predecessor-version":[{"id":132,"href":"https:\/\/amplitudmodulada.com.ar\/index.php\/wp-json\/wp\/v2\/pages\/128\/revisions\/132"}],"wp:attachment":[{"href":"https:\/\/amplitudmodulada.com.ar\/index.php\/wp-json\/wp\/v2\/media?parent=128"}],"curies":[{"name":"wp","href":"https:\/\/api.w.org\/{rel}","templated":true}]}}