{"id":1291,"date":"2024-03-16T18:59:23","date_gmt":"2024-03-16T21:59:23","guid":{"rendered":"https:\/\/amplitudmodulada.com.ar\/?page_id=1291"},"modified":"2024-03-16T19:02:42","modified_gmt":"2024-03-16T22:02:42","slug":"radio0044","status":"publish","type":"page","link":"https:\/\/amplitudmodulada.com.ar\/index.php\/radio0044\/","title":{"rendered":"690 Khz. | LU19 AM 690"},"content":{"rendered":"\n<figure class=\"wp-block-image size-full\"><img loading=\"lazy\" decoding=\"async\" width=\"154\" height=\"60\" src=\"http:\/\/amplitudmodulada.com.ar\/wp-content\/uploads\/2024\/03\/0044-e1710626384170.jpg\" alt=\"\" class=\"wp-image-1293\"\/><\/figure>\n\n\n\n<figure class=\"wp-block-table\"><table><tbody><tr><td><img loading=\"lazy\" decoding=\"async\" width=\"20\" height=\"16\" class=\"wp-image-362\" style=\"width: 20px;\" src=\"http:\/\/amplitudmodulada.com.ar\/wp-content\/uploads\/2024\/01\/punto-e1705531001629.png\" alt=\"\"> Julio Argentino Roca 365<\/td><\/tr><tr><td><img loading=\"lazy\" decoding=\"async\" width=\"20\" height=\"16\" class=\"wp-image-362\" style=\"width: 20px;\" src=\"http:\/\/amplitudmodulada.com.ar\/wp-content\/uploads\/2024\/01\/punto-e1705531001629.png\" alt=\"\"> (R8324BPG) \u2013 Cipolletti \u2013 R\u00edo Negro<\/td><\/tr><tr><td><img loading=\"lazy\" decoding=\"async\" width=\"20\" height=\"16\" class=\"wp-image-362\" style=\"width: 20px;\" src=\"http:\/\/amplitudmodulada.com.ar\/wp-content\/uploads\/2024\/01\/punto-e1705531001629.png\" alt=\"\"> (0299) 477-7300<\/td><\/tr><tr><td><img loading=\"lazy\" decoding=\"async\" width=\"20\" height=\"16\" class=\"wp-image-362\" style=\"width: 20px;\" src=\"http:\/\/amplitudmodulada.com.ar\/wp-content\/uploads\/2024\/01\/punto-e1705531001629.png\" alt=\"\"> <a href=\"http:\/\/www.lu19.com.ar\" data-type=\"link\" data-id=\"www.lu19.com.ar\" target=\"_blank\" rel=\"noreferrer noopener\">www.lu19.com.ar<\/a><\/td><\/tr><tr><td><img loading=\"lazy\" decoding=\"async\" width=\"20\" height=\"16\" class=\"wp-image-362\" style=\"width: 20px;\" src=\"http:\/\/amplitudmodulada.com.ar\/wp-content\/uploads\/2024\/01\/punto-e1705531001629.png\" alt=\"\"> Emisora operada por Radio y Televisi\u00f3n R\u00edo Negro Sociedad del Estado<\/td><\/tr><\/tbody><\/table><\/figure>\n","protected":false},"excerpt":{"rendered":"<p>Julio Argentino Roca 365 (R8324BPG) \u2013 Cipolletti \u2013 R\u00edo Negro (0299) 477-7300 www.lu19.com.ar Emisora operada por Radio y Televisi\u00f3n R\u00edo Negro Sociedad del Estado<\/p>\n","protected":false},"author":1,"featured_media":0,"parent":0,"menu_order":0,"comment_status":"closed","ping_status":"closed","template":"","meta":{"footnotes":""},"class_list":["post-1291","page","type-page","status-publish","hentry"],"_links":{"self":[{"href":"https:\/\/amplitudmodulada.com.ar\/index.php\/wp-json\/wp\/v2\/pages\/1291","targetHints":{"allow":["GET"]}}],"collection":[{"href":"https:\/\/amplitudmodulada.com.ar\/index.php\/wp-json\/wp\/v2\/pages"}],"about":[{"href":"https:\/\/amplitudmodulada.com.ar\/index.php\/wp-json\/wp\/v2\/types\/page"}],"author":[{"embeddable":true,"href":"https:\/\/amplitudmodulada.com.ar\/index.php\/wp-json\/wp\/v2\/users\/1"}],"replies":[{"embeddable":true,"href":"https:\/\/amplitudmodulada.com.ar\/index.php\/wp-json\/wp\/v2\/comments?post=1291"}],"version-history":[{"count":2,"href":"https:\/\/amplitudmodulada.com.ar\/index.php\/wp-json\/wp\/v2\/pages\/1291\/revisions"}],"predecessor-version":[{"id":1295,"href":"https:\/\/amplitudmodulada.com.ar\/index.php\/wp-json\/wp\/v2\/pages\/1291\/revisions\/1295"}],"wp:attachment":[{"href":"https:\/\/amplitudmodulada.com.ar\/index.php\/wp-json\/wp\/v2\/media?parent=1291"}],"curies":[{"name":"wp","href":"https:\/\/api.w.org\/{rel}","templated":true}]}}